{"id":6206,"date":"2026-02-23T17:49:57","date_gmt":"2026-02-23T16:49:57","guid":{"rendered":"https:\/\/izoteryk.pl\/?post_type=product&#038;p=6206"},"modified":"2026-02-23T18:04:47","modified_gmt":"2026-02-23T17:04:47","slug":"drzewo-sandalowe-sandal-kadzidelka-patyczkowe-marki-hem-kopia","status":"publish","type":"product","link":"https:\/\/izoteryk.pl\/?product=drzewo-sandalowe-sandal-kadzidelka-patyczkowe-marki-hem-kopia","title":{"rendered":"Drzewo Sanda\u0142owe &#8211; Chandan &#8211; kadzide\u0142ka sto\u017ckowe HEM"},"content":{"rendered":"<p>Kadzide\u0142ka sto\u017ckowe HEM o zapachu chandan czyli drzewo sanda\u0142owe &#8211; dobre do medytacji &#8211; zapach sanda\u0142owca rozlu\u017ania, uspokaja.<\/p>\n<p>HEM to znana na ca\u0142ym \u015bwiecie indyjska marka naturalnych kadzide\u0142ek utworzonych na bazie w\u0119gla drzewnego nas\u0105czonego olejkiem eterycznym.<\/p>\n<p>Uwaga!: Przy paleniu kadzide\u0142ek nale\u017cy zachowa\u0107 ostro\u017cno\u015b\u0107 \u2013 zadba\u0107 o odpowiedni\u0105 cyrkulacj\u0119 powietrza, pali\u0107 je w przeznaczonych do tego podstawkach, nie stawia\u0107 przy oknie, nie zostawia\u0107 zapalonego kadzide\u0142ka bez dozoru, chroni\u0107 przed dzie\u0107mi i zwierz\u0119tami.<\/p>\n","protected":false},"excerpt":{"rendered":"<p>SPECYFIKACJA:<\/p>\n<ul>\n<li>Stan: nowy<\/li>\n<li>Marka: HEM<\/li>\n<li>Zapach: Drzewo sanda\u0142owe<\/li>\n<li>Ilo\u015b\u0107 sztuk w opakowaniu: 10<\/li>\n<li>Kraj pochodzenia: Indie<\/li>\n<\/ul>\n","protected":false},"featured_media":6207,"comment_status":"open","ping_status":"closed","template":"","meta":[],"product_brand":[437],"product_cat":[237,148,160,84],"product_tag":[425],"class_list":{"0":"post-6206","1":"product","2":"type-product","3":"status-publish","4":"has-post-thumbnail","6":"product_brand-hem","7":"product_cat-stozkowe","8":"product_cat-akcesoria-magiczne","9":"product_cat-kadzidelka","10":"product_cat-sklep-ezoteryczny","11":"product_tag-sklep-z-kadzidelkami","13":"first","14":"instock","15":"shipping-taxable","16":"purchasable","17":"product-type-simple"},"_links":{"self":[{"href":"https:\/\/izoteryk.pl\/index.php?rest_route=\/wp\/v2\/product\/6206","targetHints":{"allow":["GET"]}}],"collection":[{"href":"https:\/\/izoteryk.pl\/index.php?rest_route=\/wp\/v2\/product"}],"about":[{"href":"https:\/\/izoteryk.pl\/index.php?rest_route=\/wp\/v2\/types\/product"}],"replies":[{"embeddable":true,"href":"https:\/\/izoteryk.pl\/index.php?rest_route=%2Fwp%2Fv2%2Fcomments&post=6206"}],"wp:featuredmedia":[{"embeddable":true,"href":"https:\/\/izoteryk.pl\/index.php?rest_route=\/wp\/v2\/media\/6207"}],"wp:attachment":[{"href":"https:\/\/izoteryk.pl\/index.php?rest_route=%2Fwp%2Fv2%2Fmedia&parent=6206"}],"wp:term":[{"taxonomy":"product_brand","embeddable":true,"href":"https:\/\/izoteryk.pl\/index.php?rest_route=%2Fwp%2Fv2%2Fproduct_brand&post=6206"},{"taxonomy":"product_cat","embeddable":true,"href":"https:\/\/izoteryk.pl\/index.php?rest_route=%2Fwp%2Fv2%2Fproduct_cat&post=6206"},{"taxonomy":"product_tag","embeddable":true,"href":"https:\/\/izoteryk.pl\/index.php?rest_route=%2Fwp%2Fv2%2Fproduct_tag&post=6206"}],"curies":[{"name":"wp","href":"https:\/\/api.w.org\/{rel}","templated":true}]}}