{"id":6200,"date":"2026-02-22T22:07:48","date_gmt":"2026-02-22T21:07:48","guid":{"rendered":"https:\/\/izoteryk.pl\/?post_type=product&#038;p=6200"},"modified":"2026-02-22T22:26:18","modified_gmt":"2026-02-22T21:26:18","slug":"drewniana-podstawka-do-kadzidelek-stozkowych-i-patyczkowych-rozowa","status":"publish","type":"product","link":"https:\/\/izoteryk.pl\/?product=drewniana-podstawka-do-kadzidelek-stozkowych-i-patyczkowych-rozowa","title":{"rendered":"Drewniana podstawka do kadzide\u0142ek sto\u017ckowych i patyczkowych &#8211; r\u00f3\u017cowa"},"content":{"rendered":"<p>Podstawka drewniana z metalowym miejscem na kadzide\u0142ko sto\u017ckowe i czterema dziurkami na kadzide\u0142ka patyczkowe &#8211; kolor r\u00f3\u017cowy i br\u0105z &#8211; \u015brednica podstawki to 10cm<\/p>\n<p>&nbsp;<\/p>\n","protected":false},"excerpt":{"rendered":"<p>SPECYFIKACJA:<\/p>\n<ul>\n<li>Stan: nowe<\/li>\n<li>\u015arednica 10cm<\/li>\n<\/ul>\n","protected":false},"featured_media":6201,"comment_status":"open","ping_status":"closed","template":"","meta":[],"product_brand":[],"product_cat":[94,120,105,148,160,273,84,108],"product_tag":[425],"class_list":{"0":"post-6200","1":"product","2":"type-product","3":"status-publish","4":"has-post-thumbnail","6":"product_cat-brazowy","7":"product_cat-rozowy","8":"product_cat-zloty","9":"product_cat-akcesoria-magiczne","10":"product_cat-kadzidelka","11":"product_cat-kominki-i-podstawki","12":"product_cat-sklep-ezoteryczny","13":"product_cat-symbole","14":"product_tag-sklep-z-kadzidelkami","16":"first","17":"instock","18":"shipping-taxable","19":"purchasable","20":"product-type-simple"},"_links":{"self":[{"href":"https:\/\/izoteryk.pl\/index.php?rest_route=\/wp\/v2\/product\/6200","targetHints":{"allow":["GET"]}}],"collection":[{"href":"https:\/\/izoteryk.pl\/index.php?rest_route=\/wp\/v2\/product"}],"about":[{"href":"https:\/\/izoteryk.pl\/index.php?rest_route=\/wp\/v2\/types\/product"}],"replies":[{"embeddable":true,"href":"https:\/\/izoteryk.pl\/index.php?rest_route=%2Fwp%2Fv2%2Fcomments&post=6200"}],"wp:featuredmedia":[{"embeddable":true,"href":"https:\/\/izoteryk.pl\/index.php?rest_route=\/wp\/v2\/media\/6201"}],"wp:attachment":[{"href":"https:\/\/izoteryk.pl\/index.php?rest_route=%2Fwp%2Fv2%2Fmedia&parent=6200"}],"wp:term":[{"taxonomy":"product_brand","embeddable":true,"href":"https:\/\/izoteryk.pl\/index.php?rest_route=%2Fwp%2Fv2%2Fproduct_brand&post=6200"},{"taxonomy":"product_cat","embeddable":true,"href":"https:\/\/izoteryk.pl\/index.php?rest_route=%2Fwp%2Fv2%2Fproduct_cat&post=6200"},{"taxonomy":"product_tag","embeddable":true,"href":"https:\/\/izoteryk.pl\/index.php?rest_route=%2Fwp%2Fv2%2Fproduct_tag&post=6200"}],"curies":[{"name":"wp","href":"https:\/\/api.w.org\/{rel}","templated":true}]}}