{"id":6198,"date":"2026-02-22T20:54:38","date_gmt":"2026-02-22T19:54:38","guid":{"rendered":"https:\/\/izoteryk.pl\/?post_type=product&#038;p=6198"},"modified":"2026-02-23T18:19:19","modified_gmt":"2026-02-23T17:19:19","slug":"patchouli-kadzidelka-patyczkowe-marki-hem-kopia","status":"publish","type":"product","link":"https:\/\/izoteryk.pl\/?product=patchouli-kadzidelka-patyczkowe-marki-hem-kopia","title":{"rendered":"Patchouli &#8211; kadzide\u0142ka patyczkowe marki HEM"},"content":{"rendered":"<p>Kadzide\u0142ka na patyczkach firmy HEM o zapachu paczuli &#8211; dzia\u0142anie magiczne to uziemienie, r\u00f3wnowaga i stabilno\u015b\u0107.<\/p>\n<p>HEM to znana na ca\u0142ym \u015bwiecie indyjska marka naturalnych kadzide\u0142ek utworzonych na bazie w\u0119gla drzewnego nas\u0105czonego olejkiem eterycznym.<\/p>\n<p>Uwaga!: Przy paleniu kadzide\u0142ek nale\u017cy zachowa\u0107 ostro\u017cno\u015b\u0107 \u2013 zadba\u0107 o odpowiedni\u0105 cyrkulacj\u0119 powietrza, pali\u0107 je w przeznaczonych do tego podstawkach, nie stawia\u0107 przy oknie, nie zostawia\u0107 zapalonego kadzide\u0142ka bez dozoru, chroni\u0107 przed dzie\u0107mi i zwierz\u0119tami.<\/p>\n","protected":false},"excerpt":{"rendered":"<p>SPECYFIKACJA:<\/p>\n<ul>\n<li>Stan: nowy<\/li>\n<li>Marka: HEM<\/li>\n<li>Zapach: Patchouli<\/li>\n<li>D\u0142ugo\u015b\u0107 opakowania: 26cm<\/li>\n<li>D\u0142ugo\u015b\u0107 patyczk\u00f3w: 23cm<\/li>\n<li>Ilo\u015b\u0107 sztuk w opakowaniu: 8<\/li>\n<li>Kraj pochodzenia: Indie<\/li>\n<\/ul>\n","protected":false},"featured_media":6199,"comment_status":"open","ping_status":"closed","template":"","meta":[],"product_brand":[437],"product_cat":[238,114,190,441,148,160,442,84,161],"product_tag":[425],"class_list":{"0":"post-6198","1":"product","2":"type-product","3":"status-publish","4":"has-post-thumbnail","6":"product_brand-hem","7":"product_cat-patyczkowe","8":"product_cat-rownowaga","9":"product_cat-spokoj","10":"product_cat-uziemienie","11":"product_cat-akcesoria-magiczne","12":"product_cat-kadzidelka","13":"product_cat-patchouli","14":"product_cat-sklep-ezoteryczny","15":"product_cat-zapachy","16":"product_tag-sklep-z-kadzidelkami","18":"first","19":"instock","20":"shipping-taxable","21":"purchasable","22":"product-type-simple"},"_links":{"self":[{"href":"https:\/\/izoteryk.pl\/index.php?rest_route=\/wp\/v2\/product\/6198","targetHints":{"allow":["GET"]}}],"collection":[{"href":"https:\/\/izoteryk.pl\/index.php?rest_route=\/wp\/v2\/product"}],"about":[{"href":"https:\/\/izoteryk.pl\/index.php?rest_route=\/wp\/v2\/types\/product"}],"replies":[{"embeddable":true,"href":"https:\/\/izoteryk.pl\/index.php?rest_route=%2Fwp%2Fv2%2Fcomments&post=6198"}],"wp:featuredmedia":[{"embeddable":true,"href":"https:\/\/izoteryk.pl\/index.php?rest_route=\/wp\/v2\/media\/6199"}],"wp:attachment":[{"href":"https:\/\/izoteryk.pl\/index.php?rest_route=%2Fwp%2Fv2%2Fmedia&parent=6198"}],"wp:term":[{"taxonomy":"product_brand","embeddable":true,"href":"https:\/\/izoteryk.pl\/index.php?rest_route=%2Fwp%2Fv2%2Fproduct_brand&post=6198"},{"taxonomy":"product_cat","embeddable":true,"href":"https:\/\/izoteryk.pl\/index.php?rest_route=%2Fwp%2Fv2%2Fproduct_cat&post=6198"},{"taxonomy":"product_tag","embeddable":true,"href":"https:\/\/izoteryk.pl\/index.php?rest_route=%2Fwp%2Fv2%2Fproduct_tag&post=6198"}],"curies":[{"name":"wp","href":"https:\/\/api.w.org\/{rel}","templated":true}]}}