{"id":6193,"date":"2026-02-18T17:51:13","date_gmt":"2026-02-18T16:51:13","guid":{"rendered":"https:\/\/izoteryk.pl\/?post_type=product&#038;p=6193"},"modified":"2026-02-22T20:25:12","modified_gmt":"2026-02-22T19:25:12","slug":"swiecznik-metalowy-z-koszyczkiem","status":"publish","type":"product","link":"https:\/\/izoteryk.pl\/?product=swiecznik-metalowy-z-koszyczkiem","title":{"rendered":"\u015awiecznik metalowy z koszyczkiem"},"content":{"rendered":"<p>Bardzo elegancki i praktyczny, metalowy \u015bwiecznik w kolorze czarnym &#8211; do wykorzystania na standardowe podgrzewacze tealight &#8211; \u015bwiecznik ten stwarza mo\u017cliwo\u015b\u0107 umieszczenia w koszyczku bry\u0142ek soli sk\u0142odawskiej, kryszta\u0142\u00f3w g\u00f3rskich, turmalin\u00f3w lub innych nadaj\u0105cych si\u0119 do podgrzania kamieni.<\/p>\n","protected":false},"excerpt":{"rendered":"<p>SPECYFIKACJA:<\/p>\n<ul>\n<li>Stan: nowe<\/li>\n<li>Materia\u0142: metal<\/li>\n<li>Wymiary: \u015brednica ok. 11 cm<\/li>\n<li>\u015arednica otworu: 39 mm<\/li>\n<li>Wysoko\u015b\u0107: 4 cm<\/li>\n<\/ul>\n","protected":false},"featured_media":6194,"comment_status":"open","ping_status":"closed","template":"","meta":[],"product_brand":[],"product_cat":[92,148,241,348,243,84,171,224],"product_tag":[],"class_list":{"0":"post-6193","1":"product","2":"type-product","3":"status-publish","4":"has-post-thumbnail","6":"product_cat-czarny-kolor","7":"product_cat-akcesoria-magiczne","8":"product_cat-biala-szalwia","9":"product_cat-kadzielnice","10":"product_cat-palo-santo","11":"product_cat-sklep-ezoteryczny","12":"product_cat-swieczki","13":"product_cat-swieczniki","14":"product_shipping_class-rozmiar-xl","16":"first","17":"instock","18":"shipping-taxable","19":"purchasable","20":"product-type-simple"},"_links":{"self":[{"href":"https:\/\/izoteryk.pl\/index.php?rest_route=\/wp\/v2\/product\/6193","targetHints":{"allow":["GET"]}}],"collection":[{"href":"https:\/\/izoteryk.pl\/index.php?rest_route=\/wp\/v2\/product"}],"about":[{"href":"https:\/\/izoteryk.pl\/index.php?rest_route=\/wp\/v2\/types\/product"}],"replies":[{"embeddable":true,"href":"https:\/\/izoteryk.pl\/index.php?rest_route=%2Fwp%2Fv2%2Fcomments&post=6193"}],"wp:featuredmedia":[{"embeddable":true,"href":"https:\/\/izoteryk.pl\/index.php?rest_route=\/wp\/v2\/media\/6194"}],"wp:attachment":[{"href":"https:\/\/izoteryk.pl\/index.php?rest_route=%2Fwp%2Fv2%2Fmedia&parent=6193"}],"wp:term":[{"taxonomy":"product_brand","embeddable":true,"href":"https:\/\/izoteryk.pl\/index.php?rest_route=%2Fwp%2Fv2%2Fproduct_brand&post=6193"},{"taxonomy":"product_cat","embeddable":true,"href":"https:\/\/izoteryk.pl\/index.php?rest_route=%2Fwp%2Fv2%2Fproduct_cat&post=6193"},{"taxonomy":"product_tag","embeddable":true,"href":"https:\/\/izoteryk.pl\/index.php?rest_route=%2Fwp%2Fv2%2Fproduct_tag&post=6193"}],"curies":[{"name":"wp","href":"https:\/\/api.w.org\/{rel}","templated":true}]}}