{"id":6191,"date":"2026-02-18T17:35:39","date_gmt":"2026-02-18T16:35:39","guid":{"rendered":"https:\/\/izoteryk.pl\/?post_type=product&#038;p=6191"},"modified":"2026-02-18T17:48:53","modified_gmt":"2026-02-18T16:48:53","slug":"kominek-na-kadzidelka-stozkowe-backflow-efekt-wodospadu-dymnego","status":"publish","type":"product","link":"https:\/\/izoteryk.pl\/?product=kominek-na-kadzidelka-stozkowe-backflow-efekt-wodospadu-dymnego","title":{"rendered":"Kominek na kadzide\u0142ka sto\u017ckowe backflow &#8211; efekt wodospadu dymnego"},"content":{"rendered":"<p>Pi\u0119kny kominek backflow w kszta\u0142cie urywiska skalnego &#8211; dym z kadzide\u0142ka sto\u017ckowego backflow pi\u0119knie sp\u0142ywa z g\u00f3ry i gromadzi si\u0119 w podstawce.<\/p>\n<p>Aby uzyska\u0107 efekt wodospadu potrzebne jest specjalne kadzide\u0142ko sto\u017ckowe z przep\u0142ywem zwrotnym.<\/p>\n<p>&nbsp;<\/p>\n","protected":false},"excerpt":{"rendered":"<p>SPECYFIKACJA:<\/p>\n<ul>\n<li>\u015btan: nowe<\/li>\n<li>Wymiary: wys: ok. 19 cm, szer: ok. 14 cm, g\u0142: ok. 12 cm<\/li>\n<li>Kolor: br\u0105zowy z elementami zieleni<\/li>\n<\/ul>\n","protected":false},"featured_media":6192,"comment_status":"open","ping_status":"closed","template":"","meta":[],"product_brand":[],"product_cat":[94,148,273,155,84],"product_tag":[419,425],"class_list":{"0":"post-6191","1":"product","2":"type-product","3":"status-publish","4":"has-post-thumbnail","6":"product_cat-brazowy","7":"product_cat-akcesoria-magiczne","8":"product_cat-kominki-i-podstawki","9":"product_cat-podstawki-do-kadzidelek","10":"product_cat-sklep-ezoteryczny","11":"product_tag-backflow","12":"product_tag-sklep-z-kadzidelkami","13":"product_shipping_class-rozmiar-l","15":"first","16":"instock","17":"featured","18":"shipping-taxable","19":"purchasable","20":"product-type-simple"},"_links":{"self":[{"href":"https:\/\/izoteryk.pl\/index.php?rest_route=\/wp\/v2\/product\/6191","targetHints":{"allow":["GET"]}}],"collection":[{"href":"https:\/\/izoteryk.pl\/index.php?rest_route=\/wp\/v2\/product"}],"about":[{"href":"https:\/\/izoteryk.pl\/index.php?rest_route=\/wp\/v2\/types\/product"}],"replies":[{"embeddable":true,"href":"https:\/\/izoteryk.pl\/index.php?rest_route=%2Fwp%2Fv2%2Fcomments&post=6191"}],"wp:featuredmedia":[{"embeddable":true,"href":"https:\/\/izoteryk.pl\/index.php?rest_route=\/wp\/v2\/media\/6192"}],"wp:attachment":[{"href":"https:\/\/izoteryk.pl\/index.php?rest_route=%2Fwp%2Fv2%2Fmedia&parent=6191"}],"wp:term":[{"taxonomy":"product_brand","embeddable":true,"href":"https:\/\/izoteryk.pl\/index.php?rest_route=%2Fwp%2Fv2%2Fproduct_brand&post=6191"},{"taxonomy":"product_cat","embeddable":true,"href":"https:\/\/izoteryk.pl\/index.php?rest_route=%2Fwp%2Fv2%2Fproduct_cat&post=6191"},{"taxonomy":"product_tag","embeddable":true,"href":"https:\/\/izoteryk.pl\/index.php?rest_route=%2Fwp%2Fv2%2Fproduct_tag&post=6191"}],"curies":[{"name":"wp","href":"https:\/\/api.w.org\/{rel}","templated":true}]}}