{"id":6189,"date":"2026-02-18T17:06:44","date_gmt":"2026-02-18T16:06:44","guid":{"rendered":"https:\/\/izoteryk.pl\/?post_type=product&#038;p=6189"},"modified":"2026-02-18T17:32:40","modified_gmt":"2026-02-18T16:32:40","slug":"swiecznik-szklany-uniwersalny-pomaranczowy","status":"publish","type":"product","link":"https:\/\/izoteryk.pl\/?product=swiecznik-szklany-uniwersalny-pomaranczowy","title":{"rendered":"\u015awiecznik szklany &#8211; uniwersalny &#8211; pomara\u0144czowy"},"content":{"rendered":"<p>Szklany \u015bwiecznik uniwersalny do r\u00f3\u017cnych rodzaj\u00f3w \u015bwiec &#8211; nadaje si\u0119 do \u015bwiec sto\u0142owych i cienkich \u015bwieczek cerkiewnych &#8211; aby umocowa\u0107 cieniutk\u0105 \u015bwieczk\u0119 cerkiewn\u0105 nale\u017cy j\u0105 podgrza\u0107 od spodu i wcisn\u0105\u0107 w otw\u00f3r tak, aby by\u0142a stabilna.<\/p>\n","protected":false},"excerpt":{"rendered":"<p>SPECYFIKACJA:<\/p>\n<ul>\n<li>Stan: nowe<\/li>\n<li>Materia\u0142: szk\u0142o<\/li>\n<li>Kolor: pomara\u0144czowy, prze\u017aroczysty<\/li>\n<li>Wymiary: \u015brednica ok. 7 cm<\/li>\n<li>Wysoko\u015b\u0107: ok 9 cm<\/li>\n<li>\u015arednica otworu na \u015bwiec\u0119 sto\u0142ow\u0105: ok. 23 mm<\/li>\n<\/ul>\n","protected":false},"featured_media":6190,"comment_status":"open","ping_status":"closed","template":"","meta":[],"product_brand":[],"product_cat":[178,439,148,84,171,224],"product_tag":[],"class_list":{"0":"post-6189","1":"product","2":"type-product","3":"status-publish","4":"has-post-thumbnail","6":"product_cat-pomaranczowy","7":"product_cat-przezroczysty","8":"product_cat-akcesoria-magiczne","9":"product_cat-sklep-ezoteryczny","10":"product_cat-swieczki","11":"product_cat-swieczniki","12":"product_shipping_class-rozmiar-xl","14":"first","15":"instock","16":"shipping-taxable","17":"purchasable","18":"product-type-simple"},"_links":{"self":[{"href":"https:\/\/izoteryk.pl\/index.php?rest_route=\/wp\/v2\/product\/6189","targetHints":{"allow":["GET"]}}],"collection":[{"href":"https:\/\/izoteryk.pl\/index.php?rest_route=\/wp\/v2\/product"}],"about":[{"href":"https:\/\/izoteryk.pl\/index.php?rest_route=\/wp\/v2\/types\/product"}],"replies":[{"embeddable":true,"href":"https:\/\/izoteryk.pl\/index.php?rest_route=%2Fwp%2Fv2%2Fcomments&post=6189"}],"wp:featuredmedia":[{"embeddable":true,"href":"https:\/\/izoteryk.pl\/index.php?rest_route=\/wp\/v2\/media\/6190"}],"wp:attachment":[{"href":"https:\/\/izoteryk.pl\/index.php?rest_route=%2Fwp%2Fv2%2Fmedia&parent=6189"}],"wp:term":[{"taxonomy":"product_brand","embeddable":true,"href":"https:\/\/izoteryk.pl\/index.php?rest_route=%2Fwp%2Fv2%2Fproduct_brand&post=6189"},{"taxonomy":"product_cat","embeddable":true,"href":"https:\/\/izoteryk.pl\/index.php?rest_route=%2Fwp%2Fv2%2Fproduct_cat&post=6189"},{"taxonomy":"product_tag","embeddable":true,"href":"https:\/\/izoteryk.pl\/index.php?rest_route=%2Fwp%2Fv2%2Fproduct_tag&post=6189"}],"curies":[{"name":"wp","href":"https:\/\/api.w.org\/{rel}","templated":true}]}}