{"id":6187,"date":"2026-02-18T16:20:17","date_gmt":"2026-02-18T15:20:17","guid":{"rendered":"https:\/\/izoteryk.pl\/?post_type=product&#038;p=6187"},"modified":"2026-02-18T16:46:13","modified_gmt":"2026-02-18T15:46:13","slug":"swiecznik-szklany-na-swiece-stolowa-kwiatek","status":"publish","type":"product","link":"https:\/\/izoteryk.pl\/?product=swiecznik-szklany-na-swiece-stolowa-kwiatek","title":{"rendered":"\u015awiecznik szklany &#8211; na \u015bwiec\u0119 sto\u0142ow\u0105 &#8211; kwiatek"},"content":{"rendered":"<p>Uroczy szklany \u015bwiecznik w kszta\u0142cie kwiatka do \u015bwiec sto\u0142owych.<\/p>\n","protected":false},"excerpt":{"rendered":"<p>SPECYFIKACJA:<\/p>\n<ul>\n<li>Stan: nowe<\/li>\n<li>Materia\u0142: szk\u0142o<\/li>\n<li>Kolor: bezbarwny<\/li>\n<li>Wymiary: \u015brednica kwiatu ok 5 cm<\/li>\n<li>Wysoko\u015b\u0107: 3 cm<\/li>\n<li>\u015arednica otworu: ok. 2 cm<\/li>\n<\/ul>\n","protected":false},"featured_media":6188,"comment_status":"open","ping_status":"closed","template":"","meta":[],"product_brand":[],"product_cat":[141,148,84,171,224],"product_tag":[],"class_list":{"0":"post-6187","1":"product","2":"type-product","3":"status-publish","4":"has-post-thumbnail","6":"product_cat-bezbarwny","7":"product_cat-akcesoria-magiczne","8":"product_cat-sklep-ezoteryczny","9":"product_cat-swieczki","10":"product_cat-swieczniki","11":"product_shipping_class-rozmiar-xl","13":"first","14":"instock","15":"shipping-taxable","16":"purchasable","17":"product-type-simple"},"_links":{"self":[{"href":"https:\/\/izoteryk.pl\/index.php?rest_route=\/wp\/v2\/product\/6187","targetHints":{"allow":["GET"]}}],"collection":[{"href":"https:\/\/izoteryk.pl\/index.php?rest_route=\/wp\/v2\/product"}],"about":[{"href":"https:\/\/izoteryk.pl\/index.php?rest_route=\/wp\/v2\/types\/product"}],"replies":[{"embeddable":true,"href":"https:\/\/izoteryk.pl\/index.php?rest_route=%2Fwp%2Fv2%2Fcomments&post=6187"}],"wp:featuredmedia":[{"embeddable":true,"href":"https:\/\/izoteryk.pl\/index.php?rest_route=\/wp\/v2\/media\/6188"}],"wp:attachment":[{"href":"https:\/\/izoteryk.pl\/index.php?rest_route=%2Fwp%2Fv2%2Fmedia&parent=6187"}],"wp:term":[{"taxonomy":"product_brand","embeddable":true,"href":"https:\/\/izoteryk.pl\/index.php?rest_route=%2Fwp%2Fv2%2Fproduct_brand&post=6187"},{"taxonomy":"product_cat","embeddable":true,"href":"https:\/\/izoteryk.pl\/index.php?rest_route=%2Fwp%2Fv2%2Fproduct_cat&post=6187"},{"taxonomy":"product_tag","embeddable":true,"href":"https:\/\/izoteryk.pl\/index.php?rest_route=%2Fwp%2Fv2%2Fproduct_tag&post=6187"}],"curies":[{"name":"wp","href":"https:\/\/api.w.org\/{rel}","templated":true}]}}