{"id":6175,"date":"2026-02-18T13:12:13","date_gmt":"2026-02-18T12:12:13","guid":{"rendered":"https:\/\/izoteryk.pl\/?post_type=product&#038;p=6175"},"modified":"2026-02-22T20:26:27","modified_gmt":"2026-02-22T19:26:27","slug":"swiecznik-metalowy-z-podstawka-na-swiece-stolowa-lisc","status":"publish","type":"product","link":"https:\/\/izoteryk.pl\/?product=swiecznik-metalowy-z-podstawka-na-swiece-stolowa-lisc","title":{"rendered":"\u015awiecznik metalowy z podstawk\u0105 &#8211; na \u015bwiec\u0119 sto\u0142ow\u0105 &#8211; li\u015b\u0107"},"content":{"rendered":"<p>Bardzo elegancki i praktyczny, metalowy \u015bwiecznik w kolorze czarnym &#8211; do wykorzystania na \u015bwiece sto\u0142owe, jako podstawka do palo santo, bia\u0142ej sza\u0142wii, lub innych kadzide\u0142.<\/p>\n","protected":false},"excerpt":{"rendered":"<p>SPECYFIKACJA:<\/p>\n<ul>\n<li>Stan: nowe<\/li>\n<li>Materia\u0142: metal<\/li>\n<li>Wymiary podstawki: ok. 16 x 15<\/li>\n<li>\u015arednica otworu: 20 mm<\/li>\n<li>Wysoko\u015b\u0107: 6 cm<\/li>\n<\/ul>\n","protected":false},"featured_media":6176,"comment_status":"open","ping_status":"closed","template":"","meta":[],"product_brand":[],"product_cat":[92,148,241,160,348,273,243,155,84,171,224],"product_tag":[],"class_list":{"0":"post-6175","1":"product","2":"type-product","3":"status-publish","4":"has-post-thumbnail","6":"product_cat-czarny-kolor","7":"product_cat-akcesoria-magiczne","8":"product_cat-biala-szalwia","9":"product_cat-kadzidelka","10":"product_cat-kadzielnice","11":"product_cat-kominki-i-podstawki","12":"product_cat-palo-santo","13":"product_cat-podstawki-do-kadzidelek","14":"product_cat-sklep-ezoteryczny","15":"product_cat-swieczki","16":"product_cat-swieczniki","17":"product_shipping_class-rozmiar-xl","19":"first","20":"instock","21":"shipping-taxable","22":"purchasable","23":"product-type-simple"},"_links":{"self":[{"href":"https:\/\/izoteryk.pl\/index.php?rest_route=\/wp\/v2\/product\/6175","targetHints":{"allow":["GET"]}}],"collection":[{"href":"https:\/\/izoteryk.pl\/index.php?rest_route=\/wp\/v2\/product"}],"about":[{"href":"https:\/\/izoteryk.pl\/index.php?rest_route=\/wp\/v2\/types\/product"}],"replies":[{"embeddable":true,"href":"https:\/\/izoteryk.pl\/index.php?rest_route=%2Fwp%2Fv2%2Fcomments&post=6175"}],"wp:featuredmedia":[{"embeddable":true,"href":"https:\/\/izoteryk.pl\/index.php?rest_route=\/wp\/v2\/media\/6176"}],"wp:attachment":[{"href":"https:\/\/izoteryk.pl\/index.php?rest_route=%2Fwp%2Fv2%2Fmedia&parent=6175"}],"wp:term":[{"taxonomy":"product_brand","embeddable":true,"href":"https:\/\/izoteryk.pl\/index.php?rest_route=%2Fwp%2Fv2%2Fproduct_brand&post=6175"},{"taxonomy":"product_cat","embeddable":true,"href":"https:\/\/izoteryk.pl\/index.php?rest_route=%2Fwp%2Fv2%2Fproduct_cat&post=6175"},{"taxonomy":"product_tag","embeddable":true,"href":"https:\/\/izoteryk.pl\/index.php?rest_route=%2Fwp%2Fv2%2Fproduct_tag&post=6175"}],"curies":[{"name":"wp","href":"https:\/\/api.w.org\/{rel}","templated":true}]}}