{"id":6165,"date":"2026-02-18T00:02:45","date_gmt":"2026-02-17T23:02:45","guid":{"rendered":"https:\/\/izoteryk.pl\/?post_type=product&#038;p=6165"},"modified":"2026-02-18T00:31:41","modified_gmt":"2026-02-17T23:31:41","slug":"ganesha-figurka-wysokosc-ok-20cm","status":"publish","type":"product","link":"https:\/\/izoteryk.pl\/?product=ganesha-figurka-wysokosc-ok-20cm","title":{"rendered":"Ganesha &#8211; figurka &#8211; wysoko\u015b\u0107 ok. 20cm"},"content":{"rendered":"<p>Lord Ganesha to hinduskie b\u00f3stwo m\u0105dro\u015bci i sukcesu.<\/p>\n","protected":false},"excerpt":{"rendered":"<p>SPECYFIKACJA:<\/p>\n<ul>\n<li>Stan: nowe<\/li>\n<li>Materia\u0142: utwardzona masa plastyczna<\/li>\n<li>Wymiary: 20 x 17 x 10 cm<\/li>\n<li>Kolor: ecru przechodz\u0105cy w be\u017c<\/li>\n<\/ul>\n","protected":false},"featured_media":6166,"comment_status":"open","ping_status":"closed","template":"","meta":[],"product_brand":[],"product_cat":[98,113,196,247,204,114,232,189,137,148,34,438,408,174,260,84,156,108,345],"product_tag":[],"class_list":{"0":"post-6165","1":"product","2":"type-product","3":"status-publish","4":"has-post-thumbnail","6":"product_cat-bezowy","7":"product_cat-bogactwo","8":"product_cat-ecru","9":"product_cat-madrosc","10":"product_cat-obfitosc","11":"product_cat-rownowaga","12":"product_cat-sila","13":"product_cat-sila-przebicia","14":"product_cat-sukces","15":"product_cat-akcesoria-magiczne","16":"product_cat-amulety-i-talizmany","17":"product_cat-ganesha","18":"product_cat-om","19":"product_cat-pozbywanie-sie-blokad","20":"product_cat-rzezby-i-figurki","21":"product_cat-sklep-ezoteryczny","22":"product_cat-slonik","23":"product_cat-symbole","24":"product_cat-z-tworzywa","25":"product_shipping_class-rozmiar-xl","27":"first","28":"instock","29":"shipping-taxable","30":"purchasable","31":"product-type-simple"},"_links":{"self":[{"href":"https:\/\/izoteryk.pl\/index.php?rest_route=\/wp\/v2\/product\/6165","targetHints":{"allow":["GET"]}}],"collection":[{"href":"https:\/\/izoteryk.pl\/index.php?rest_route=\/wp\/v2\/product"}],"about":[{"href":"https:\/\/izoteryk.pl\/index.php?rest_route=\/wp\/v2\/types\/product"}],"replies":[{"embeddable":true,"href":"https:\/\/izoteryk.pl\/index.php?rest_route=%2Fwp%2Fv2%2Fcomments&post=6165"}],"wp:featuredmedia":[{"embeddable":true,"href":"https:\/\/izoteryk.pl\/index.php?rest_route=\/wp\/v2\/media\/6166"}],"wp:attachment":[{"href":"https:\/\/izoteryk.pl\/index.php?rest_route=%2Fwp%2Fv2%2Fmedia&parent=6165"}],"wp:term":[{"taxonomy":"product_brand","embeddable":true,"href":"https:\/\/izoteryk.pl\/index.php?rest_route=%2Fwp%2Fv2%2Fproduct_brand&post=6165"},{"taxonomy":"product_cat","embeddable":true,"href":"https:\/\/izoteryk.pl\/index.php?rest_route=%2Fwp%2Fv2%2Fproduct_cat&post=6165"},{"taxonomy":"product_tag","embeddable":true,"href":"https:\/\/izoteryk.pl\/index.php?rest_route=%2Fwp%2Fv2%2Fproduct_tag&post=6165"}],"curies":[{"name":"wp","href":"https:\/\/api.w.org\/{rel}","templated":true}]}}