{"id":6161,"date":"2026-02-15T02:44:09","date_gmt":"2026-02-15T01:44:09","guid":{"rendered":"https:\/\/izoteryk.pl\/?post_type=product&#038;p=6161"},"modified":"2026-02-18T01:14:56","modified_gmt":"2026-02-18T00:14:56","slug":"kadzidelka-pylkowe-marki-satya-mirra","status":"publish","type":"product","link":"https:\/\/izoteryk.pl\/?product=kadzidelka-pylkowe-marki-satya-mirra","title":{"rendered":"Kadzide\u0142ka py\u0142kowe marki SATYA &#8211; Mirra"},"content":{"rendered":"<p>Naturalne kadzide\u0142ka py\u0142kowe znanej indyjskiej marki SATYA o zapachu mirry wprowadzaj\u0105 w dobry nastr\u00f3j, pomagaj\u0105 odpr\u0119\u017cy\u0107 si\u0119 i skoncentrowa\u0107 podczas medytacji.<\/p>\n<p>Mirra to rodzaj \u017cywicy pozyskiwanej z drzew balsamowca, dawniej ceniona ze wzgl\u0119du na swoje w\u0142a\u015bciwo\u015bci lecznicze i przeciwb\u00f3lowe. W magii zapach mirry wykorzystuje si\u0119 do oczyszczenia przestrzeni ze z\u0142ych energii i odsuni\u0119cia z\u0142ych byt\u00f3w.<\/p>\n<p>Uwaga!: Przy paleniu kadzide\u0142ek nale\u017cy zachowa\u0107 ostro\u017cno\u015b\u0107 \u2013 zadba\u0107 o odpowiedni\u0105 cyrkulacj\u0119 powietrza, pali\u0107 je w przeznaczonych do tego podstawkach, nie stawia\u0107 przy oknie, nie zostawia\u0107 zapalonego kadzide\u0142ka bez dozoru, chroni\u0107 przed dzie\u0107mi i zwierz\u0119tami.<\/p>\n","protected":false},"excerpt":{"rendered":"<p>SPECYFIKACJA:<\/p>\n<ul>\n<li>Stan: nowy<\/li>\n<li>Marka: SATYA<\/li>\n<li>Zapach: Mirra<\/li>\n<li>D\u0142ugo\u015b\u0107 opakowania: 21cm<\/li>\n<li>Ilo\u015b\u0107 sztuk w opakowaniu: oko\u0142o 14<\/li>\n<\/ul>\n","protected":false},"featured_media":6162,"comment_status":"open","ping_status":"closed","template":"","meta":[],"product_brand":[426],"product_cat":[107,116,238,190,148,160,328,84,414,161],"product_tag":[425],"class_list":{"0":"post-6161","1":"product","2":"type-product","3":"status-publish","4":"has-post-thumbnail","6":"product_brand-satya","7":"product_cat-ochrona","8":"product_cat-oczyszczanie","9":"product_cat-patyczkowe","10":"product_cat-spokoj","11":"product_cat-akcesoria-magiczne","12":"product_cat-kadzidelka","13":"product_cat-mirra","14":"product_cat-sklep-ezoteryczny","15":"product_cat-smocza-krew","16":"product_cat-zapachy","17":"product_tag-sklep-z-kadzidelkami","19":"first","20":"instock","21":"shipping-taxable","22":"purchasable","23":"product-type-simple"},"_links":{"self":[{"href":"https:\/\/izoteryk.pl\/index.php?rest_route=\/wp\/v2\/product\/6161","targetHints":{"allow":["GET"]}}],"collection":[{"href":"https:\/\/izoteryk.pl\/index.php?rest_route=\/wp\/v2\/product"}],"about":[{"href":"https:\/\/izoteryk.pl\/index.php?rest_route=\/wp\/v2\/types\/product"}],"replies":[{"embeddable":true,"href":"https:\/\/izoteryk.pl\/index.php?rest_route=%2Fwp%2Fv2%2Fcomments&post=6161"}],"wp:featuredmedia":[{"embeddable":true,"href":"https:\/\/izoteryk.pl\/index.php?rest_route=\/wp\/v2\/media\/6162"}],"wp:attachment":[{"href":"https:\/\/izoteryk.pl\/index.php?rest_route=%2Fwp%2Fv2%2Fmedia&parent=6161"}],"wp:term":[{"taxonomy":"product_brand","embeddable":true,"href":"https:\/\/izoteryk.pl\/index.php?rest_route=%2Fwp%2Fv2%2Fproduct_brand&post=6161"},{"taxonomy":"product_cat","embeddable":true,"href":"https:\/\/izoteryk.pl\/index.php?rest_route=%2Fwp%2Fv2%2Fproduct_cat&post=6161"},{"taxonomy":"product_tag","embeddable":true,"href":"https:\/\/izoteryk.pl\/index.php?rest_route=%2Fwp%2Fv2%2Fproduct_tag&post=6161"}],"curies":[{"name":"wp","href":"https:\/\/api.w.org\/{rel}","templated":true}]}}