{"id":6154,"date":"2026-02-15T01:57:11","date_gmt":"2026-02-15T00:57:11","guid":{"rendered":"https:\/\/izoteryk.pl\/?post_type=product&#038;p=6154"},"modified":"2026-02-15T02:19:34","modified_gmt":"2026-02-15T01:19:34","slug":"mala-kadzielnica-z-tygrysem-srednica-40mm-wysokosc-55mm","status":"publish","type":"product","link":"https:\/\/izoteryk.pl\/?product=mala-kadzielnica-z-tygrysem-srednica-40mm-wysokosc-55mm","title":{"rendered":"Ma\u0142a kadzielnica z tygrysem &#8211; \u015brednica 40mm wysoko\u015b\u0107 55mm"},"content":{"rendered":"<p>Metalowa kadzielnica z a\u017curow\u0105 pokrywk\u0105 z tygrysem przez kt\u00f3r\u0105 wydobywa si\u0119 dym &#8211; do spalania kadzide\u0142ek sto\u017ckowych lub zi\u00f3\u0142 i \u017cywic na ma\u0142ym w\u0119gielku.<\/p>\n","protected":false},"excerpt":{"rendered":"<p>SPECYFIKACJA:<\/p>\n<ul>\n<li>Stan: nowe<\/li>\n<li>Materia\u0142: metal<\/li>\n<li>Kolor: stare z\u0142oto<\/li>\n<li>Wymiary: 40 x 55 mm<\/li>\n<\/ul>\n","protected":false},"featured_media":6155,"comment_status":"open","ping_status":"closed","template":"","meta":[],"product_brand":[],"product_cat":[202,148,348,84],"product_tag":[],"class_list":{"0":"post-6154","1":"product","2":"type-product","3":"status-publish","4":"has-post-thumbnail","6":"product_cat-stare-zloto","7":"product_cat-akcesoria-magiczne","8":"product_cat-kadzielnice","9":"product_cat-sklep-ezoteryczny","11":"first","12":"instock","13":"shipping-taxable","14":"purchasable","15":"product-type-simple"},"_links":{"self":[{"href":"https:\/\/izoteryk.pl\/index.php?rest_route=\/wp\/v2\/product\/6154","targetHints":{"allow":["GET"]}}],"collection":[{"href":"https:\/\/izoteryk.pl\/index.php?rest_route=\/wp\/v2\/product"}],"about":[{"href":"https:\/\/izoteryk.pl\/index.php?rest_route=\/wp\/v2\/types\/product"}],"replies":[{"embeddable":true,"href":"https:\/\/izoteryk.pl\/index.php?rest_route=%2Fwp%2Fv2%2Fcomments&post=6154"}],"wp:featuredmedia":[{"embeddable":true,"href":"https:\/\/izoteryk.pl\/index.php?rest_route=\/wp\/v2\/media\/6155"}],"wp:attachment":[{"href":"https:\/\/izoteryk.pl\/index.php?rest_route=%2Fwp%2Fv2%2Fmedia&parent=6154"}],"wp:term":[{"taxonomy":"product_brand","embeddable":true,"href":"https:\/\/izoteryk.pl\/index.php?rest_route=%2Fwp%2Fv2%2Fproduct_brand&post=6154"},{"taxonomy":"product_cat","embeddable":true,"href":"https:\/\/izoteryk.pl\/index.php?rest_route=%2Fwp%2Fv2%2Fproduct_cat&post=6154"},{"taxonomy":"product_tag","embeddable":true,"href":"https:\/\/izoteryk.pl\/index.php?rest_route=%2Fwp%2Fv2%2Fproduct_tag&post=6154"}],"curies":[{"name":"wp","href":"https:\/\/api.w.org\/{rel}","templated":true}]}}