{"id":6150,"date":"2026-02-15T00:33:44","date_gmt":"2026-02-14T23:33:44","guid":{"rendered":"https:\/\/izoteryk.pl\/?post_type=product&#038;p=6150"},"modified":"2026-02-15T01:50:07","modified_gmt":"2026-02-15T00:50:07","slug":"spory-kuferek-drewniany-22x15-cm-wysokosc-14-cm","status":"publish","type":"product","link":"https:\/\/izoteryk.pl\/?product=spory-kuferek-drewniany-22x15-cm-wysokosc-14-cm","title":{"rendered":"Spory kuferek drewniany 22&#215;15 cm wysoko\u015b\u0107 14 cm"},"content":{"rendered":"<p>Stylowy kuferek drewniany &#8211; bogato zdobiony &#8211; klimatyczny. Nadaje si\u0119 do przechowywania kart tarota, run, kamieni lub innych magicznych skarb\u00f3w. To cudo pomie\u015bci sporo talii kart lub innych magicznych przybor\u00f3w.\u00a0 To mo\u017ce by\u0107 Twoja magiczna skrzynia skarb\u00f3w!<\/p>\n<p>&nbsp;<\/p>\n","protected":false},"excerpt":{"rendered":"<p>SPECYFIKACJA:<\/p>\n<ul>\n<li>Stan: nowy<\/li>\n<li>Materia\u0142: drewno, metal<\/li>\n<li>Wymiary zewn\u0119trzne: 22&#215;15 cm wysoko\u015b\u0107 14 cm<\/li>\n<\/ul>\n","protected":false},"featured_media":6151,"comment_status":"open","ping_status":"closed","template":"","meta":[],"product_brand":[],"product_cat":[94,148,149,84],"product_tag":[],"class_list":{"0":"post-6150","1":"product","2":"type-product","3":"status-publish","4":"has-post-thumbnail","6":"product_cat-brazowy","7":"product_cat-akcesoria-magiczne","8":"product_cat-kuferki","9":"product_cat-sklep-ezoteryczny","10":"product_shipping_class-rozmiar-xl","12":"first","13":"instock","14":"shipping-taxable","15":"purchasable","16":"product-type-simple"},"_links":{"self":[{"href":"https:\/\/izoteryk.pl\/index.php?rest_route=\/wp\/v2\/product\/6150","targetHints":{"allow":["GET"]}}],"collection":[{"href":"https:\/\/izoteryk.pl\/index.php?rest_route=\/wp\/v2\/product"}],"about":[{"href":"https:\/\/izoteryk.pl\/index.php?rest_route=\/wp\/v2\/types\/product"}],"replies":[{"embeddable":true,"href":"https:\/\/izoteryk.pl\/index.php?rest_route=%2Fwp%2Fv2%2Fcomments&post=6150"}],"wp:featuredmedia":[{"embeddable":true,"href":"https:\/\/izoteryk.pl\/index.php?rest_route=\/wp\/v2\/media\/6151"}],"wp:attachment":[{"href":"https:\/\/izoteryk.pl\/index.php?rest_route=%2Fwp%2Fv2%2Fmedia&parent=6150"}],"wp:term":[{"taxonomy":"product_brand","embeddable":true,"href":"https:\/\/izoteryk.pl\/index.php?rest_route=%2Fwp%2Fv2%2Fproduct_brand&post=6150"},{"taxonomy":"product_cat","embeddable":true,"href":"https:\/\/izoteryk.pl\/index.php?rest_route=%2Fwp%2Fv2%2Fproduct_cat&post=6150"},{"taxonomy":"product_tag","embeddable":true,"href":"https:\/\/izoteryk.pl\/index.php?rest_route=%2Fwp%2Fv2%2Fproduct_tag&post=6150"}],"curies":[{"name":"wp","href":"https:\/\/api.w.org\/{rel}","templated":true}]}}