{"id":6148,"date":"2026-02-15T00:03:54","date_gmt":"2026-02-14T23:03:54","guid":{"rendered":"https:\/\/izoteryk.pl\/?post_type=product&#038;p=6148"},"modified":"2026-02-15T00:31:08","modified_gmt":"2026-02-14T23:31:08","slug":"szkatulka-drewniana-kuferek-18x11-cm-wysokosc-10-cm","status":"publish","type":"product","link":"https:\/\/izoteryk.pl\/?product=szkatulka-drewniana-kuferek-18x11-cm-wysokosc-10-cm","title":{"rendered":"Szkatu\u0142ka drewniana &#8211; kuferek 18&#215;11 cm wysoko\u015b\u0107 10 cm"},"content":{"rendered":"<p>Stylowy kuferek drewniany &#8211; bogato zdobiony &#8211; klimatyczny. Nadaje si\u0119 do przechowywania kart tarota, run, kamieni lub innych magicznych skarb\u00f3w. To cudo pomie\u015bci nawet kilka talii. Pomimo niewielkich rozmiar\u00f3w jest do\u015b\u0107 pojemny. To prawdziwa magia!<\/p>\n<p>&nbsp;<\/p>\n","protected":false},"excerpt":{"rendered":"<p>SPECYFIKACJA:<\/p>\n<ul>\n<li>Stan: nowy<\/li>\n<li>Materia\u0142: drewno, metal<\/li>\n<li>Wymiary zewn\u0119trzne: 18&#215;11 cm wysoko\u015b\u0107 10 cm<\/li>\n<\/ul>\n","protected":false},"featured_media":6149,"comment_status":"open","ping_status":"closed","template":"","meta":[],"product_brand":[],"product_cat":[94,148,149,84],"product_tag":[],"class_list":{"0":"post-6148","1":"product","2":"type-product","3":"status-publish","4":"has-post-thumbnail","6":"product_cat-brazowy","7":"product_cat-akcesoria-magiczne","8":"product_cat-kuferki","9":"product_cat-sklep-ezoteryczny","10":"product_shipping_class-rozmiar-xl","12":"first","13":"instock","14":"shipping-taxable","15":"purchasable","16":"product-type-simple"},"_links":{"self":[{"href":"https:\/\/izoteryk.pl\/index.php?rest_route=\/wp\/v2\/product\/6148","targetHints":{"allow":["GET"]}}],"collection":[{"href":"https:\/\/izoteryk.pl\/index.php?rest_route=\/wp\/v2\/product"}],"about":[{"href":"https:\/\/izoteryk.pl\/index.php?rest_route=\/wp\/v2\/types\/product"}],"replies":[{"embeddable":true,"href":"https:\/\/izoteryk.pl\/index.php?rest_route=%2Fwp%2Fv2%2Fcomments&post=6148"}],"wp:featuredmedia":[{"embeddable":true,"href":"https:\/\/izoteryk.pl\/index.php?rest_route=\/wp\/v2\/media\/6149"}],"wp:attachment":[{"href":"https:\/\/izoteryk.pl\/index.php?rest_route=%2Fwp%2Fv2%2Fmedia&parent=6148"}],"wp:term":[{"taxonomy":"product_brand","embeddable":true,"href":"https:\/\/izoteryk.pl\/index.php?rest_route=%2Fwp%2Fv2%2Fproduct_brand&post=6148"},{"taxonomy":"product_cat","embeddable":true,"href":"https:\/\/izoteryk.pl\/index.php?rest_route=%2Fwp%2Fv2%2Fproduct_cat&post=6148"},{"taxonomy":"product_tag","embeddable":true,"href":"https:\/\/izoteryk.pl\/index.php?rest_route=%2Fwp%2Fv2%2Fproduct_tag&post=6148"}],"curies":[{"name":"wp","href":"https:\/\/api.w.org\/{rel}","templated":true}]}}