{"id":6144,"date":"2026-02-14T22:29:23","date_gmt":"2026-02-14T21:29:23","guid":{"rendered":"https:\/\/izoteryk.pl\/?post_type=product&#038;p=6144"},"modified":"2026-02-22T22:28:26","modified_gmt":"2026-02-22T21:28:26","slug":"kadzidelka-patyczkowe-raj-lawenda","status":"publish","type":"product","link":"https:\/\/izoteryk.pl\/?product=kadzidelka-patyczkowe-raj-lawenda","title":{"rendered":"Kadzide\u0142ka patyczkowe &#8211; RAJ &#8211; Lawenda"},"content":{"rendered":"<p>Kadzide\u0142ka na patyczkach firmy RAJ o zapachu lawender czyli lawenda.<\/p>\n<p>Mo\u017cna wykorzysta\u0107 w rytua\u0142ach na mi\u0142o\u015b\u0107, bogactwo, ochron\u0119 i spok\u00f3j.<\/p>\n<p>Uwaga!: Przy paleniu kadzide\u0142ek nale\u017cy zachowa\u0107 ostro\u017cno\u015b\u0107 \u2013 zadba\u0107 o odpowiedni\u0105 cyrkulacj\u0119 powietrza, pali\u0107 je w przeznaczonych do tego podstawkach, nie stawia\u0107 przy oknie, nie zostawia\u0107 zapalonego kadzide\u0142ka bez dozoru, chroni\u0107 przed dzie\u0107mi i zwierz\u0119tami.<\/p>\n","protected":false},"excerpt":{"rendered":"<p>SPECYFIKACJA:<\/p>\n<ul>\n<li>Stan: nowy<\/li>\n<li>Marka: RAJ<\/li>\n<li>Zapach: lawenda<\/li>\n<li>D\u0142ugo\u015b\u0107 opakowania: 26cm<\/li>\n<li>Ilo\u015b\u0107 sztuk w opakowaniu: 8<\/li>\n<\/ul>\n","protected":false},"featured_media":6145,"comment_status":"open","ping_status":"closed","template":"","meta":[],"product_brand":[420],"product_cat":[113,124,85,107,238,110,148,160,164,84,161],"product_tag":[425],"class_list":{"0":"post-6144","1":"product","2":"type-product","3":"status-publish","4":"has-post-thumbnail","6":"product_brand-raj","7":"product_cat-bogactwo","8":"product_cat-harmonia","9":"product_cat-milosc","10":"product_cat-ochrona","11":"product_cat-patyczkowe","12":"product_cat-pokoj","13":"product_cat-akcesoria-magiczne","14":"product_cat-kadzidelka","15":"product_cat-lawenda","16":"product_cat-sklep-ezoteryczny","17":"product_cat-zapachy","18":"product_tag-sklep-z-kadzidelkami","20":"first","21":"instock","22":"shipping-taxable","23":"purchasable","24":"product-type-simple"},"_links":{"self":[{"href":"https:\/\/izoteryk.pl\/index.php?rest_route=\/wp\/v2\/product\/6144","targetHints":{"allow":["GET"]}}],"collection":[{"href":"https:\/\/izoteryk.pl\/index.php?rest_route=\/wp\/v2\/product"}],"about":[{"href":"https:\/\/izoteryk.pl\/index.php?rest_route=\/wp\/v2\/types\/product"}],"replies":[{"embeddable":true,"href":"https:\/\/izoteryk.pl\/index.php?rest_route=%2Fwp%2Fv2%2Fcomments&post=6144"}],"wp:featuredmedia":[{"embeddable":true,"href":"https:\/\/izoteryk.pl\/index.php?rest_route=\/wp\/v2\/media\/6145"}],"wp:attachment":[{"href":"https:\/\/izoteryk.pl\/index.php?rest_route=%2Fwp%2Fv2%2Fmedia&parent=6144"}],"wp:term":[{"taxonomy":"product_brand","embeddable":true,"href":"https:\/\/izoteryk.pl\/index.php?rest_route=%2Fwp%2Fv2%2Fproduct_brand&post=6144"},{"taxonomy":"product_cat","embeddable":true,"href":"https:\/\/izoteryk.pl\/index.php?rest_route=%2Fwp%2Fv2%2Fproduct_cat&post=6144"},{"taxonomy":"product_tag","embeddable":true,"href":"https:\/\/izoteryk.pl\/index.php?rest_route=%2Fwp%2Fv2%2Fproduct_tag&post=6144"}],"curies":[{"name":"wp","href":"https:\/\/api.w.org\/{rel}","templated":true}]}}