{"id":6132,"date":"2026-02-14T19:48:45","date_gmt":"2026-02-14T18:48:45","guid":{"rendered":"https:\/\/izoteryk.pl\/?post_type=product&#038;p=6132"},"modified":"2026-02-14T22:01:48","modified_gmt":"2026-02-14T21:01:48","slug":"palo-santo-kadzidelka-pylkowe-satya","status":"publish","type":"product","link":"https:\/\/izoteryk.pl\/?product=palo-santo-kadzidelka-pylkowe-satya","title":{"rendered":"Palo Santo &#8211; kadzide\u0142ka py\u0142kowe &#8211; SATYA"},"content":{"rendered":"<p>Kadzide\u0142ka py\u0142kowe na patyczkach marki SATYA o zapachu Palo Santo.<\/p>\n<p>Palo Santo, czyli z hiszpa\u0144skiego \u015bwi\u0119te drzewo uspokaja umys\u0142, zwi\u0119ksza przep\u0142yw energii. Wiara w cudowne w\u0142a\u015bciwo\u015bci tego drzewa pochodzi z ameryki po\u0142udniowej. Wraz z bia\u0142\u0105 sza\u0142wi\u0105 jest to najbardziej popularna ro\u015blina s\u0142u\u017c\u0105ca do oczyszczania ze z\u0142ych energii.<\/p>\n<p>Uwaga!: Przy paleniu kadzide\u0142ek nale\u017cy zachowa\u0107 ostro\u017cno\u015b\u0107 \u2013 zadba\u0107 o odpowiedni\u0105 cyrkulacj\u0119 powietrza, pali\u0107 je w przeznaczonych do tego podstawkach, nie stawia\u0107 przy oknie, nie zostawia\u0107 zapalonego kadzide\u0142ka bez dozoru, chroni\u0107 przed dzie\u0107mi i zwierz\u0119tami.<\/p>\n","protected":false},"excerpt":{"rendered":"<p>SPECYFIKACJA:<\/p>\n<ul>\n<li>Stan: nowy<\/li>\n<li>Marka: SATYA<\/li>\n<li>Zapach: Palo Santo<\/li>\n<li>D\u0142ugo\u015b\u0107 opakowania: 21cm<\/li>\n<li>Ilo\u015b\u0107 sztuk w opakowaniu: 12 do 14 (15g)<\/li>\n<\/ul>\n","protected":false},"featured_media":6133,"comment_status":"open","ping_status":"closed","template":"","meta":[],"product_brand":[426],"product_cat":[113,124,204,107,116,238,232,189,190,137,201,148,160,243,174,84,161],"product_tag":[422,425],"class_list":{"0":"post-6132","1":"product","2":"type-product","3":"status-publish","4":"has-post-thumbnail","6":"product_brand-satya","7":"product_cat-bogactwo","8":"product_cat-harmonia","9":"product_cat-obfitosc","10":"product_cat-ochrona","11":"product_cat-oczyszczanie","12":"product_cat-patyczkowe","13":"product_cat-sila","14":"product_cat-sila-przebicia","15":"product_cat-spokoj","16":"product_cat-sukces","17":"product_cat-szczescie","18":"product_cat-akcesoria-magiczne","19":"product_cat-kadzidelka","20":"product_cat-palo-santo","21":"product_cat-pozbywanie-sie-blokad","22":"product_cat-sklep-ezoteryczny","23":"product_cat-zapachy","24":"product_tag-palo-santo","25":"product_tag-sklep-z-kadzidelkami","27":"first","28":"instock","29":"shipping-taxable","30":"purchasable","31":"product-type-simple"},"_links":{"self":[{"href":"https:\/\/izoteryk.pl\/index.php?rest_route=\/wp\/v2\/product\/6132","targetHints":{"allow":["GET"]}}],"collection":[{"href":"https:\/\/izoteryk.pl\/index.php?rest_route=\/wp\/v2\/product"}],"about":[{"href":"https:\/\/izoteryk.pl\/index.php?rest_route=\/wp\/v2\/types\/product"}],"replies":[{"embeddable":true,"href":"https:\/\/izoteryk.pl\/index.php?rest_route=%2Fwp%2Fv2%2Fcomments&post=6132"}],"wp:featuredmedia":[{"embeddable":true,"href":"https:\/\/izoteryk.pl\/index.php?rest_route=\/wp\/v2\/media\/6133"}],"wp:attachment":[{"href":"https:\/\/izoteryk.pl\/index.php?rest_route=%2Fwp%2Fv2%2Fmedia&parent=6132"}],"wp:term":[{"taxonomy":"product_brand","embeddable":true,"href":"https:\/\/izoteryk.pl\/index.php?rest_route=%2Fwp%2Fv2%2Fproduct_brand&post=6132"},{"taxonomy":"product_cat","embeddable":true,"href":"https:\/\/izoteryk.pl\/index.php?rest_route=%2Fwp%2Fv2%2Fproduct_cat&post=6132"},{"taxonomy":"product_tag","embeddable":true,"href":"https:\/\/izoteryk.pl\/index.php?rest_route=%2Fwp%2Fv2%2Fproduct_tag&post=6132"}],"curies":[{"name":"wp","href":"https:\/\/api.w.org\/{rel}","templated":true}]}}