{"id":6074,"date":"2025-05-03T09:37:11","date_gmt":"2025-05-03T07:37:11","guid":{"rendered":"https:\/\/izoteryk.pl\/?post_type=product&#038;p=6074"},"modified":"2026-01-05T15:25:43","modified_gmt":"2026-01-05T14:25:43","slug":"karneol-surowa-brylka-waga-ok-30-32-g-2","status":"publish","type":"product","link":"https:\/\/izoteryk.pl\/?product=karneol-surowa-brylka-waga-ok-30-32-g-2","title":{"rendered":"Karneol &#8211; surowa bry\u0142ka &#8211; waga ok 30 &#8211; 32 g"},"content":{"rendered":"<p>Karneol &#8211; cena za 1 szt surowej bry\u0142ki. Rozmiar to ok 38 &#8211; 45 mm.<\/p>\n<p>W\u0142a\u015bciwo\u015bci:<\/p>\n<p>Karneol jest kamieniem pobudzaj\u0105cym do dzia\u0142ania, wzmagaj\u0105cym energi\u0119, daj\u0105cym ch\u0119ci do czerpania rado\u015bci z \u017cycia, jest zwi\u0105zany z czakr\u0105 drug\u0105 &#8211; sakraln\u0105 odpowiadaj\u0105c\u0105 za wszelkie przyjemno\u015bci i zdrow\u0105 sfer\u0119 seksualn\u0105.<\/p>\n","protected":false},"excerpt":{"rendered":"<p>SPECYFIKACJA:<\/p>\n<ul>\n<li>Stan: nowy<\/li>\n<li>Pochodzenie: Indie<\/li>\n<li>Nazwa: Karneol<\/li>\n<li>Waga: ok 30 &#8211; 32 g<\/li>\n<li>Rozmiar: ok 38 &#8211; 45 mm<\/li>\n<\/ul>\n","protected":false},"featured_media":5726,"comment_status":"open","ping_status":"closed","template":"","meta":[],"product_brand":[],"product_cat":[176,188,233,178,177,232,201,34,389,87,324,407,91,30,84,83],"product_tag":[],"class_list":{"0":"post-6074","1":"product","2":"type-product","3":"status-publish","4":"has-post-thumbnail","6":"product_cat-czerwony","7":"product_cat-namietnosc","8":"product_cat-odwaga","9":"product_cat-pomaranczowy","10":"product_cat-radosc","11":"product_cat-sila","12":"product_cat-szczescie","13":"product_cat-amulety-i-talizmany","14":"product_cat-kalcyt","15":"product_cat-kamien","16":"product_cat-karneol","17":"product_cat-karneol-mineraly","18":"product_cat-kolor","19":"product_cat-mineraly","20":"product_cat-sklep-ezoteryczny","21":"product_cat-z-kamienia-amulety-i-talizmany","23":"first","24":"instock","25":"shipping-taxable","26":"purchasable","27":"product-type-simple"},"_links":{"self":[{"href":"https:\/\/izoteryk.pl\/index.php?rest_route=\/wp\/v2\/product\/6074","targetHints":{"allow":["GET"]}}],"collection":[{"href":"https:\/\/izoteryk.pl\/index.php?rest_route=\/wp\/v2\/product"}],"about":[{"href":"https:\/\/izoteryk.pl\/index.php?rest_route=\/wp\/v2\/types\/product"}],"replies":[{"embeddable":true,"href":"https:\/\/izoteryk.pl\/index.php?rest_route=%2Fwp%2Fv2%2Fcomments&post=6074"}],"wp:featuredmedia":[{"embeddable":true,"href":"https:\/\/izoteryk.pl\/index.php?rest_route=\/wp\/v2\/media\/5726"}],"wp:attachment":[{"href":"https:\/\/izoteryk.pl\/index.php?rest_route=%2Fwp%2Fv2%2Fmedia&parent=6074"}],"wp:term":[{"taxonomy":"product_brand","embeddable":true,"href":"https:\/\/izoteryk.pl\/index.php?rest_route=%2Fwp%2Fv2%2Fproduct_brand&post=6074"},{"taxonomy":"product_cat","embeddable":true,"href":"https:\/\/izoteryk.pl\/index.php?rest_route=%2Fwp%2Fv2%2Fproduct_cat&post=6074"},{"taxonomy":"product_tag","embeddable":true,"href":"https:\/\/izoteryk.pl\/index.php?rest_route=%2Fwp%2Fv2%2Fproduct_tag&post=6074"}],"curies":[{"name":"wp","href":"https:\/\/api.w.org\/{rel}","templated":true}]}}