{"id":6065,"date":"2025-04-08T20:22:10","date_gmt":"2025-04-08T18:22:10","guid":{"rendered":"https:\/\/izoteryk.pl\/?post_type=product&#038;p=6065"},"modified":"2026-01-05T15:27:45","modified_gmt":"2026-01-05T14:27:45","slug":"szklana-krysztalowa-kula-60-mm","status":"publish","type":"product","link":"https:\/\/izoteryk.pl\/?product=szklana-krysztalowa-kula-60-mm","title":{"rendered":"Szklana &#8222;kryszta\u0142owa&#8221; kula 60 mm"},"content":{"rendered":"<p>Szklana kula o \u015brednicy 6 cm na szklanej podstawce.<\/p>\n<p>Szklana kula to narz\u0119dzie wr\u00f3\u017cbiarskie w kt\u00f3rym obdarzona talentem wr\u00f3\u017cka mo\u017ce zobaczy\u0107 obrazy, ruchome b\u0105d\u017a nieruchome wizje, kt\u00f3re niekoniecznie musz\u0105 by\u0107 wizj\u0105 przysz\u0142o\u015bci &#8211; mog\u0105 one by\u0107 podobnie jak sen pe\u0142nym symboli rebusem do rozwi\u0105zania.<\/p>\n","protected":false},"excerpt":{"rendered":"<p>SPECYFIKACJA;<\/p>\n<ul>\n<li>Stan: nowe<\/li>\n<li>Materia\u0142: szk\u0142o<\/li>\n<li>Wymiary kuli: 60 mm<\/li>\n<\/ul>\n","protected":false},"featured_media":6066,"comment_status":"open","ping_status":"closed","template":"","meta":[],"product_brand":[],"product_cat":[148,84,436],"product_tag":[],"class_list":{"0":"post-6065","1":"product","2":"type-product","3":"status-publish","4":"has-post-thumbnail","6":"product_cat-akcesoria-magiczne","7":"product_cat-sklep-ezoteryczny","8":"product_cat-szklane-kule","10":"first","11":"instock","12":"shipping-taxable","13":"purchasable","14":"product-type-simple"},"_links":{"self":[{"href":"https:\/\/izoteryk.pl\/index.php?rest_route=\/wp\/v2\/product\/6065","targetHints":{"allow":["GET"]}}],"collection":[{"href":"https:\/\/izoteryk.pl\/index.php?rest_route=\/wp\/v2\/product"}],"about":[{"href":"https:\/\/izoteryk.pl\/index.php?rest_route=\/wp\/v2\/types\/product"}],"replies":[{"embeddable":true,"href":"https:\/\/izoteryk.pl\/index.php?rest_route=%2Fwp%2Fv2%2Fcomments&post=6065"}],"wp:featuredmedia":[{"embeddable":true,"href":"https:\/\/izoteryk.pl\/index.php?rest_route=\/wp\/v2\/media\/6066"}],"wp:attachment":[{"href":"https:\/\/izoteryk.pl\/index.php?rest_route=%2Fwp%2Fv2%2Fmedia&parent=6065"}],"wp:term":[{"taxonomy":"product_brand","embeddable":true,"href":"https:\/\/izoteryk.pl\/index.php?rest_route=%2Fwp%2Fv2%2Fproduct_brand&post=6065"},{"taxonomy":"product_cat","embeddable":true,"href":"https:\/\/izoteryk.pl\/index.php?rest_route=%2Fwp%2Fv2%2Fproduct_cat&post=6065"},{"taxonomy":"product_tag","embeddable":true,"href":"https:\/\/izoteryk.pl\/index.php?rest_route=%2Fwp%2Fv2%2Fproduct_tag&post=6065"}],"curies":[{"name":"wp","href":"https:\/\/api.w.org\/{rel}","templated":true}]}}