{"id":6055,"date":"2025-04-07T18:26:03","date_gmt":"2025-04-07T16:26:03","guid":{"rendered":"https:\/\/izoteryk.pl\/?post_type=product&#038;p=6055"},"modified":"2026-01-05T15:30:24","modified_gmt":"2026-01-05T14:30:24","slug":"lew-swieca-z-wosku-pszczelego-na-odwage","status":"publish","type":"product","link":"https:\/\/izoteryk.pl\/?product=lew-swieca-z-wosku-pszczelego-na-odwage","title":{"rendered":"Lew &#8211; \u015bwieca z wosku pszczelego &#8211; na odwag\u0119"},"content":{"rendered":"<p>\u015awieca z naturalnego wosku pszczelego przedstawiaj\u0105ca lwa, kt\u00f3ry w wielu kulturach jest symbolem odwagi.<\/p>\n<p>\u015awiec\u0119 mo\u017cna wykorzysta\u0107 do rytua\u0142\u00f3w zwi\u0105zanych z dodaniem odwagi w r\u00f3\u017cnych dziedzinach \u017cycia &#8211; chodzi tu nie tyle o odwag\u0119 podczas walki a raczej wyzwolenie jej w sobie przy podejmowaniu r\u00f3\u017cnych decyzji, czy to zawodowych, czy uczuciowych oraz mo\u017ce pom\u00f3c w przedsi\u0119wzi\u0119ciu krok\u00f3w, czy dzia\u0142a\u0144 potrzebnych do uzyskania zamierzonych cel\u00f3w.<\/p>\n<p>Zapalenie \u015bwiecy nie daje gwarancji sukcesu a jedynie mo\u017ce pom\u00f3c w przezwyci\u0119\u017ceniu l\u0119k\u00f3w, czy w odsuni\u0119ciu blokuj\u0105cych my\u015bli utrudniaj\u0105cych wykorzystanie pe\u0142nego potencja\u0142u potrzebnego do realizacji marze\u0144.<\/p>\n<p>\u015awieca jest zalewana r\u0119cznie.<\/p>\n<p>&nbsp;<\/p>\n","protected":false},"excerpt":{"rendered":"<p>SPECYFIKACJA:<\/p>\n<ul>\n<li>Stan: nowe<\/li>\n<li>Materia\u0142: Wosk pszczeli<\/li>\n<li>Knot: bawe\u0142niany<\/li>\n<li>Wymiary \u015bwiecy: wysoko\u015b\u0107 ok 8 cm<\/li>\n<li>Czas palenia: 4 godz.<\/li>\n<\/ul>\n","protected":false},"featured_media":6056,"comment_status":"open","ping_status":"closed","template":"","meta":[],"product_brand":[],"product_cat":[93,148,91,84,171,185],"product_tag":[],"class_list":{"0":"post-6055","1":"product","2":"type-product","3":"status-publish","4":"has-post-thumbnail","6":"product_cat-zolty","7":"product_cat-akcesoria-magiczne","8":"product_cat-kolor","9":"product_cat-sklep-ezoteryczny","10":"product_cat-swieczki","11":"product_cat-z-wosku-pszczelego","12":"product_shipping_class-rozmiar-l","14":"first","15":"instock","16":"shipping-taxable","17":"purchasable","18":"product-type-simple"},"_links":{"self":[{"href":"https:\/\/izoteryk.pl\/index.php?rest_route=\/wp\/v2\/product\/6055","targetHints":{"allow":["GET"]}}],"collection":[{"href":"https:\/\/izoteryk.pl\/index.php?rest_route=\/wp\/v2\/product"}],"about":[{"href":"https:\/\/izoteryk.pl\/index.php?rest_route=\/wp\/v2\/types\/product"}],"replies":[{"embeddable":true,"href":"https:\/\/izoteryk.pl\/index.php?rest_route=%2Fwp%2Fv2%2Fcomments&post=6055"}],"wp:featuredmedia":[{"embeddable":true,"href":"https:\/\/izoteryk.pl\/index.php?rest_route=\/wp\/v2\/media\/6056"}],"wp:attachment":[{"href":"https:\/\/izoteryk.pl\/index.php?rest_route=%2Fwp%2Fv2%2Fmedia&parent=6055"}],"wp:term":[{"taxonomy":"product_brand","embeddable":true,"href":"https:\/\/izoteryk.pl\/index.php?rest_route=%2Fwp%2Fv2%2Fproduct_brand&post=6055"},{"taxonomy":"product_cat","embeddable":true,"href":"https:\/\/izoteryk.pl\/index.php?rest_route=%2Fwp%2Fv2%2Fproduct_cat&post=6055"},{"taxonomy":"product_tag","embeddable":true,"href":"https:\/\/izoteryk.pl\/index.php?rest_route=%2Fwp%2Fv2%2Fproduct_tag&post=6055"}],"curies":[{"name":"wp","href":"https:\/\/api.w.org\/{rel}","templated":true}]}}