{"id":6052,"date":"2025-04-07T17:35:48","date_gmt":"2025-04-07T15:35:48","guid":{"rendered":"https:\/\/izoteryk.pl\/?post_type=product&#038;p=6052"},"modified":"2026-01-05T15:31:37","modified_gmt":"2026-01-05T14:31:37","slug":"swieca-programowa-szeptana-z-wosku-pszczelego-z-cynamonem-umocnienie-biznesu","status":"publish","type":"product","link":"https:\/\/izoteryk.pl\/?product=swieca-programowa-szeptana-z-wosku-pszczelego-z-cynamonem-umocnienie-biznesu","title":{"rendered":"\u015awieca programowa szeptana z wosku pszczelego z cynamonem &#8211; umocnienie biznesu"},"content":{"rendered":"<p>Zielona \u015bwieczka z wosku pszczelego \u2013 programowa szeptana \u2013 zwijana z w\u0119zy przy zapalonej \u015bwiecy podczas pe\u0142ni ksi\u0119\u017cyca \u2013 zawiera w sobie szczypt\u0119 cynamonu, podczas zwijania szeptane by\u0142y formu\u0142ki magiczne na umocnienie biznesu.<\/p>\n<p>\u015awieca jest zaprogramowana i gotowa do odpalenia, jednak mo\u017cna j\u0105 dodatkowo nama\u015bci\u0107 lub okadzi\u0107 \u2013 mo\u017cna j\u0105 po prostu zapali\u0107 z intencj\u0105 lub wykorzysta\u0107 jako dodatek do wzmocnienia rytua\u0142\u00f3w.<\/p>\n<p>Odpowiednia pora do zapalenia tej \u015bwiecy to pe\u0142nia ksi\u0119\u017cyca.<\/p>\n<p>Dzia\u0142anie \u015bwiecy: \u015awieca wzmacnia struktur\u0119 ju\u017c istniej\u0105cego (realnie dzia\u0142aj\u0105cego lub dok\u0142adnie zaplanowanego) biznesu.<\/p>\n<p>&nbsp;<\/p>\n<p>&nbsp;<\/p>\n","protected":false},"excerpt":{"rendered":"<p>SPECYFIKACJA<\/p>\n<ul>\n<li>Rodzaj: programowa szeptana zwijana z w\u0119zy<\/li>\n<li>Kolor: zielony<\/li>\n<li>Knot: bawe\u0142niany<\/li>\n<li>Materia\u0142: wosk pszczeli posypany szczypt\u0105 cynamonu<\/li>\n<li>Rozmiar: 120 x 8 mm<\/li>\n<li>Czas palenia: ok. 60 minut<\/li>\n<\/ul>\n","protected":false},"featured_media":6053,"comment_status":"open","ping_status":"closed","template":"","meta":[],"product_brand":[],"product_cat":[113,204,137,102,429,148,91,84,171,185],"product_tag":[435,187,434],"class_list":{"0":"post-6052","1":"product","2":"type-product","3":"status-publish","4":"has-post-thumbnail","6":"product_cat-bogactwo","7":"product_cat-obfitosc","8":"product_cat-sukces","9":"product_cat-zielony","10":"product_cat-zwijana-z-wezy","11":"product_cat-akcesoria-magiczne","12":"product_cat-kolor","13":"product_cat-sklep-ezoteryczny","14":"product_cat-swieczki","15":"product_cat-z-wosku-pszczelego","16":"product_tag-programowa","17":"product_tag-swieczka-rytualna","18":"product_tag-szeptana","20":"first","21":"instock","22":"shipping-taxable","23":"purchasable","24":"product-type-simple"},"_links":{"self":[{"href":"https:\/\/izoteryk.pl\/index.php?rest_route=\/wp\/v2\/product\/6052","targetHints":{"allow":["GET"]}}],"collection":[{"href":"https:\/\/izoteryk.pl\/index.php?rest_route=\/wp\/v2\/product"}],"about":[{"href":"https:\/\/izoteryk.pl\/index.php?rest_route=\/wp\/v2\/types\/product"}],"replies":[{"embeddable":true,"href":"https:\/\/izoteryk.pl\/index.php?rest_route=%2Fwp%2Fv2%2Fcomments&post=6052"}],"wp:featuredmedia":[{"embeddable":true,"href":"https:\/\/izoteryk.pl\/index.php?rest_route=\/wp\/v2\/media\/6053"}],"wp:attachment":[{"href":"https:\/\/izoteryk.pl\/index.php?rest_route=%2Fwp%2Fv2%2Fmedia&parent=6052"}],"wp:term":[{"taxonomy":"product_brand","embeddable":true,"href":"https:\/\/izoteryk.pl\/index.php?rest_route=%2Fwp%2Fv2%2Fproduct_brand&post=6052"},{"taxonomy":"product_cat","embeddable":true,"href":"https:\/\/izoteryk.pl\/index.php?rest_route=%2Fwp%2Fv2%2Fproduct_cat&post=6052"},{"taxonomy":"product_tag","embeddable":true,"href":"https:\/\/izoteryk.pl\/index.php?rest_route=%2Fwp%2Fv2%2Fproduct_tag&post=6052"}],"curies":[{"name":"wp","href":"https:\/\/api.w.org\/{rel}","templated":true}]}}