{"id":6049,"date":"2025-04-07T16:42:47","date_gmt":"2025-04-07T14:42:47","guid":{"rendered":"https:\/\/izoteryk.pl\/?post_type=product&#038;p=6049"},"modified":"2026-01-05T15:32:47","modified_gmt":"2026-01-05T14:32:47","slug":"swieca-programowa-szeptana-z-wosku-pszczelego-z-rumiankiem-wzmocnienie-zdrowia","status":"publish","type":"product","link":"https:\/\/izoteryk.pl\/?product=swieca-programowa-szeptana-z-wosku-pszczelego-z-rumiankiem-wzmocnienie-zdrowia","title":{"rendered":"\u015awieca programowa szeptana z wosku pszczelego z rumiankiem &#8211; wzmocnienie zdrowia"},"content":{"rendered":"<p>Zielona \u015bwieczka z wosku pszczelego \u2013 programowa szeptana \u2013 zwijana z w\u0119zy przy zapalonej \u015bwiecy podczas pe\u0142ni ksi\u0119\u017cyca \u2013 zawiera w sobie szczypt\u0119 rumianku, podczas zwijania szeptane by\u0142y formu\u0142ki magiczne na wzmocnienie zdrowia.<\/p>\n<p>\u015awieca jest zaprogramowana i gotowa do odpalenia, jednak mo\u017cna j\u0105 dodatkowo nama\u015bci\u0107 lub okadzi\u0107 \u2013 mo\u017cna j\u0105 po prostu zapali\u0107 z intencj\u0105 lub wykorzysta\u0107 jako dodatek do wzmocnienia rytua\u0142\u00f3w.<\/p>\n<p>Odpowiednia pora do zapalenia tej \u015bwiecy to pe\u0142nia ksi\u0119\u017cyca.<\/p>\n<p>Uwaga! \u015awieca nie mo\u017ce zast\u0105pi\u0107 lek\u00f3w &#8211; mo\u017ce by\u0107 jedynie dodatkiem do konwencjonalnej terapii, kt\u00f3rej nie nale\u017cy przerywa\u0107 lub unika\u0107 &#8211; od leczenia s\u0105 lekarze a nie \u015bwieczka.<\/p>\n<p>&nbsp;<\/p>\n","protected":false},"excerpt":{"rendered":"<p>SPECYFIKACJA<\/p>\n<ul>\n<li>Rodzaj: programowa szeptana zwijana z w\u0119zy<\/li>\n<li>Kolor: zielony<\/li>\n<li>Knot: bawe\u0142niany<\/li>\n<li>Materia\u0142: wosk pszczeli posypany szczypt\u0105 rumianku<\/li>\n<li>Rozmiar: 120 x 8 mm<\/li>\n<li>Czas palenia: ok. 60 minut<\/li>\n<\/ul>\n","protected":false},"featured_media":6050,"comment_status":"open","ping_status":"closed","template":"","meta":[],"product_brand":[],"product_cat":[112,102,429,148,91,84,171,185],"product_tag":[435,187,434],"class_list":{"0":"post-6049","1":"product","2":"type-product","3":"status-publish","4":"has-post-thumbnail","6":"product_cat-zdrowie","7":"product_cat-zielony","8":"product_cat-zwijana-z-wezy","9":"product_cat-akcesoria-magiczne","10":"product_cat-kolor","11":"product_cat-sklep-ezoteryczny","12":"product_cat-swieczki","13":"product_cat-z-wosku-pszczelego","14":"product_tag-programowa","15":"product_tag-swieczka-rytualna","16":"product_tag-szeptana","18":"first","19":"instock","20":"shipping-taxable","21":"purchasable","22":"product-type-simple"},"_links":{"self":[{"href":"https:\/\/izoteryk.pl\/index.php?rest_route=\/wp\/v2\/product\/6049","targetHints":{"allow":["GET"]}}],"collection":[{"href":"https:\/\/izoteryk.pl\/index.php?rest_route=\/wp\/v2\/product"}],"about":[{"href":"https:\/\/izoteryk.pl\/index.php?rest_route=\/wp\/v2\/types\/product"}],"replies":[{"embeddable":true,"href":"https:\/\/izoteryk.pl\/index.php?rest_route=%2Fwp%2Fv2%2Fcomments&post=6049"}],"wp:featuredmedia":[{"embeddable":true,"href":"https:\/\/izoteryk.pl\/index.php?rest_route=\/wp\/v2\/media\/6050"}],"wp:attachment":[{"href":"https:\/\/izoteryk.pl\/index.php?rest_route=%2Fwp%2Fv2%2Fmedia&parent=6049"}],"wp:term":[{"taxonomy":"product_brand","embeddable":true,"href":"https:\/\/izoteryk.pl\/index.php?rest_route=%2Fwp%2Fv2%2Fproduct_brand&post=6049"},{"taxonomy":"product_cat","embeddable":true,"href":"https:\/\/izoteryk.pl\/index.php?rest_route=%2Fwp%2Fv2%2Fproduct_cat&post=6049"},{"taxonomy":"product_tag","embeddable":true,"href":"https:\/\/izoteryk.pl\/index.php?rest_route=%2Fwp%2Fv2%2Fproduct_tag&post=6049"}],"curies":[{"name":"wp","href":"https:\/\/api.w.org\/{rel}","templated":true}]}}