{"id":6047,"date":"2025-04-06T15:50:39","date_gmt":"2025-04-06T13:50:39","guid":{"rendered":"https:\/\/izoteryk.pl\/?post_type=product&#038;p=6047"},"modified":"2026-01-05T15:35:20","modified_gmt":"2026-01-05T14:35:20","slug":"venus-swieca-z-wosku-pszczelego","status":"publish","type":"product","link":"https:\/\/izoteryk.pl\/?product=venus-swieca-z-wosku-pszczelego","title":{"rendered":"Venus &#8211; \u015bwieca z wosku pszczelego"},"content":{"rendered":"<p>\u015awieca z naturalnego wosku pszczelego przedstawiaj\u0105ca pos\u0105g Venus &#8211; rzymskiej bogini mi\u0142o\u015bci, p\u0142odno\u015bci, po\u017c\u0105dania,\u00a0 urodzaju i pi\u0119kna.<\/p>\n<p>\u015awiec\u0119 mo\u017cna wykorzysta\u0107 do wzmocnienia rytua\u0142\u00f3w mi\u0142osnych i rytua\u0142\u00f3w zwi\u0105zanych z urod\u0105, mo\u017ce te\u017c by\u0107 cudown\u0105 ozdob\u0105 domu.<\/p>\n<p>\u015awieca jest zalewana r\u0119cznie.<\/p>\n<p>Uwaga! Ka\u017cda ze \u015bwieczek ma utr\u0105cony nosek!<\/p>\n<p>&nbsp;<\/p>\n","protected":false},"excerpt":{"rendered":"<p>SPECYFIKACJA:<\/p>\n<ul>\n<li>Stan: nowe<\/li>\n<li>Materia\u0142: Wosk pszczeli<\/li>\n<li>Knot: bawe\u0142niany<\/li>\n<li>Wymiary \u015bwiecy: wysoko\u015b\u0107 ok 13,5 cm, podstawa 3 x 3 cm<\/li>\n<li>Czas palenia: brak danych<\/li>\n<\/ul>\n","protected":false},"featured_media":6048,"comment_status":"open","ping_status":"closed","template":"","meta":[],"product_brand":[],"product_cat":[134,85,188,204,245,93,148,91,84,171,185],"product_tag":[],"class_list":{"0":"post-6047","1":"product","2":"type-product","3":"status-publish","4":"has-post-thumbnail","6":"product_cat-kobiecosc","7":"product_cat-milosc","8":"product_cat-namietnosc","9":"product_cat-obfitosc","10":"product_cat-piekno","11":"product_cat-zolty","12":"product_cat-akcesoria-magiczne","13":"product_cat-kolor","14":"product_cat-sklep-ezoteryczny","15":"product_cat-swieczki","16":"product_cat-z-wosku-pszczelego","17":"product_shipping_class-rozmiar-l","19":"first","20":"instock","21":"shipping-taxable","22":"purchasable","23":"product-type-simple"},"_links":{"self":[{"href":"https:\/\/izoteryk.pl\/index.php?rest_route=\/wp\/v2\/product\/6047","targetHints":{"allow":["GET"]}}],"collection":[{"href":"https:\/\/izoteryk.pl\/index.php?rest_route=\/wp\/v2\/product"}],"about":[{"href":"https:\/\/izoteryk.pl\/index.php?rest_route=\/wp\/v2\/types\/product"}],"replies":[{"embeddable":true,"href":"https:\/\/izoteryk.pl\/index.php?rest_route=%2Fwp%2Fv2%2Fcomments&post=6047"}],"wp:featuredmedia":[{"embeddable":true,"href":"https:\/\/izoteryk.pl\/index.php?rest_route=\/wp\/v2\/media\/6048"}],"wp:attachment":[{"href":"https:\/\/izoteryk.pl\/index.php?rest_route=%2Fwp%2Fv2%2Fmedia&parent=6047"}],"wp:term":[{"taxonomy":"product_brand","embeddable":true,"href":"https:\/\/izoteryk.pl\/index.php?rest_route=%2Fwp%2Fv2%2Fproduct_brand&post=6047"},{"taxonomy":"product_cat","embeddable":true,"href":"https:\/\/izoteryk.pl\/index.php?rest_route=%2Fwp%2Fv2%2Fproduct_cat&post=6047"},{"taxonomy":"product_tag","embeddable":true,"href":"https:\/\/izoteryk.pl\/index.php?rest_route=%2Fwp%2Fv2%2Fproduct_tag&post=6047"}],"curies":[{"name":"wp","href":"https:\/\/api.w.org\/{rel}","templated":true}]}}