{"id":6043,"date":"2025-04-06T13:53:58","date_gmt":"2025-04-06T11:53:58","guid":{"rendered":"https:\/\/izoteryk.pl\/?post_type=product&#038;p=6043"},"modified":"2026-01-05T15:39:14","modified_gmt":"2026-01-05T14:39:14","slug":"maly-budda-swieca-wosku-pszczelego","status":"publish","type":"product","link":"https:\/\/izoteryk.pl\/?product=maly-budda-swieca-wosku-pszczelego","title":{"rendered":"Ma\u0142y Budda &#8211; \u015bwieca z wosku pszczelego"},"content":{"rendered":"<p>Ma\u0142a, \u017c\u00f3\u0142ta \u015bwieczka z naturalnego wosku pszczelego przedstawiaj\u0105ca ma\u0142ego medytuj\u0105cego Budd\u0119.<\/p>\n<p>\u015awieca jest zalewana r\u0119cznie.<\/p>\n<p>&nbsp;<\/p>\n","protected":false},"excerpt":{"rendered":"<p>SPECYFIKACJA:<\/p>\n<ul>\n<li>Stan: nowe<\/li>\n<li>Materia\u0142: Wosk pszczeli<\/li>\n<li>Knot: bawe\u0142niany<\/li>\n<li>Wymiary \u015bwiecy: 6 x 3,5 x 2,2 cm<\/li>\n<li>Czas palenia: ok. 2 godziny<\/li>\n<\/ul>\n","protected":false},"featured_media":6044,"comment_status":"open","ping_status":"closed","template":"","meta":[],"product_brand":[],"product_cat":[124,114,190,93,148,168,91,84,171,185],"product_tag":[],"class_list":{"0":"post-6043","1":"product","2":"type-product","3":"status-publish","4":"has-post-thumbnail","6":"product_cat-harmonia","7":"product_cat-rownowaga","8":"product_cat-spokoj","9":"product_cat-zolty","10":"product_cat-akcesoria-magiczne","11":"product_cat-budda","12":"product_cat-kolor","13":"product_cat-sklep-ezoteryczny","14":"product_cat-swieczki","15":"product_cat-z-wosku-pszczelego","16":"product_shipping_class-rozmiar-l","18":"first","19":"instock","20":"shipping-taxable","21":"purchasable","22":"product-type-simple"},"_links":{"self":[{"href":"https:\/\/izoteryk.pl\/index.php?rest_route=\/wp\/v2\/product\/6043","targetHints":{"allow":["GET"]}}],"collection":[{"href":"https:\/\/izoteryk.pl\/index.php?rest_route=\/wp\/v2\/product"}],"about":[{"href":"https:\/\/izoteryk.pl\/index.php?rest_route=\/wp\/v2\/types\/product"}],"replies":[{"embeddable":true,"href":"https:\/\/izoteryk.pl\/index.php?rest_route=%2Fwp%2Fv2%2Fcomments&post=6043"}],"wp:featuredmedia":[{"embeddable":true,"href":"https:\/\/izoteryk.pl\/index.php?rest_route=\/wp\/v2\/media\/6044"}],"wp:attachment":[{"href":"https:\/\/izoteryk.pl\/index.php?rest_route=%2Fwp%2Fv2%2Fmedia&parent=6043"}],"wp:term":[{"taxonomy":"product_brand","embeddable":true,"href":"https:\/\/izoteryk.pl\/index.php?rest_route=%2Fwp%2Fv2%2Fproduct_brand&post=6043"},{"taxonomy":"product_cat","embeddable":true,"href":"https:\/\/izoteryk.pl\/index.php?rest_route=%2Fwp%2Fv2%2Fproduct_cat&post=6043"},{"taxonomy":"product_tag","embeddable":true,"href":"https:\/\/izoteryk.pl\/index.php?rest_route=%2Fwp%2Fv2%2Fproduct_tag&post=6043"}],"curies":[{"name":"wp","href":"https:\/\/api.w.org\/{rel}","templated":true}]}}