{"id":6040,"date":"2025-04-05T15:16:02","date_gmt":"2025-04-05T13:16:02","guid":{"rendered":"https:\/\/izoteryk.pl\/?post_type=product&#038;p=6040"},"modified":"2026-01-05T15:40:54","modified_gmt":"2026-01-05T14:40:54","slug":"czerwona-swieca-programowa-szeptana-z-wosku-pszczelego-na-wzmocnienie-zwiazku","status":"publish","type":"product","link":"https:\/\/izoteryk.pl\/?product=czerwona-swieca-programowa-szeptana-z-wosku-pszczelego-na-wzmocnienie-zwiazku","title":{"rendered":"Czerwona \u015bwieca programowa szeptana &#8211; z wosku pszczelego &#8211; na umocnienie zwi\u0105zku"},"content":{"rendered":"<p>Czerwona \u015bwieczka z wosku pszczelego &#8211; programowa szeptana &#8211; zwijana z w\u0119zy przy zapalonej \u015bwiecy podczas pe\u0142ni ksi\u0119\u017cyca &#8211; zawiera w sobie szczypt\u0119 sproszkowanych czerwonych p\u0142atk\u00f3w r\u00f3\u017cy, podczas zwijania szeptane by\u0142y formu\u0142ki magiczne na umocnienie zwi\u0105zku.<\/p>\n<p>W bia\u0142ej magii czerwonej \u015bwiecy i p\u0142atk\u00f3w czerwonej r\u00f3\u017cy u\u017cywa si\u0119 do rytua\u0142\u00f3w mi\u0142osnych, rozbudzaj\u0105cych nami\u0119tno\u015b\u0107.<\/p>\n<p>\u015awieca jest zaprogramowana i gotowa do odpalenia, jednak mo\u017cna j\u0105 dodatkowo nama\u015bci\u0107 lub okadzi\u0107 &#8211; mo\u017cna j\u0105 po prostu zapali\u0107 z intencj\u0105 lub wykorzysta\u0107 jako dodatek do wzmocnienia rytua\u0142\u00f3w.<\/p>\n<p>Odpowiednia pora do zapalenia tej \u015bwiecy to pe\u0142nia ksi\u0119\u017cyca.<\/p>\n<p>Uwaga! Partner lub partnerka, kt\u00f3rych b\u0119dzie dotyczy\u0142o zapalenie \u015bwiecy nie musz\u0105 bra\u0107 udzia\u0142u w rytuale, jednak powinni by\u0107 poinformowani i powinni udzieli\u0107 zgody na zapalenie \u015bwiecy, w przeciwnym wypadku zapalenie \u015bwiecy b\u0119dzie czarn\u0105 magi\u0105 z kt\u00f3r\u0105 nie ma \u017cart\u00f3w.<\/p>\n<p>Uwaga! Kolory \u015bwieczek mog\u0105 r\u00f3\u017cni\u0107 si\u0119 od tych, kt\u00f3re wida\u0107 na zdj\u0119ciu ze wzgl\u0119du na r\u00f3\u017cne ustawienia odtwarzaczy, mo\u017cliwo\u015bci aparatu, kt\u00f3rym zosta\u0142y sfotografowane, a tak\u017ce na r\u00f3\u017cne odcienie \u015bwieczek z r\u00f3\u017cnych dostaw.<\/p>\n","protected":false},"excerpt":{"rendered":"<p>SPECYFIKACJA<\/p>\n<ul>\n<li>Rodzaj: programowa szeptana zwijana z w\u0119zy<\/li>\n<li>Kolor: czerwony<\/li>\n<li>Knot: bawe\u0142niany<\/li>\n<li>Materia\u0142: wosk pszczeli posypany szczypt\u0105 sproszkowanych p\u0142atk\u00f3w r\u00f3\u017cy<\/li>\n<li>Rozmiar: 120 x 8 mm<\/li>\n<li>Czas palenia: ok. 60 minut<\/li>\n<\/ul>\n","protected":false},"featured_media":6041,"comment_status":"open","ping_status":"closed","template":"","meta":[],"product_brand":[],"product_cat":[113,176,85,188,186,114,137,112,429,148,91,84,171,185],"product_tag":[187],"class_list":{"0":"post-6040","1":"product","2":"type-product","3":"status-publish","4":"has-post-thumbnail","6":"product_cat-bogactwo","7":"product_cat-czerwony","8":"product_cat-milosc","9":"product_cat-namietnosc","10":"product_cat-pozbywanie-sie-problemu","11":"product_cat-rownowaga","12":"product_cat-sukces","13":"product_cat-zdrowie","14":"product_cat-zwijana-z-wezy","15":"product_cat-akcesoria-magiczne","16":"product_cat-kolor","17":"product_cat-sklep-ezoteryczny","18":"product_cat-swieczki","19":"product_cat-z-wosku-pszczelego","20":"product_tag-swieczka-rytualna","22":"first","23":"instock","24":"shipping-taxable","25":"purchasable","26":"product-type-simple"},"_links":{"self":[{"href":"https:\/\/izoteryk.pl\/index.php?rest_route=\/wp\/v2\/product\/6040","targetHints":{"allow":["GET"]}}],"collection":[{"href":"https:\/\/izoteryk.pl\/index.php?rest_route=\/wp\/v2\/product"}],"about":[{"href":"https:\/\/izoteryk.pl\/index.php?rest_route=\/wp\/v2\/types\/product"}],"replies":[{"embeddable":true,"href":"https:\/\/izoteryk.pl\/index.php?rest_route=%2Fwp%2Fv2%2Fcomments&post=6040"}],"wp:featuredmedia":[{"embeddable":true,"href":"https:\/\/izoteryk.pl\/index.php?rest_route=\/wp\/v2\/media\/6041"}],"wp:attachment":[{"href":"https:\/\/izoteryk.pl\/index.php?rest_route=%2Fwp%2Fv2%2Fmedia&parent=6040"}],"wp:term":[{"taxonomy":"product_brand","embeddable":true,"href":"https:\/\/izoteryk.pl\/index.php?rest_route=%2Fwp%2Fv2%2Fproduct_brand&post=6040"},{"taxonomy":"product_cat","embeddable":true,"href":"https:\/\/izoteryk.pl\/index.php?rest_route=%2Fwp%2Fv2%2Fproduct_cat&post=6040"},{"taxonomy":"product_tag","embeddable":true,"href":"https:\/\/izoteryk.pl\/index.php?rest_route=%2Fwp%2Fv2%2Fproduct_tag&post=6040"}],"curies":[{"name":"wp","href":"https:\/\/api.w.org\/{rel}","templated":true}]}}