{"id":6028,"date":"2025-04-03T17:00:23","date_gmt":"2025-04-03T15:00:23","guid":{"rendered":"https:\/\/izoteryk.pl\/?post_type=product&#038;p=6028"},"modified":"2026-02-14T21:23:56","modified_gmt":"2026-02-14T20:23:56","slug":"smocza-krew-kadzidelka-pylkowe-satya","status":"publish","type":"product","link":"https:\/\/izoteryk.pl\/?product=smocza-krew-kadzidelka-pylkowe-satya","title":{"rendered":"Smocza krew &#8211; kadzide\u0142ka py\u0142kowe SATYA"},"content":{"rendered":"<p>Naturalne kadzide\u0142ka py\u0142kowe marki SATYA o zapachu smoczej krwi.<\/p>\n<p>Smocza krew zwi\u0105zana jest z \u017cywio\u0142em ognia &#8211; niesie ze sob\u0105 energi\u0119 w dzia\u0142aniu, pomaga w usuwaniu przeszk\u00f3d. W rytua\u0142ach mo\u017cna jej u\u017cy\u0107 do wzbudzenia nami\u0119tno\u015bci.<\/p>\n<p>Uwaga!: Przy paleniu kadzide\u0142ek nale\u017cy zachowa\u0107 ostro\u017cno\u015b\u0107 \u2013 zadba\u0107 o odpowiedni\u0105 cyrkulacj\u0119 powietrza, pali\u0107 je w przeznaczonych do tego podstawkach, nie stawia\u0107 przy oknie, nie zostawia\u0107 zapalonego kadzide\u0142ka bez dozoru, chroni\u0107 przed dzie\u0107mi i zwierz\u0119tami.<\/p>\n","protected":false},"excerpt":{"rendered":"<p>SPECYFIKACJA:<\/p>\n<ul>\n<li>Stan: nowy<\/li>\n<li>Marka: SATYA<\/li>\n<li>Zapach: Smocza krew<\/li>\n<li>D\u0142ugo\u015b\u0107 opakowania: 21,5cm<\/li>\n<li>Ilo\u015b\u0107 sztuk w opakowaniu: 12 do 14 szt<\/li>\n<li>Waga: 15 g<\/li>\n<\/ul>\n","protected":false},"featured_media":6029,"comment_status":"open","ping_status":"closed","template":"","meta":[],"product_brand":[426],"product_cat":[385,188,116,238,186,137,244,148,160,174,84,414,161],"product_tag":[425],"class_list":{"0":"post-6028","1":"product","2":"type-product","3":"status-publish","4":"has-post-thumbnail","6":"product_brand-satya","7":"product_cat-ambicja","8":"product_cat-namietnosc","9":"product_cat-oczyszczanie","10":"product_cat-patyczkowe","11":"product_cat-pozbywanie-sie-problemu","12":"product_cat-sukces","13":"product_cat-usuwanie-przeszkod","14":"product_cat-akcesoria-magiczne","15":"product_cat-kadzidelka","16":"product_cat-pozbywanie-sie-blokad","17":"product_cat-sklep-ezoteryczny","18":"product_cat-smocza-krew","19":"product_cat-zapachy","20":"product_tag-sklep-z-kadzidelkami","22":"first","23":"instock","24":"shipping-taxable","25":"purchasable","26":"product-type-simple"},"_links":{"self":[{"href":"https:\/\/izoteryk.pl\/index.php?rest_route=\/wp\/v2\/product\/6028","targetHints":{"allow":["GET"]}}],"collection":[{"href":"https:\/\/izoteryk.pl\/index.php?rest_route=\/wp\/v2\/product"}],"about":[{"href":"https:\/\/izoteryk.pl\/index.php?rest_route=\/wp\/v2\/types\/product"}],"replies":[{"embeddable":true,"href":"https:\/\/izoteryk.pl\/index.php?rest_route=%2Fwp%2Fv2%2Fcomments&post=6028"}],"wp:featuredmedia":[{"embeddable":true,"href":"https:\/\/izoteryk.pl\/index.php?rest_route=\/wp\/v2\/media\/6029"}],"wp:attachment":[{"href":"https:\/\/izoteryk.pl\/index.php?rest_route=%2Fwp%2Fv2%2Fmedia&parent=6028"}],"wp:term":[{"taxonomy":"product_brand","embeddable":true,"href":"https:\/\/izoteryk.pl\/index.php?rest_route=%2Fwp%2Fv2%2Fproduct_brand&post=6028"},{"taxonomy":"product_cat","embeddable":true,"href":"https:\/\/izoteryk.pl\/index.php?rest_route=%2Fwp%2Fv2%2Fproduct_cat&post=6028"},{"taxonomy":"product_tag","embeddable":true,"href":"https:\/\/izoteryk.pl\/index.php?rest_route=%2Fwp%2Fv2%2Fproduct_tag&post=6028"}],"curies":[{"name":"wp","href":"https:\/\/api.w.org\/{rel}","templated":true}]}}