{"id":6010,"date":"2025-03-30T11:35:05","date_gmt":"2025-03-30T09:35:05","guid":{"rendered":"https:\/\/izoteryk.pl\/?post_type=product&#038;p=6010"},"modified":"2026-02-18T14:16:40","modified_gmt":"2026-02-18T13:16:40","slug":"jasno-fioletowa-swieczka-tea-light-z-wosku-sojowego","status":"publish","type":"product","link":"https:\/\/izoteryk.pl\/?product=jasno-fioletowa-swieczka-tea-light-z-wosku-sojowego","title":{"rendered":"Jasno-fioletowa \u015bwieczka &#8211; tea light &#8211; z wosku sojowego"},"content":{"rendered":"<p>\u015awieczka z naturalnego wosku sojowego zalewana r\u0119cznie w domowym zaciszu pracowni JokerStones Candle. Knoty do tych \u015bwiec s\u0105 r\u0119cznie nak\u0142adane na blaszki i impregnowane woskiem sojowym.<\/p>\n<p>W bia\u0142ej magii fioletowej \u015bwieczki u\u017cywa si\u0119 do wzmocnienia czar\u00f3w oraz do rytua\u0142\u00f3w zwi\u0105zanych z intuicj\u0105<\/p>\n<p>Fioletowy to kolor czakry si\u00f3dmej \u2013 tak zwanej czakry korony<\/p>\n<p>Uwaga! Kolor mo\u017ce nieznacznie si\u0119 r\u00f3\u017cni\u0107 od widocznego na zdj\u0119ciu, jest to zale\u017cne od mo\u017cliwo\u015bci aparatu i ustawienia monitora. prosz\u0119 kierowa\u0107 si\u0119 opisem ( m\u00f3j aparat najwyra\u017aniej nie wychwytuje koloru fioletowego dlatego \u015bwieczka wygl\u0105da jak jasno niebieska, ale w rzeczywisto\u015bci jest jasno-fioletowa, pastelowa, liliowa.<\/p>\n","protected":false},"excerpt":{"rendered":"<p>SPECYFIKACJA<\/p>\n<ul>\n<li>Materia\u0142: wosk sojowy<\/li>\n<li>Knot: bawe\u0142niany<\/li>\n<li>Wymiary: ok 38x15mm<\/li>\n<li>Czas palenia: ok 2-3h<\/li>\n<\/ul>\n","protected":false},"featured_media":6011,"comment_status":"open","ping_status":"closed","template":"","meta":[],"product_brand":[],"product_cat":[139,85,148,91,272,172,84,171,361],"product_tag":[],"class_list":{"0":"post-6010","1":"product","2":"type-product","3":"status-publish","4":"has-post-thumbnail","6":"product_cat-fioletowy","7":"product_cat-milosc","8":"product_cat-akcesoria-magiczne","9":"product_cat-kolor","10":"product_cat-medytacja","11":"product_cat-podgrzewacze","12":"product_cat-sklep-ezoteryczny","13":"product_cat-swieczki","14":"product_cat-z-wosku-sojowego","16":"first","17":"instock","18":"shipping-taxable","19":"purchasable","20":"product-type-simple"},"_links":{"self":[{"href":"https:\/\/izoteryk.pl\/index.php?rest_route=\/wp\/v2\/product\/6010","targetHints":{"allow":["GET"]}}],"collection":[{"href":"https:\/\/izoteryk.pl\/index.php?rest_route=\/wp\/v2\/product"}],"about":[{"href":"https:\/\/izoteryk.pl\/index.php?rest_route=\/wp\/v2\/types\/product"}],"replies":[{"embeddable":true,"href":"https:\/\/izoteryk.pl\/index.php?rest_route=%2Fwp%2Fv2%2Fcomments&post=6010"}],"wp:featuredmedia":[{"embeddable":true,"href":"https:\/\/izoteryk.pl\/index.php?rest_route=\/wp\/v2\/media\/6011"}],"wp:attachment":[{"href":"https:\/\/izoteryk.pl\/index.php?rest_route=%2Fwp%2Fv2%2Fmedia&parent=6010"}],"wp:term":[{"taxonomy":"product_brand","embeddable":true,"href":"https:\/\/izoteryk.pl\/index.php?rest_route=%2Fwp%2Fv2%2Fproduct_brand&post=6010"},{"taxonomy":"product_cat","embeddable":true,"href":"https:\/\/izoteryk.pl\/index.php?rest_route=%2Fwp%2Fv2%2Fproduct_cat&post=6010"},{"taxonomy":"product_tag","embeddable":true,"href":"https:\/\/izoteryk.pl\/index.php?rest_route=%2Fwp%2Fv2%2Fproduct_tag&post=6010"}],"curies":[{"name":"wp","href":"https:\/\/api.w.org\/{rel}","templated":true}]}}