{"id":6005,"date":"2025-03-29T21:30:35","date_gmt":"2025-03-29T20:30:35","guid":{"rendered":"https:\/\/izoteryk.pl\/?post_type=product&#038;p=6005"},"modified":"2026-01-23T15:04:00","modified_gmt":"2026-01-23T14:04:00","slug":"czerwona-swieca-kochankow-adam-i-ewa-z-wosku-pszczelego","status":"publish","type":"product","link":"https:\/\/izoteryk.pl\/?product=czerwona-swieca-kochankow-adam-i-ewa-z-wosku-pszczelego","title":{"rendered":"Czerwona \u015bwieca kochank\u00f3w (Adam i Ewa) &#8211; z wosku pszczelego"},"content":{"rendered":"<p>Czerwona \u015bwieca z naturalnego wosku pszczelego przedstawia par\u0119 kochank\u00f3w w mi\u0142osnym uniesieniu, zwr\u00f3conych do siebie przodem, co symbolizuje zbli\u017canie si\u0119 do siebie.<\/p>\n<p>Czerwony to mi\u0119dzy innymi kolor nami\u0119tno\u015bci, ognia, dzia\u0142ania i pasji.<\/p>\n<p>\u015awiec\u0119 mo\u017cna wykorzysta\u0107 do rytua\u0142\u00f3w mi\u0142osnych umacniaj\u0105cych zwi\u0105zek i podtrzymuj\u0105cych nami\u0119tno\u015b\u0107.<\/p>\n<p>\u015awieca jest zalewana r\u0119cznie i barwiona w ca\u0142ej obj\u0119to\u015bci.<\/p>\n<p>Po wypaleniu si\u0119 \u015bwiecy pozostaje du\u017co wosku.<\/p>\n<p>&nbsp;<\/p>\n","protected":false},"excerpt":{"rendered":"<p>SPECYFIKACJA:<\/p>\n<ul>\n<li>Stan: nowe<\/li>\n<li>Materia\u0142: Wosk pszczeli barwiony<\/li>\n<li>Knot: bawe\u0142niany<\/li>\n<li>Wymiary \u015bwiecy: 10x6x4cm<\/li>\n<li>Czas palenia: ok. 4,5 godziny<\/li>\n<\/ul>\n","protected":false},"featured_media":6006,"comment_status":"open","ping_status":"closed","template":"","meta":[],"product_brand":[],"product_cat":[85,188,148,84,171,185],"product_tag":[],"class_list":{"0":"post-6005","1":"product","2":"type-product","3":"status-publish","4":"has-post-thumbnail","6":"product_cat-milosc","7":"product_cat-namietnosc","8":"product_cat-akcesoria-magiczne","9":"product_cat-sklep-ezoteryczny","10":"product_cat-swieczki","11":"product_cat-z-wosku-pszczelego","12":"product_shipping_class-rozmiar-l","14":"first","15":"instock","16":"shipping-taxable","17":"purchasable","18":"product-type-simple"},"_links":{"self":[{"href":"https:\/\/izoteryk.pl\/index.php?rest_route=\/wp\/v2\/product\/6005","targetHints":{"allow":["GET"]}}],"collection":[{"href":"https:\/\/izoteryk.pl\/index.php?rest_route=\/wp\/v2\/product"}],"about":[{"href":"https:\/\/izoteryk.pl\/index.php?rest_route=\/wp\/v2\/types\/product"}],"replies":[{"embeddable":true,"href":"https:\/\/izoteryk.pl\/index.php?rest_route=%2Fwp%2Fv2%2Fcomments&post=6005"}],"wp:featuredmedia":[{"embeddable":true,"href":"https:\/\/izoteryk.pl\/index.php?rest_route=\/wp\/v2\/media\/6006"}],"wp:attachment":[{"href":"https:\/\/izoteryk.pl\/index.php?rest_route=%2Fwp%2Fv2%2Fmedia&parent=6005"}],"wp:term":[{"taxonomy":"product_brand","embeddable":true,"href":"https:\/\/izoteryk.pl\/index.php?rest_route=%2Fwp%2Fv2%2Fproduct_brand&post=6005"},{"taxonomy":"product_cat","embeddable":true,"href":"https:\/\/izoteryk.pl\/index.php?rest_route=%2Fwp%2Fv2%2Fproduct_cat&post=6005"},{"taxonomy":"product_tag","embeddable":true,"href":"https:\/\/izoteryk.pl\/index.php?rest_route=%2Fwp%2Fv2%2Fproduct_tag&post=6005"}],"curies":[{"name":"wp","href":"https:\/\/api.w.org\/{rel}","templated":true}]}}