{"id":5994,"date":"2025-02-12T14:19:51","date_gmt":"2025-02-12T13:19:51","guid":{"rendered":"https:\/\/izoteryk.pl\/?post_type=product&#038;p=5994"},"modified":"2026-02-14T21:29:21","modified_gmt":"2026-02-14T20:29:21","slug":"kadzidelka-pylkowe-satya-jasmin","status":"publish","type":"product","link":"https:\/\/izoteryk.pl\/?product=kadzidelka-pylkowe-satya-jasmin","title":{"rendered":"Kadzide\u0142ka py\u0142kowe SATYA &#8211; Ja\u015bmin"},"content":{"rendered":"<p>Naturalne kadzide\u0142ka py\u0142kowe marki SATYA o zapachu Jasmine czyli ja\u015bmin.<\/p>\n<p>Mo\u017cna wykorzysta\u0107 w rytua\u0142ach mi\u0142osnych lub dotycz\u0105cych urody.<\/p>\n<p>Uwaga!: Przy paleniu kadzide\u0142ek nale\u017cy zachowa\u0107 ostro\u017cno\u015b\u0107 \u2013 zadba\u0107 o odpowiedni\u0105 cyrkulacj\u0119 powietrza, pali\u0107 je w przeznaczonych do tego podstawkach, nie stawia\u0107 przy oknie, nie zostawia\u0107 zapalonego kadzide\u0142ka bez dozoru, chroni\u0107 przed dzie\u0107mi i zwierz\u0119tami.<\/p>\n","protected":false},"excerpt":{"rendered":"<p>SPECYFIKACJA:<\/p>\n<ul>\n<li>Stan: nowy<\/li>\n<li>Marka: SATYA<\/li>\n<li>Zapach: ja\u015bmin<\/li>\n<li>D\u0142ugo\u015b\u0107 opakowania: 21 cm<\/li>\n<li>Ilo\u015b\u0107 sztuk w opakowaniu: 15 g (ok. 14 patyczk\u00f3w)<\/li>\n<\/ul>\n","protected":false},"featured_media":5995,"comment_status":"open","ping_status":"closed","template":"","meta":[],"product_brand":[426],"product_cat":[134,85,238,148,162,160,84,161],"product_tag":[425],"class_list":{"0":"post-5994","1":"product","2":"type-product","3":"status-publish","4":"has-post-thumbnail","6":"product_brand-satya","7":"product_cat-kobiecosc","8":"product_cat-milosc","9":"product_cat-patyczkowe","10":"product_cat-akcesoria-magiczne","11":"product_cat-jasmin","12":"product_cat-kadzidelka","13":"product_cat-sklep-ezoteryczny","14":"product_cat-zapachy","15":"product_tag-sklep-z-kadzidelkami","17":"first","18":"instock","19":"shipping-taxable","20":"purchasable","21":"product-type-simple"},"_links":{"self":[{"href":"https:\/\/izoteryk.pl\/index.php?rest_route=\/wp\/v2\/product\/5994","targetHints":{"allow":["GET"]}}],"collection":[{"href":"https:\/\/izoteryk.pl\/index.php?rest_route=\/wp\/v2\/product"}],"about":[{"href":"https:\/\/izoteryk.pl\/index.php?rest_route=\/wp\/v2\/types\/product"}],"replies":[{"embeddable":true,"href":"https:\/\/izoteryk.pl\/index.php?rest_route=%2Fwp%2Fv2%2Fcomments&post=5994"}],"wp:featuredmedia":[{"embeddable":true,"href":"https:\/\/izoteryk.pl\/index.php?rest_route=\/wp\/v2\/media\/5995"}],"wp:attachment":[{"href":"https:\/\/izoteryk.pl\/index.php?rest_route=%2Fwp%2Fv2%2Fmedia&parent=5994"}],"wp:term":[{"taxonomy":"product_brand","embeddable":true,"href":"https:\/\/izoteryk.pl\/index.php?rest_route=%2Fwp%2Fv2%2Fproduct_brand&post=5994"},{"taxonomy":"product_cat","embeddable":true,"href":"https:\/\/izoteryk.pl\/index.php?rest_route=%2Fwp%2Fv2%2Fproduct_cat&post=5994"},{"taxonomy":"product_tag","embeddable":true,"href":"https:\/\/izoteryk.pl\/index.php?rest_route=%2Fwp%2Fv2%2Fproduct_tag&post=5994"}],"curies":[{"name":"wp","href":"https:\/\/api.w.org\/{rel}","templated":true}]}}