{"id":5983,"date":"2025-02-10T21:45:44","date_gmt":"2025-02-10T20:45:44","guid":{"rendered":"https:\/\/izoteryk.pl\/?post_type=product&#038;p=5983"},"modified":"2026-01-23T15:08:58","modified_gmt":"2026-01-23T14:08:58","slug":"palo-santo-jedno-drewienko-kadzidlo-naturalne-ok-5g","status":"publish","type":"product","link":"https:\/\/izoteryk.pl\/?product=palo-santo-jedno-drewienko-kadzidlo-naturalne-ok-5g","title":{"rendered":"Palo Santo &#8211; jedno drewienko &#8211; kadzid\u0142o naturalne ok 5g"},"content":{"rendered":"<p>Palo Santo czyli \u015awi\u0119te Drzewo to kadzid\u0142o naturalne w formie drewienek pochodz\u0105ce z Ameryki Po\u0142udniowej. Miejscowi szamani od dawien dawna przypisywali temu kadzid\u0142u pozytywne dzia\u0142anie i wykorzystywali je do swoich praktyk. Najbardziej popularne jest spalanie Palo Santo w celu przyci\u0105gni\u0119cia dobrych energii po okadzeniu pomieszczenia lub przestrzeni bia\u0142\u0105 sza\u0142wi\u0105.<\/p>\n<p>Uwaga! Podczas spalania kadzide\u0142 nale\u017cy zachowa\u0107 ostro\u017cno\u015b\u0107 i zadba\u0107 o odpowiedni\u0105 cyrkulacj\u0119 powietrza.<\/p>\n","protected":false},"excerpt":{"rendered":"<p>SPECYFIKACJA:<\/p>\n<ul>\n<li>Stan: nowe<\/li>\n<li>Waga: ok. 5 g<\/li>\n<li>Ilo\u015b\u0107: jedno drewienko<\/li>\n<\/ul>\n","protected":false},"featured_media":5984,"comment_status":"open","ping_status":"closed","template":"","meta":[],"product_brand":[],"product_cat":[299,148,160,243,84],"product_tag":[422,425],"class_list":{"0":"post-5983","1":"product","2":"type-product","3":"status-publish","4":"has-post-thumbnail","6":"product_cat-naturalne","7":"product_cat-akcesoria-magiczne","8":"product_cat-kadzidelka","9":"product_cat-palo-santo","10":"product_cat-sklep-ezoteryczny","11":"product_tag-palo-santo","12":"product_tag-sklep-z-kadzidelkami","14":"first","15":"instock","16":"featured","17":"shipping-taxable","18":"purchasable","19":"product-type-simple"},"_links":{"self":[{"href":"https:\/\/izoteryk.pl\/index.php?rest_route=\/wp\/v2\/product\/5983","targetHints":{"allow":["GET"]}}],"collection":[{"href":"https:\/\/izoteryk.pl\/index.php?rest_route=\/wp\/v2\/product"}],"about":[{"href":"https:\/\/izoteryk.pl\/index.php?rest_route=\/wp\/v2\/types\/product"}],"replies":[{"embeddable":true,"href":"https:\/\/izoteryk.pl\/index.php?rest_route=%2Fwp%2Fv2%2Fcomments&post=5983"}],"wp:featuredmedia":[{"embeddable":true,"href":"https:\/\/izoteryk.pl\/index.php?rest_route=\/wp\/v2\/media\/5984"}],"wp:attachment":[{"href":"https:\/\/izoteryk.pl\/index.php?rest_route=%2Fwp%2Fv2%2Fmedia&parent=5983"}],"wp:term":[{"taxonomy":"product_brand","embeddable":true,"href":"https:\/\/izoteryk.pl\/index.php?rest_route=%2Fwp%2Fv2%2Fproduct_brand&post=5983"},{"taxonomy":"product_cat","embeddable":true,"href":"https:\/\/izoteryk.pl\/index.php?rest_route=%2Fwp%2Fv2%2Fproduct_cat&post=5983"},{"taxonomy":"product_tag","embeddable":true,"href":"https:\/\/izoteryk.pl\/index.php?rest_route=%2Fwp%2Fv2%2Fproduct_tag&post=5983"}],"curies":[{"name":"wp","href":"https:\/\/api.w.org\/{rel}","templated":true}]}}