{"id":5978,"date":"2025-02-08T20:57:18","date_gmt":"2025-02-08T19:57:18","guid":{"rendered":"https:\/\/izoteryk.pl\/?post_type=product&#038;p=5978"},"modified":"2026-01-28T16:57:15","modified_gmt":"2026-01-28T15:57:15","slug":"biala-szalwia-indyjska-peczek-walek-ok-15cm","status":"publish","type":"product","link":"https:\/\/izoteryk.pl\/?product=biala-szalwia-indyjska-peczek-walek-ok-15cm","title":{"rendered":"Bia\u0142a sza\u0142wia indyjska &#8211; p\u0119czek &#8211; wa\u0142ek ok. 15cm"},"content":{"rendered":"<p>Ga\u0142\u0119zie bia\u0142ej sza\u0142wii indyjskiej powi\u0105zane w p\u0119czek naturalnym sznurkiem bawe\u0142nianym.<\/p>\n<p>Bia\u0142a sza\u0142wia indyjska &#8211; kadzid\u0142o do oczyszczania pomieszcze\u0144 i innych przestrzeni ze z\u0142ych energii i byt\u00f3w, oraz zb\u0142\u0105kanych duch\u00f3w.<\/p>\n<p>Uwaga! Podczas spalania kadzide\u0142 nale\u017cy zachowa\u0107 szczeg\u00f3ln\u0105 ostro\u017cno\u015b\u0107 i zadba\u0107 o odpowiedni\u0105 cyrkulacj\u0119 powietrza. P\u0119czek sza\u0142wii nale\u017cy spala\u0107 w \u017caroodpornym naczyniu, trzyma\u0107 z dala od okna, nie pozostawia\u0107 \u017carz\u0105cej si\u0119 sza\u0142wii bez opieki, chroni\u0107 przed dzie\u0107mi i zwierz\u0119tami.<\/p>\n","protected":false},"excerpt":{"rendered":"<p>SPECYFIKACJA:<\/p>\n<ul>\n<li>Stan: nowe<\/li>\n<li>Opakowanie: zast\u0119pcze<\/li>\n<li>Ilo\u015b\u0107: 1 p\u0119czek<\/li>\n<li>Waga: ok. 30 g<\/li>\n<\/ul>\n","protected":false},"featured_media":5979,"comment_status":"open","ping_status":"closed","template":"","meta":[],"product_brand":[],"product_cat":[299,116,148,241,160,84,161],"product_tag":[424,425],"class_list":{"0":"post-5978","1":"product","2":"type-product","3":"status-publish","4":"has-post-thumbnail","6":"product_cat-naturalne","7":"product_cat-oczyszczanie","8":"product_cat-akcesoria-magiczne","9":"product_cat-biala-szalwia","10":"product_cat-kadzidelka","11":"product_cat-sklep-ezoteryczny","12":"product_cat-zapachy","13":"product_tag-biala-szalwia","14":"product_tag-sklep-z-kadzidelkami","16":"first","17":"instock","18":"featured","19":"shipping-taxable","20":"purchasable","21":"product-type-simple"},"_links":{"self":[{"href":"https:\/\/izoteryk.pl\/index.php?rest_route=\/wp\/v2\/product\/5978","targetHints":{"allow":["GET"]}}],"collection":[{"href":"https:\/\/izoteryk.pl\/index.php?rest_route=\/wp\/v2\/product"}],"about":[{"href":"https:\/\/izoteryk.pl\/index.php?rest_route=\/wp\/v2\/types\/product"}],"replies":[{"embeddable":true,"href":"https:\/\/izoteryk.pl\/index.php?rest_route=%2Fwp%2Fv2%2Fcomments&post=5978"}],"wp:featuredmedia":[{"embeddable":true,"href":"https:\/\/izoteryk.pl\/index.php?rest_route=\/wp\/v2\/media\/5979"}],"wp:attachment":[{"href":"https:\/\/izoteryk.pl\/index.php?rest_route=%2Fwp%2Fv2%2Fmedia&parent=5978"}],"wp:term":[{"taxonomy":"product_brand","embeddable":true,"href":"https:\/\/izoteryk.pl\/index.php?rest_route=%2Fwp%2Fv2%2Fproduct_brand&post=5978"},{"taxonomy":"product_cat","embeddable":true,"href":"https:\/\/izoteryk.pl\/index.php?rest_route=%2Fwp%2Fv2%2Fproduct_cat&post=5978"},{"taxonomy":"product_tag","embeddable":true,"href":"https:\/\/izoteryk.pl\/index.php?rest_route=%2Fwp%2Fv2%2Fproduct_tag&post=5978"}],"curies":[{"name":"wp","href":"https:\/\/api.w.org\/{rel}","templated":true}]}}