{"id":5970,"date":"2025-02-08T19:53:37","date_gmt":"2025-02-08T18:53:37","guid":{"rendered":"https:\/\/izoteryk.pl\/?post_type=product&#038;p=5970"},"modified":"2026-02-14T21:32:29","modified_gmt":"2026-02-14T20:32:29","slug":"kadzidelka-stozkowe-do-kominkow-backflow-pure-chandanam-raj","status":"publish","type":"product","link":"https:\/\/izoteryk.pl\/?product=kadzidelka-stozkowe-do-kominkow-backflow-pure-chandanam-raj","title":{"rendered":"Kadzide\u0142ka sto\u017ckowe do komink\u00f3w Backflow &#8211; Pure chandanam &#8211; RAJ"},"content":{"rendered":"<p>Kadzide\u0142ka sto\u017ckowe z przep\u0142ywem zwrotnym &#8211; do komink\u00f3w Backflow &#8211; daj\u0105 efekt ci\u0119\u017ckiego, opadaj\u0105cego dymu tak zwany wodospad dymny.<\/p>\n<p>Kadzide\u0142ka marki RAJ o zapachu drzewa sanda\u0142owego \u2013 dobre do medytacji \u2013 zapach sanda\u0142owca rozlu\u017ania, uspokaja.<\/p>\n<p>Uwaga!: Przy paleniu kadzide\u0142ek nale\u017cy zachowa\u0107 ostro\u017cno\u015b\u0107 \u2013 zadba\u0107 o odpowiedni\u0105 cyrkulacj\u0119 powietrza, pali\u0107 je w przeznaczonych do tego podstawkach, nie stawia\u0107 przy oknie, nie zostawia\u0107 zapalonego kadzide\u0142ka bez dozoru, chroni\u0107 przed dzie\u0107mi i zwierz\u0119tami.<\/p>\n<p>&nbsp;<\/p>\n","protected":false},"excerpt":{"rendered":"<p>SPECYFIKACJA:<\/p>\n<ul>\n<li>Stan: nowe<\/li>\n<li>Marka: RAJ<\/li>\n<li>Zapach: Pure chandanam (sanda\u0142owiec)<\/li>\n<li>Liczba w opakowaniu: 10 sztuk<\/li>\n<\/ul>\n","protected":false},"featured_media":5971,"comment_status":"open","ping_status":"closed","template":"","meta":[],"product_brand":[420],"product_cat":[344,124,114,327,190,237,148,160,343,272,84,161],"product_tag":[419,425],"class_list":{"0":"post-5970","1":"product","2":"type-product","3":"status-publish","4":"has-post-thumbnail","6":"product_brand-raj","7":"product_cat-ceremonia","8":"product_cat-harmonia","9":"product_cat-rownowaga","10":"product_cat-skupienie","11":"product_cat-spokoj","12":"product_cat-stozkowe","13":"product_cat-akcesoria-magiczne","14":"product_cat-kadzidelka","15":"product_cat-kadzidlo","16":"product_cat-medytacja","17":"product_cat-sklep-ezoteryczny","18":"product_cat-zapachy","19":"product_tag-backflow","20":"product_tag-sklep-z-kadzidelkami","22":"first","23":"instock","24":"shipping-taxable","25":"purchasable","26":"product-type-simple"},"_links":{"self":[{"href":"https:\/\/izoteryk.pl\/index.php?rest_route=\/wp\/v2\/product\/5970","targetHints":{"allow":["GET"]}}],"collection":[{"href":"https:\/\/izoteryk.pl\/index.php?rest_route=\/wp\/v2\/product"}],"about":[{"href":"https:\/\/izoteryk.pl\/index.php?rest_route=\/wp\/v2\/types\/product"}],"replies":[{"embeddable":true,"href":"https:\/\/izoteryk.pl\/index.php?rest_route=%2Fwp%2Fv2%2Fcomments&post=5970"}],"wp:featuredmedia":[{"embeddable":true,"href":"https:\/\/izoteryk.pl\/index.php?rest_route=\/wp\/v2\/media\/5971"}],"wp:attachment":[{"href":"https:\/\/izoteryk.pl\/index.php?rest_route=%2Fwp%2Fv2%2Fmedia&parent=5970"}],"wp:term":[{"taxonomy":"product_brand","embeddable":true,"href":"https:\/\/izoteryk.pl\/index.php?rest_route=%2Fwp%2Fv2%2Fproduct_brand&post=5970"},{"taxonomy":"product_cat","embeddable":true,"href":"https:\/\/izoteryk.pl\/index.php?rest_route=%2Fwp%2Fv2%2Fproduct_cat&post=5970"},{"taxonomy":"product_tag","embeddable":true,"href":"https:\/\/izoteryk.pl\/index.php?rest_route=%2Fwp%2Fv2%2Fproduct_tag&post=5970"}],"curies":[{"name":"wp","href":"https:\/\/api.w.org\/{rel}","templated":true}]}}