{"id":5967,"date":"2025-02-08T19:18:48","date_gmt":"2025-02-08T18:18:48","guid":{"rendered":"https:\/\/izoteryk.pl\/?post_type=product&#038;p=5967"},"modified":"2026-02-14T21:34:10","modified_gmt":"2026-02-14T20:34:10","slug":"kadzidelka-stozkowe-do-kominkow-backflow-luxury-na-bogactwo","status":"publish","type":"product","link":"https:\/\/izoteryk.pl\/?product=kadzidelka-stozkowe-do-kominkow-backflow-luxury-na-bogactwo","title":{"rendered":"Kadzide\u0142ka sto\u017ckowe do komink\u00f3w Backflow &#8211; Luxury &#8211; RAJ &#8211; na bogactwo"},"content":{"rendered":"<p>Kadzide\u0142ka sto\u017ckowe z przep\u0142ywem zwrotnym &#8211; do komink\u00f3w Backflow &#8211; daj\u0105 efekt ci\u0119\u017ckiego, opadaj\u0105cego dymu tak zwany wodospad dymny.<\/p>\n<p>Luxury to zapach nie tylko na pieni\u0105dze, ale i przyci\u0105gni\u0119cie obfito\u015bci i dobrobytu w szerszym tego s\u0142owa znaczeniu.<\/p>\n<p>Uwaga!: Przy paleniu kadzide\u0142ek nale\u017cy zachowa\u0107 ostro\u017cno\u015b\u0107 \u2013 zadba\u0107 o odpowiedni\u0105 cyrkulacj\u0119 powietrza, pali\u0107 je w przeznaczonych do tego podstawkach, nie stawia\u0107 przy oknie, nie zostawia\u0107 zapalonego kadzide\u0142ka bez dozoru, chroni\u0107 przed dzie\u0107mi i zwierz\u0119tami.<\/p>\n","protected":false},"excerpt":{"rendered":"<p>SPECYFIKACJA:<\/p>\n<ul>\n<li>Stan: nowe<\/li>\n<li>Marka: RAJ<\/li>\n<li>Zapach: Luxury<\/li>\n<li>Liczba w opakowaniu: 10 sztuk<\/li>\n<\/ul>\n","protected":false},"featured_media":5968,"comment_status":"open","ping_status":"closed","template":"","meta":[],"product_brand":[420],"product_cat":[385,113,204,233,189,237,137,148,160,343,272,84,161],"product_tag":[419,425],"class_list":{"0":"post-5967","1":"product","2":"type-product","3":"status-publish","4":"has-post-thumbnail","6":"product_brand-raj","7":"product_cat-ambicja","8":"product_cat-bogactwo","9":"product_cat-obfitosc","10":"product_cat-odwaga","11":"product_cat-sila-przebicia","12":"product_cat-stozkowe","13":"product_cat-sukces","14":"product_cat-akcesoria-magiczne","15":"product_cat-kadzidelka","16":"product_cat-kadzidlo","17":"product_cat-medytacja","18":"product_cat-sklep-ezoteryczny","19":"product_cat-zapachy","20":"product_tag-backflow","21":"product_tag-sklep-z-kadzidelkami","23":"first","24":"instock","25":"shipping-taxable","26":"purchasable","27":"product-type-simple"},"_links":{"self":[{"href":"https:\/\/izoteryk.pl\/index.php?rest_route=\/wp\/v2\/product\/5967","targetHints":{"allow":["GET"]}}],"collection":[{"href":"https:\/\/izoteryk.pl\/index.php?rest_route=\/wp\/v2\/product"}],"about":[{"href":"https:\/\/izoteryk.pl\/index.php?rest_route=\/wp\/v2\/types\/product"}],"replies":[{"embeddable":true,"href":"https:\/\/izoteryk.pl\/index.php?rest_route=%2Fwp%2Fv2%2Fcomments&post=5967"}],"wp:featuredmedia":[{"embeddable":true,"href":"https:\/\/izoteryk.pl\/index.php?rest_route=\/wp\/v2\/media\/5968"}],"wp:attachment":[{"href":"https:\/\/izoteryk.pl\/index.php?rest_route=%2Fwp%2Fv2%2Fmedia&parent=5967"}],"wp:term":[{"taxonomy":"product_brand","embeddable":true,"href":"https:\/\/izoteryk.pl\/index.php?rest_route=%2Fwp%2Fv2%2Fproduct_brand&post=5967"},{"taxonomy":"product_cat","embeddable":true,"href":"https:\/\/izoteryk.pl\/index.php?rest_route=%2Fwp%2Fv2%2Fproduct_cat&post=5967"},{"taxonomy":"product_tag","embeddable":true,"href":"https:\/\/izoteryk.pl\/index.php?rest_route=%2Fwp%2Fv2%2Fproduct_tag&post=5967"}],"curies":[{"name":"wp","href":"https:\/\/api.w.org\/{rel}","templated":true}]}}