{"id":5922,"date":"2024-09-03T15:17:39","date_gmt":"2024-09-03T13:17:39","guid":{"rendered":"https:\/\/izoteryk.pl\/?post_type=product&#038;p=5922"},"modified":"2026-02-15T03:15:02","modified_gmt":"2026-02-15T02:15:02","slug":"kadzidelka-pylkowe-satya-sai-baba-nag-champa-agarbatti-15-g","status":"publish","type":"product","link":"https:\/\/izoteryk.pl\/?product=kadzidelka-pylkowe-satya-sai-baba-nag-champa-agarbatti-15-g","title":{"rendered":"Kadzide\u0142ka py\u0142kowe SATYA Sai Baba Nag Champa Agarbatti 15 g"},"content":{"rendered":"<p>Nag Champa Agarbatti to jeden z najbardziej popularnych orientalnych zapach\u00f3w przywodz\u0105cy na my\u015bl odleg\u0142e Indie.<\/p>\n<p>Zapach ten idealnie nadaje si\u0119 do medytacji &#8211; wprowadza w dobry nastr\u00f3j, pomaga w koncentracji.<\/p>\n<p>Uwaga!: Przy paleniu kadzide\u0142ek nale\u017cy zachowa\u0107 ostro\u017cno\u015b\u0107 \u2013 zadba\u0107 o odpowiedni\u0105 cyrkulacj\u0119 powietrza, pali\u0107 je w przeznaczonych do tego podstawkach, nie stawia\u0107 przy oknie, nie zostawia\u0107 zapalonego kadzide\u0142ka bez dozoru, chroni\u0107 przed dzie\u0107mi i zwierz\u0119tami.<\/p>\n<p>&nbsp;<\/p>\n","protected":false},"excerpt":{"rendered":"<p>SPECYFIKACJA:<\/p>\n<ul>\n<li>Stan: nowy<\/li>\n<li>Marka: SATYA Sai Baba<\/li>\n<li>Zapach: Nag Champa Agarbatti<\/li>\n<li>Kraj produkcji: Indie<\/li>\n<\/ul>\n","protected":false},"featured_media":5923,"comment_status":"open","ping_status":"closed","template":"","meta":[],"product_brand":[426],"product_cat":[238,327,190,148,160,84,161],"product_tag":[425],"class_list":{"0":"post-5922","1":"product","2":"type-product","3":"status-publish","4":"has-post-thumbnail","6":"product_brand-satya","7":"product_cat-patyczkowe","8":"product_cat-skupienie","9":"product_cat-spokoj","10":"product_cat-akcesoria-magiczne","11":"product_cat-kadzidelka","12":"product_cat-sklep-ezoteryczny","13":"product_cat-zapachy","14":"product_tag-sklep-z-kadzidelkami","16":"first","17":"instock","18":"shipping-taxable","19":"purchasable","20":"product-type-simple"},"_links":{"self":[{"href":"https:\/\/izoteryk.pl\/index.php?rest_route=\/wp\/v2\/product\/5922","targetHints":{"allow":["GET"]}}],"collection":[{"href":"https:\/\/izoteryk.pl\/index.php?rest_route=\/wp\/v2\/product"}],"about":[{"href":"https:\/\/izoteryk.pl\/index.php?rest_route=\/wp\/v2\/types\/product"}],"replies":[{"embeddable":true,"href":"https:\/\/izoteryk.pl\/index.php?rest_route=%2Fwp%2Fv2%2Fcomments&post=5922"}],"wp:featuredmedia":[{"embeddable":true,"href":"https:\/\/izoteryk.pl\/index.php?rest_route=\/wp\/v2\/media\/5923"}],"wp:attachment":[{"href":"https:\/\/izoteryk.pl\/index.php?rest_route=%2Fwp%2Fv2%2Fmedia&parent=5922"}],"wp:term":[{"taxonomy":"product_brand","embeddable":true,"href":"https:\/\/izoteryk.pl\/index.php?rest_route=%2Fwp%2Fv2%2Fproduct_brand&post=5922"},{"taxonomy":"product_cat","embeddable":true,"href":"https:\/\/izoteryk.pl\/index.php?rest_route=%2Fwp%2Fv2%2Fproduct_cat&post=5922"},{"taxonomy":"product_tag","embeddable":true,"href":"https:\/\/izoteryk.pl\/index.php?rest_route=%2Fwp%2Fv2%2Fproduct_tag&post=5922"}],"curies":[{"name":"wp","href":"https:\/\/api.w.org\/{rel}","templated":true}]}}