{"id":5854,"date":"2024-08-09T21:21:05","date_gmt":"2024-08-09T19:21:05","guid":{"rendered":"https:\/\/izoteryk.pl\/?post_type=product&#038;p=5854"},"modified":"2026-01-28T17:10:56","modified_gmt":"2026-01-28T16:10:56","slug":"buteleczka-szklana-32x14mm-z-kamykami-agat-larimar","status":"publish","type":"product","link":"https:\/\/izoteryk.pl\/?product=buteleczka-szklana-32x14mm-z-kamykami-agat-larimar","title":{"rendered":"Buteleczka szklana 32x14mm z kamykami &#8211; agat larimar"},"content":{"rendered":"<p>Buteleczka szklana nape\u0142niona drobnymi kamyczkami agatu.<\/p>\n<p>Agat to kamie\u0144 r\u00f3wnowagi \u2013 przywraca spok\u00f3j i harmoni\u0119 w ka\u017cdym aspekcie \u017cycia.<\/p>\n","protected":false},"excerpt":{"rendered":"<p>SPECYFIKACJA:<\/p>\n<ul>\n<li>Stan: nowe<\/li>\n<li>Kamie\u0144: agat larimar<\/li>\n<li>Kolor: be\u017c<\/li>\n<li>Wymiary buteleczki: 32x14mm<\/li>\n<\/ul>\n","protected":false},"featured_media":5855,"comment_status":"open","ping_status":"closed","template":"","meta":[],"product_brand":[],"product_cat":[98,124,190,207,142,148,34,199,87,91,412,413,30,84,83,371],"product_tag":[],"class_list":{"0":"post-5854","1":"product","2":"type-product","3":"status-publish","4":"has-post-thumbnail","6":"product_cat-bezowy","7":"product_cat-harmonia","8":"product_cat-spokoj","9":"product_cat-agat-mineraly","10":"product_cat-agat","11":"product_cat-akcesoria-magiczne","12":"product_cat-amulety-i-talizmany","13":"product_cat-buteleczki-sloiczki","14":"product_cat-kamien","15":"product_cat-kolor","16":"product_cat-larimar","17":"product_cat-larimar-agat-mineraly","18":"product_cat-mineraly","19":"product_cat-sklep-ezoteryczny","20":"product_cat-z-kamienia-amulety-i-talizmany","21":"product_cat-ze-szkla","23":"first","24":"instock","25":"shipping-taxable","26":"purchasable","27":"product-type-simple"},"_links":{"self":[{"href":"https:\/\/izoteryk.pl\/index.php?rest_route=\/wp\/v2\/product\/5854","targetHints":{"allow":["GET"]}}],"collection":[{"href":"https:\/\/izoteryk.pl\/index.php?rest_route=\/wp\/v2\/product"}],"about":[{"href":"https:\/\/izoteryk.pl\/index.php?rest_route=\/wp\/v2\/types\/product"}],"replies":[{"embeddable":true,"href":"https:\/\/izoteryk.pl\/index.php?rest_route=%2Fwp%2Fv2%2Fcomments&post=5854"}],"wp:featuredmedia":[{"embeddable":true,"href":"https:\/\/izoteryk.pl\/index.php?rest_route=\/wp\/v2\/media\/5855"}],"wp:attachment":[{"href":"https:\/\/izoteryk.pl\/index.php?rest_route=%2Fwp%2Fv2%2Fmedia&parent=5854"}],"wp:term":[{"taxonomy":"product_brand","embeddable":true,"href":"https:\/\/izoteryk.pl\/index.php?rest_route=%2Fwp%2Fv2%2Fproduct_brand&post=5854"},{"taxonomy":"product_cat","embeddable":true,"href":"https:\/\/izoteryk.pl\/index.php?rest_route=%2Fwp%2Fv2%2Fproduct_cat&post=5854"},{"taxonomy":"product_tag","embeddable":true,"href":"https:\/\/izoteryk.pl\/index.php?rest_route=%2Fwp%2Fv2%2Fproduct_tag&post=5854"}],"curies":[{"name":"wp","href":"https:\/\/api.w.org\/{rel}","templated":true}]}}