{"id":5799,"date":"2024-08-05T22:28:20","date_gmt":"2024-08-05T20:28:20","guid":{"rendered":"https:\/\/izoteryk.pl\/?post_type=product&#038;p=5799"},"modified":"2026-02-06T15:15:23","modified_gmt":"2026-02-06T14:15:23","slug":"podstawka-pod-kadzidelko-ceramiczna-tacka-z-glowa-buddy","status":"publish","type":"product","link":"https:\/\/izoteryk.pl\/?product=podstawka-pod-kadzidelko-ceramiczna-tacka-z-glowa-buddy","title":{"rendered":"Podstawka pod kadzide\u0142ko &#8211; ceramiczna tacka z g\u0142ow\u0105 buddy"},"content":{"rendered":"<p>Ceramiczna podstawka pod kadzide\u0142ko patyczkowe &#8211; Budda.<\/p>\n<p>Kwadratowa taca ma wymiary 9&#215;9 cm, wysoko\u015b\u0107 do czubka g\u0142owy 9 cm.<\/p>\n<p>G\u0142owa buddy mo\u017ce s\u0142u\u017cy\u0107 do medytacji polegaj\u0105cej na wpatrywaniu si\u0119 w punkt na czole Buddy.<\/p>\n<p>&nbsp;<\/p>\n","protected":false},"excerpt":{"rendered":"<p>SPECYFIKACJA:<\/p>\n<ul>\n<li>Stan: Nowe<\/li>\n<li>Materia\u0142: ceramika<\/li>\n<li>Kolor: kremowy<\/li>\n<li>Wymiary: 9x9x9 cm<\/li>\n<\/ul>\n","protected":false},"featured_media":5800,"comment_status":"open","ping_status":"closed","template":"","meta":[],"product_brand":[],"product_cat":[410,327,190,148,34,168,91,273,155,84,108,360],"product_tag":[425],"class_list":{"0":"post-5799","1":"product","2":"type-product","3":"status-publish","4":"has-post-thumbnail","6":"product_cat-kremowy","7":"product_cat-skupienie","8":"product_cat-spokoj","9":"product_cat-akcesoria-magiczne","10":"product_cat-amulety-i-talizmany","11":"product_cat-budda","12":"product_cat-kolor","13":"product_cat-kominki-i-podstawki","14":"product_cat-podstawki-do-kadzidelek","15":"product_cat-sklep-ezoteryczny","16":"product_cat-symbole","17":"product_cat-z-ceramiki","18":"product_tag-sklep-z-kadzidelkami","19":"product_shipping_class-rozmiar-xl","21":"first","22":"instock","23":"shipping-taxable","24":"purchasable","25":"product-type-simple"},"_links":{"self":[{"href":"https:\/\/izoteryk.pl\/index.php?rest_route=\/wp\/v2\/product\/5799","targetHints":{"allow":["GET"]}}],"collection":[{"href":"https:\/\/izoteryk.pl\/index.php?rest_route=\/wp\/v2\/product"}],"about":[{"href":"https:\/\/izoteryk.pl\/index.php?rest_route=\/wp\/v2\/types\/product"}],"replies":[{"embeddable":true,"href":"https:\/\/izoteryk.pl\/index.php?rest_route=%2Fwp%2Fv2%2Fcomments&post=5799"}],"wp:featuredmedia":[{"embeddable":true,"href":"https:\/\/izoteryk.pl\/index.php?rest_route=\/wp\/v2\/media\/5800"}],"wp:attachment":[{"href":"https:\/\/izoteryk.pl\/index.php?rest_route=%2Fwp%2Fv2%2Fmedia&parent=5799"}],"wp:term":[{"taxonomy":"product_brand","embeddable":true,"href":"https:\/\/izoteryk.pl\/index.php?rest_route=%2Fwp%2Fv2%2Fproduct_brand&post=5799"},{"taxonomy":"product_cat","embeddable":true,"href":"https:\/\/izoteryk.pl\/index.php?rest_route=%2Fwp%2Fv2%2Fproduct_cat&post=5799"},{"taxonomy":"product_tag","embeddable":true,"href":"https:\/\/izoteryk.pl\/index.php?rest_route=%2Fwp%2Fv2%2Fproduct_tag&post=5799"}],"curies":[{"name":"wp","href":"https:\/\/api.w.org\/{rel}","templated":true}]}}