{"id":5776,"date":"2024-08-05T13:34:06","date_gmt":"2024-08-05T11:34:06","guid":{"rendered":"https:\/\/izoteryk.pl\/?post_type=product&#038;p=5776"},"modified":"2026-01-28T17:10:56","modified_gmt":"2026-01-28T16:10:56","slug":"wisiorek-z-kamienia-naturalnego-agat-matrix-rozowy","status":"publish","type":"product","link":"https:\/\/izoteryk.pl\/?product=wisiorek-z-kamienia-naturalnego-agat-matrix-rozowy","title":{"rendered":"Wisiorek z kamienia naturalnego \u2013 agat matrix &#8211; r\u00f3\u017cowy"},"content":{"rendered":"<p>Pi\u0119kny wisiorek z naturalnego agatu, na czarnym sznurku bawe\u0142nianym bez zapi\u0119cia.<\/p>\n<p>Agat to kamie\u0144 r\u00f3wnowagi \u2013 przywraca spok\u00f3j i harmoni\u0119 w ka\u017cdym aspekcie \u017cycia. Agat r\u00f3\u017cowy ze wzgl\u0119du na sw\u00f3j kolor wp\u0142ywa pozytywnie na sfer\u0119 uczu\u0107 &#8211; przyci\u0105ga mi\u0142o\u015b\u0107, przyja\u017a\u0144 i spe\u0142nienie.<\/p>\n<p>Kolor r\u00f3\u017cowy jest zwi\u0105zany z czakr\u0105 serca, z Archanio\u0142em Chamuelem i symbolizuje romantyczn\u0105 mi\u0142o\u015b\u0107.<\/p>\n<p>Aby wisiorek m\u00f3g\u0142 dobrze pe\u0142ni\u0107 rol\u0119 amuletu lub talizmanu, dobrze jest go wpierw oczy\u015bci\u0107 i nada\u0107 mu znaczenie za pomoc\u0105 rytua\u0142u lub za pomoc\u0105 si\u0142y umys\u0142u, wyobra\u017ani, medytacji, b\u0105d\u017a s\u0142\u00f3w.<\/p>\n<p>&nbsp;<\/p>\n","protected":false},"excerpt":{"rendered":"<p>SPECYFIKACJA:<\/p>\n<ul>\n<li>Stan: nowe<\/li>\n<li>Kamie\u0144: agat matrix<\/li>\n<li>Kolor kamienia: r\u00f3\u017cowy<\/li>\n<li>Wymiary kamienia: ok. 40x32x6mm<\/li>\n<li>Sznurek: naturalny, bawe\u0142niany<\/li>\n<li>Kolor sznurka: czarny<\/li>\n<li>D\u0142ugo\u015b\u0107 sznurka: ok 65cm<\/li>\n<li>Kolor metalowych wstawek: ciemny srebrny<\/li>\n<\/ul>\n","protected":false},"featured_media":5777,"comment_status":"open","ping_status":"closed","template":"","meta":[],"product_brand":[],"product_cat":[92,124,85,114,120,190,142,34,86,87,91,132,84,108,38,83,42],"product_tag":[],"class_list":{"0":"post-5776","1":"product","2":"type-product","3":"status-publish","4":"has-post-thumbnail","6":"product_cat-czarny-kolor","7":"product_cat-harmonia","8":"product_cat-milosc","9":"product_cat-rownowaga","10":"product_cat-rozowy","11":"product_cat-spokoj","12":"product_cat-agat","13":"product_cat-amulety-i-talizmany","14":"product_cat-bizuteria","15":"product_cat-kamien","16":"product_cat-kolor","17":"product_cat-serce","18":"product_cat-sklep-ezoteryczny","19":"product_cat-symbole","20":"product_cat-wisiorki","21":"product_cat-z-kamienia-amulety-i-talizmany","22":"product_cat-z-metalu","24":"first","25":"instock","26":"shipping-taxable","27":"purchasable","28":"product-type-simple"},"_links":{"self":[{"href":"https:\/\/izoteryk.pl\/index.php?rest_route=\/wp\/v2\/product\/5776","targetHints":{"allow":["GET"]}}],"collection":[{"href":"https:\/\/izoteryk.pl\/index.php?rest_route=\/wp\/v2\/product"}],"about":[{"href":"https:\/\/izoteryk.pl\/index.php?rest_route=\/wp\/v2\/types\/product"}],"replies":[{"embeddable":true,"href":"https:\/\/izoteryk.pl\/index.php?rest_route=%2Fwp%2Fv2%2Fcomments&post=5776"}],"wp:featuredmedia":[{"embeddable":true,"href":"https:\/\/izoteryk.pl\/index.php?rest_route=\/wp\/v2\/media\/5777"}],"wp:attachment":[{"href":"https:\/\/izoteryk.pl\/index.php?rest_route=%2Fwp%2Fv2%2Fmedia&parent=5776"}],"wp:term":[{"taxonomy":"product_brand","embeddable":true,"href":"https:\/\/izoteryk.pl\/index.php?rest_route=%2Fwp%2Fv2%2Fproduct_brand&post=5776"},{"taxonomy":"product_cat","embeddable":true,"href":"https:\/\/izoteryk.pl\/index.php?rest_route=%2Fwp%2Fv2%2Fproduct_cat&post=5776"},{"taxonomy":"product_tag","embeddable":true,"href":"https:\/\/izoteryk.pl\/index.php?rest_route=%2Fwp%2Fv2%2Fproduct_tag&post=5776"}],"curies":[{"name":"wp","href":"https:\/\/api.w.org\/{rel}","templated":true}]}}