{"id":5759,"date":"2024-08-01T21:56:15","date_gmt":"2024-08-01T19:56:15","guid":{"rendered":"https:\/\/izoteryk.pl\/?post_type=product&#038;p=5759"},"modified":"2026-01-28T17:10:56","modified_gmt":"2026-01-28T16:10:56","slug":"spotkania-z-nieznanym-jaime-t-licauco","status":"publish","type":"product","link":"https:\/\/izoteryk.pl\/?product=spotkania-z-nieznanym-jaime-t-licauco","title":{"rendered":"Spotkania z nieznanym &#8211; Jaime T. Licauco"},"content":{"rendered":"<p>,,Je\u015bli poci\u0105ga Ci\u0119 \u015bwiat zjawisk paranormalnych i mistyki, je\u017celi fascynuj\u0105 Ci\u0119 tajemnice ludzi posiadaj\u0105cych wielk\u0105 moc parapsychiczn\u0105 oraz nietypowe i trudne do wyja\u015bnienia umiej\u0119tno\u015bci, je\u015bli do tego my\u015blisz racjonalnie i sceptycznie spogl\u0105dasz na sztuczki wszelkiego rodzaju szalbierzy, ta ksi\u0105\u017cka b\u0119dzie dla Ciebie prawdziw\u0105 uczt\u0105.&#8221;<\/p>\n","protected":false},"excerpt":{"rendered":"<p>SPECYFIKACJA:<\/p>\n<ul>\n<li>Stan: nowe<\/li>\n<li>No\u015bnik: ksi\u0105\u017cka papierowa<\/li>\n<li>Ok\u0142adka: mi\u0119kka<\/li>\n<li>Wydawnictwo: HELION<\/li>\n<li>Rok wydania: 1997<\/li>\n<li>Wymiary: 20,8X14,1cm<\/li>\n<li>Liczba stron: 327<\/li>\n<li>Tematyka: Niesamowite zjawiska<\/li>\n<\/ul>\n","protected":false},"featured_media":5760,"comment_status":"open","ping_status":"closed","template":"","meta":[],"product_brand":[],"product_cat":[409,281,84],"product_tag":[],"class_list":{"0":"post-5759","1":"product","2":"type-product","3":"status-publish","4":"has-post-thumbnail","6":"product_cat-niesamowite-zjawiska","7":"product_cat-ksiazki","8":"product_cat-sklep-ezoteryczny","10":"first","11":"instock","12":"shipping-taxable","13":"purchasable","14":"product-type-simple"},"_links":{"self":[{"href":"https:\/\/izoteryk.pl\/index.php?rest_route=\/wp\/v2\/product\/5759","targetHints":{"allow":["GET"]}}],"collection":[{"href":"https:\/\/izoteryk.pl\/index.php?rest_route=\/wp\/v2\/product"}],"about":[{"href":"https:\/\/izoteryk.pl\/index.php?rest_route=\/wp\/v2\/types\/product"}],"replies":[{"embeddable":true,"href":"https:\/\/izoteryk.pl\/index.php?rest_route=%2Fwp%2Fv2%2Fcomments&post=5759"}],"wp:featuredmedia":[{"embeddable":true,"href":"https:\/\/izoteryk.pl\/index.php?rest_route=\/wp\/v2\/media\/5760"}],"wp:attachment":[{"href":"https:\/\/izoteryk.pl\/index.php?rest_route=%2Fwp%2Fv2%2Fmedia&parent=5759"}],"wp:term":[{"taxonomy":"product_brand","embeddable":true,"href":"https:\/\/izoteryk.pl\/index.php?rest_route=%2Fwp%2Fv2%2Fproduct_brand&post=5759"},{"taxonomy":"product_cat","embeddable":true,"href":"https:\/\/izoteryk.pl\/index.php?rest_route=%2Fwp%2Fv2%2Fproduct_cat&post=5759"},{"taxonomy":"product_tag","embeddable":true,"href":"https:\/\/izoteryk.pl\/index.php?rest_route=%2Fwp%2Fv2%2Fproduct_tag&post=5759"}],"curies":[{"name":"wp","href":"https:\/\/api.w.org\/{rel}","templated":true}]}}