{"id":5755,"date":"2024-08-01T18:23:22","date_gmt":"2024-08-01T16:23:22","guid":{"rendered":"https:\/\/izoteryk.pl\/?post_type=product&#038;p=5755"},"modified":"2026-01-28T17:10:56","modified_gmt":"2026-01-28T16:10:56","slug":"obrecz-hematytowa-do-oczyszczania-kamieni-srednica-ok-35mm","status":"publish","type":"product","link":"https:\/\/izoteryk.pl\/?product=obrecz-hematytowa-do-oczyszczania-kamieni-srednica-ok-35mm","title":{"rendered":"Obr\u0119cz hematytowa do oczyszczania kamieni &#8211; \u015brednica ok. 35mm"},"content":{"rendered":"<p>Obr\u0119cz wykonana z hematytowych koralik\u00f3w nawleczonych na elastyczn\u0105 gumk\u0119 silikonow\u0105 &#8211; obr\u0119cz nie jest bransoletk\u0105 &#8211; jest za ma\u0142a, aby j\u0105 za\u0142o\u017cy\u0107 na r\u0119k\u0119 &#8211; jest te\u017c za du\u017ca, aby j\u0105 za\u0142o\u017cy\u0107 na palec &#8211; mo\u017cna j\u0105 wykorzysta\u0107 do oczyszczania kamieni 9 tak jak jest to pokazane na drugim zdj\u0119ciu &#8211; istnieje przekonanie, \u017ce hematyt ma w\u0142a\u015bciwo\u015bci oczyszczaj\u0105ce.<\/p>\n<p>Hematyt kojarzony jest z ochron\u0105 i walk\u0105, a tak\u017ce z krwi\u0105, dlatego mo\u017ce dobrze wp\u0142ywa\u0107 na uk\u0142ad krwiono\u015bny, poza tym jest kamieniem oczyszczaj\u0105cym. Dawniej wojownicy nosili go podczas bitew \u2013 wierzyli, \u017ce doda im odwagi, b\u0119dzie ich chroni\u0142 i wspomaga\u0142 podczas walki.<\/p>\n<p>Oferta dotyczy samej obr\u0119czy &#8211; bez ustawionego na niej kamienia<\/p>\n<p>&nbsp;<\/p>\n<p>&nbsp;<\/p>\n","protected":false},"excerpt":{"rendered":"<p>SPECYFIKACJA:<\/p>\n<ul>\n<li>Stan: nowe<\/li>\n<li>Materia\u0142: kamie\u0144 &#8211; hematyt<\/li>\n<li>\u015arednica koralik\u00f3w: 6mm<\/li>\n<li>\u015arednica obr\u0119czy: ok 35 mm<\/li>\n<\/ul>\n","protected":false},"featured_media":5756,"comment_status":"open","ping_status":"closed","template":"","meta":[],"product_brand":[],"product_cat":[136,107,116,233,232,210,218,148,34,208,135,87,91,273,84,108,83,209],"product_tag":[],"class_list":{"0":"post-5755","1":"product","2":"type-product","3":"status-publish","4":"has-post-thumbnail","6":"product_cat-grafitowy","7":"product_cat-ochrona","8":"product_cat-oczyszczanie","9":"product_cat-odwaga","10":"product_cat-sila","11":"product_cat-01-baran","12":"product_cat-09-strzelec","13":"product_cat-akcesoria-magiczne","14":"product_cat-amulety-i-talizmany","15":"product_cat-astrologia","16":"product_cat-hematyt","17":"product_cat-kamien","18":"product_cat-kolor","19":"product_cat-kominki-i-podstawki","20":"product_cat-sklep-ezoteryczny","21":"product_cat-symbole","22":"product_cat-z-kamienia-amulety-i-talizmany","23":"product_cat-znaki-zodiaku","25":"first","26":"instock","27":"shipping-taxable","28":"purchasable","29":"product-type-simple"},"_links":{"self":[{"href":"https:\/\/izoteryk.pl\/index.php?rest_route=\/wp\/v2\/product\/5755","targetHints":{"allow":["GET"]}}],"collection":[{"href":"https:\/\/izoteryk.pl\/index.php?rest_route=\/wp\/v2\/product"}],"about":[{"href":"https:\/\/izoteryk.pl\/index.php?rest_route=\/wp\/v2\/types\/product"}],"replies":[{"embeddable":true,"href":"https:\/\/izoteryk.pl\/index.php?rest_route=%2Fwp%2Fv2%2Fcomments&post=5755"}],"wp:featuredmedia":[{"embeddable":true,"href":"https:\/\/izoteryk.pl\/index.php?rest_route=\/wp\/v2\/media\/5756"}],"wp:attachment":[{"href":"https:\/\/izoteryk.pl\/index.php?rest_route=%2Fwp%2Fv2%2Fmedia&parent=5755"}],"wp:term":[{"taxonomy":"product_brand","embeddable":true,"href":"https:\/\/izoteryk.pl\/index.php?rest_route=%2Fwp%2Fv2%2Fproduct_brand&post=5755"},{"taxonomy":"product_cat","embeddable":true,"href":"https:\/\/izoteryk.pl\/index.php?rest_route=%2Fwp%2Fv2%2Fproduct_cat&post=5755"},{"taxonomy":"product_tag","embeddable":true,"href":"https:\/\/izoteryk.pl\/index.php?rest_route=%2Fwp%2Fv2%2Fproduct_tag&post=5755"}],"curies":[{"name":"wp","href":"https:\/\/api.w.org\/{rel}","templated":true}]}}