{"id":5753,"date":"2024-08-01T17:48:30","date_gmt":"2024-08-01T15:48:30","guid":{"rendered":"https:\/\/izoteryk.pl\/?post_type=product&#038;p=5753"},"modified":"2026-02-14T21:50:07","modified_gmt":"2026-02-14T20:50:07","slug":"kamienna-podstawka-do-kadzidelek-znak-om-sr-10cm","status":"publish","type":"product","link":"https:\/\/izoteryk.pl\/?product=kamienna-podstawka-do-kadzidelek-znak-om-sr-10cm","title":{"rendered":"Kamienna podstawka do kadzide\u0142ek &#8211; znak Om &#8211; \u015br. 10cm"},"content":{"rendered":"<p>Kamienna podstawka koloru czarnego ozdobiona du\u017cym, dobrze widocznym znakiem Om, &#8211; na dwa kadzide\u0142ka pa\u0142eczkowe i jedno sto\u017ckowe &#8211; \u015brednica podstawki to 10cm<\/p>\n<p>Om to mistyczny d\u017awi\u0119k towarzysz\u0105cy powstawaniu wszech\u015bwiata &#8211; sylaba ta jest czczona w hinduizmie &#8211; jest d\u017awi\u0119kiem rozpoczynaj\u0105cym mantry, wyst\u0119puje te\u017c w buddyzmie.<\/p>\n","protected":false},"excerpt":{"rendered":"<p>SPECYFIKACJA:<\/p>\n<ul>\n<li>Stan: nowe<\/li>\n<li>\u015arednica: 10cm<\/li>\n<li>Kamie\u0144: Steatyt<\/li>\n<\/ul>\n","protected":false},"featured_media":5754,"comment_status":"open","ping_status":"closed","template":"","meta":[],"product_brand":[],"product_cat":[92,124,107,116,131,114,327,190,117,112,194,148,34,229,87,91,273,408,84,359,108,83],"product_tag":[425],"class_list":{"0":"post-5753","1":"product","2":"type-product","3":"status-publish","4":"has-post-thumbnail","6":"product_cat-czarny-kolor","7":"product_cat-harmonia","8":"product_cat-ochrona","9":"product_cat-oczyszczanie","10":"product_cat-opatrznosc","11":"product_cat-rownowaga","12":"product_cat-skupienie","13":"product_cat-spokoj","14":"product_cat-uniwersalna-moc","15":"product_cat-zdrowie","16":"product_cat-zrozumienie","17":"product_cat-akcesoria-magiczne","18":"product_cat-amulety-i-talizmany","19":"product_cat-ankh","20":"product_cat-kamien","21":"product_cat-kolor","22":"product_cat-kominki-i-podstawki","23":"product_cat-om","24":"product_cat-sklep-ezoteryczny","25":"product_cat-steatyt","26":"product_cat-symbole","27":"product_cat-z-kamienia-amulety-i-talizmany","28":"product_tag-sklep-z-kadzidelkami","30":"first","31":"instock","32":"shipping-taxable","33":"purchasable","34":"product-type-simple"},"_links":{"self":[{"href":"https:\/\/izoteryk.pl\/index.php?rest_route=\/wp\/v2\/product\/5753","targetHints":{"allow":["GET"]}}],"collection":[{"href":"https:\/\/izoteryk.pl\/index.php?rest_route=\/wp\/v2\/product"}],"about":[{"href":"https:\/\/izoteryk.pl\/index.php?rest_route=\/wp\/v2\/types\/product"}],"replies":[{"embeddable":true,"href":"https:\/\/izoteryk.pl\/index.php?rest_route=%2Fwp%2Fv2%2Fcomments&post=5753"}],"wp:featuredmedia":[{"embeddable":true,"href":"https:\/\/izoteryk.pl\/index.php?rest_route=\/wp\/v2\/media\/5754"}],"wp:attachment":[{"href":"https:\/\/izoteryk.pl\/index.php?rest_route=%2Fwp%2Fv2%2Fmedia&parent=5753"}],"wp:term":[{"taxonomy":"product_brand","embeddable":true,"href":"https:\/\/izoteryk.pl\/index.php?rest_route=%2Fwp%2Fv2%2Fproduct_brand&post=5753"},{"taxonomy":"product_cat","embeddable":true,"href":"https:\/\/izoteryk.pl\/index.php?rest_route=%2Fwp%2Fv2%2Fproduct_cat&post=5753"},{"taxonomy":"product_tag","embeddable":true,"href":"https:\/\/izoteryk.pl\/index.php?rest_route=%2Fwp%2Fv2%2Fproduct_tag&post=5753"}],"curies":[{"name":"wp","href":"https:\/\/api.w.org\/{rel}","templated":true}]}}