{"id":5692,"date":"2024-07-18T13:39:36","date_gmt":"2024-07-18T11:39:36","guid":{"rendered":"https:\/\/izoteryk.pl\/?post_type=product&#038;p=5692"},"modified":"2026-01-28T17:15:51","modified_gmt":"2026-01-28T16:15:51","slug":"runy-kamienne-onyks-w-czarnym-woreczku","status":"publish","type":"product","link":"https:\/\/izoteryk.pl\/?product=runy-kamienne-onyks-w-czarnym-woreczku","title":{"rendered":"Runy kamienne &#8211; onyks &#8211; w czarnym woreczku"},"content":{"rendered":"<p>Jest to zestaw run klasycznych starszego futharku czyli 24 runy + dodatkowa pusta runa. Do zestawu do\u0142\u0105czona jest czarna saszetka zamykana na suwak.<\/p>\n<p>Uwaga: Poszczeg\u00f3lne partie produkt\u00f3w mog\u0105 si\u0119 nieznacznie od siebie r\u00f3\u017cni\u0107 poniewa\u017c ka\u017cdy kamie\u0144 jest inny<\/p>\n<p>Oferta dotyczy jednego zestawu run.<\/p>\n","protected":false},"excerpt":{"rendered":"<p>SPECYFIKACJA:<\/p>\n<ul>\n<li>Stan: Nowe<\/li>\n<li>Materia\u0142: kamie\u0144<\/li>\n<li>Rodzaj kamienia: onyks<\/li>\n<li>Ilo\u015b\u0107: 24 runy + 1 pusta runa<\/li>\n<li>Wymiary saszetki: ok. 10x12cm<\/li>\n<li>Kolor: czarny, z\u0142oty<\/li>\n<\/ul>\n","protected":false},"featured_media":5693,"comment_status":"open","ping_status":"closed","template":"","meta":[],"product_brand":[],"product_cat":[92,105,148,35,87,346,91,205,37,84],"product_tag":[],"class_list":{"0":"post-5692","1":"product","2":"type-product","3":"status-publish","4":"has-post-thumbnail","6":"product_cat-czarny-kolor","7":"product_cat-zloty","8":"product_cat-akcesoria-magiczne","9":"product_cat-futhark","10":"product_cat-kamien","11":"product_cat-klasyczne-runy","12":"product_cat-kolor","13":"product_cat-onyks","14":"product_cat-runy","15":"product_cat-sklep-ezoteryczny","17":"first","18":"instock","19":"shipping-taxable","20":"purchasable","21":"product-type-simple"},"_links":{"self":[{"href":"https:\/\/izoteryk.pl\/index.php?rest_route=\/wp\/v2\/product\/5692","targetHints":{"allow":["GET"]}}],"collection":[{"href":"https:\/\/izoteryk.pl\/index.php?rest_route=\/wp\/v2\/product"}],"about":[{"href":"https:\/\/izoteryk.pl\/index.php?rest_route=\/wp\/v2\/types\/product"}],"replies":[{"embeddable":true,"href":"https:\/\/izoteryk.pl\/index.php?rest_route=%2Fwp%2Fv2%2Fcomments&post=5692"}],"wp:featuredmedia":[{"embeddable":true,"href":"https:\/\/izoteryk.pl\/index.php?rest_route=\/wp\/v2\/media\/5693"}],"wp:attachment":[{"href":"https:\/\/izoteryk.pl\/index.php?rest_route=%2Fwp%2Fv2%2Fmedia&parent=5692"}],"wp:term":[{"taxonomy":"product_brand","embeddable":true,"href":"https:\/\/izoteryk.pl\/index.php?rest_route=%2Fwp%2Fv2%2Fproduct_brand&post=5692"},{"taxonomy":"product_cat","embeddable":true,"href":"https:\/\/izoteryk.pl\/index.php?rest_route=%2Fwp%2Fv2%2Fproduct_cat&post=5692"},{"taxonomy":"product_tag","embeddable":true,"href":"https:\/\/izoteryk.pl\/index.php?rest_route=%2Fwp%2Fv2%2Fproduct_tag&post=5692"}],"curies":[{"name":"wp","href":"https:\/\/api.w.org\/{rel}","templated":true}]}}