{"id":5688,"date":"2024-07-18T12:54:34","date_gmt":"2024-07-18T10:54:34","guid":{"rendered":"https:\/\/izoteryk.pl\/?post_type=product&#038;p=5688"},"modified":"2026-01-28T17:15:52","modified_gmt":"2026-01-28T16:15:52","slug":"agat-botswana-kula-14mm-wahadelko-z-kamienia-naturalnego-kluczyk","status":"publish","type":"product","link":"https:\/\/izoteryk.pl\/?product=agat-botswana-kula-14mm-wahadelko-z-kamienia-naturalnego-kluczyk","title":{"rendered":"Agat botswana &#8211; kula 14mm &#8211; wahade\u0142ko z kamienia naturalnego &#8211; kluczyk"},"content":{"rendered":"<p>Pi\u0119kne wahade\u0142ko wykonane z agatu, zawieszone na \u0142a\u0144cuszku koloru srebrnego zako\u0144czonego ozdobnikiem w kszta\u0142cie li\u015bcia.<\/p>\n<p>Kluczyk uwa\u017cany jest za symbol, kt\u00f3ry otwiera wszystkie zamki i niedost\u0119pne przej\u015bcia \u2013 otwiera wi\u0119c drog\u0119 do wszelkich nowych mo\u017cliwo\u015bci, pomaga doj\u015b\u0107 do celu, pokonuje blokady, mo\u017ce te\u017c otworzy\u0107 drog\u0119 do czyjego\u015b serca \u2013 jak wida\u0107 symbol ten mo\u017cna dopasowa\u0107 do wielu r\u00f3\u017cnych sytuacji \u017cyciowych \u2013 mo\u017ce pom\u00f3c w rozwoju osobistym, nauce, podr\u00f3\u017cy, zdrowiu, sprawach zawodowych, biznesowych i w uczuciach\u00a0\ud83d\ude42<\/p>\n<p>Jednym z popularnych zastosowa\u0144 wahade\u0142ka jest poznawanie swojej w\u0142asnej pod\u015bwiadomo\u015bci &#8211; uzyskuj\u0105c odpowied\u017a tak lub nie mo\u017cna du\u017co si\u0119 dowiedzie\u0107 o sobie samym. Aby ustali\u0107 w kt\u00f3r\u0105 stron\u0119 wahade\u0142ko kr\u0119ci si\u0119 daj\u0105c odpowied\u017a tak a w kt\u00f3r\u0105 nie nale\u017cy zada\u0107 pytanie na kt\u00f3re zna si\u0119 odpowied\u017a i zaobserwowa\u0107 reakcj\u0119 wahade\u0142ka.<\/p>\n","protected":false},"excerpt":{"rendered":"<p>SPECYFIKACJA:<\/p>\n<ul>\n<li>Stan: nowe<\/li>\n<li>Wykonawca: Iza Studio ART<\/li>\n<li>Kamie\u0144: agat botswana<\/li>\n<li>\u015arednica: 14mm<\/li>\n<li>Kolor kamienia: bia\u0142o-szary<\/li>\n<li>Materia\u0142: Kamie\u0144, metal<\/li>\n<li>Kolor \u0142a\u0144cuszka i metalowych ozdobnik\u00f3w: stare z\u0142oto<\/li>\n<\/ul>\n","protected":false},"featured_media":5689,"comment_status":"open","ping_status":"closed","template":"","meta":[],"product_brand":[],"product_cat":[100,202,240,142,148,87,221,91,84,108,157],"product_tag":[406],"class_list":{"0":"post-5688","1":"product","2":"type-product","3":"status-publish","4":"has-post-thumbnail","6":"product_cat-bialy","7":"product_cat-stare-zloto","8":"product_cat-szary","9":"product_cat-agat","10":"product_cat-akcesoria-magiczne","11":"product_cat-kamien","12":"product_cat-kluczyk","13":"product_cat-kolor","14":"product_cat-sklep-ezoteryczny","15":"product_cat-symbole","16":"product_cat-wahadelka","17":"product_tag-iza-studio-art","19":"first","20":"instock","21":"shipping-taxable","22":"purchasable","23":"product-type-simple"},"_links":{"self":[{"href":"https:\/\/izoteryk.pl\/index.php?rest_route=\/wp\/v2\/product\/5688","targetHints":{"allow":["GET"]}}],"collection":[{"href":"https:\/\/izoteryk.pl\/index.php?rest_route=\/wp\/v2\/product"}],"about":[{"href":"https:\/\/izoteryk.pl\/index.php?rest_route=\/wp\/v2\/types\/product"}],"replies":[{"embeddable":true,"href":"https:\/\/izoteryk.pl\/index.php?rest_route=%2Fwp%2Fv2%2Fcomments&post=5688"}],"wp:featuredmedia":[{"embeddable":true,"href":"https:\/\/izoteryk.pl\/index.php?rest_route=\/wp\/v2\/media\/5689"}],"wp:attachment":[{"href":"https:\/\/izoteryk.pl\/index.php?rest_route=%2Fwp%2Fv2%2Fmedia&parent=5688"}],"wp:term":[{"taxonomy":"product_brand","embeddable":true,"href":"https:\/\/izoteryk.pl\/index.php?rest_route=%2Fwp%2Fv2%2Fproduct_brand&post=5688"},{"taxonomy":"product_cat","embeddable":true,"href":"https:\/\/izoteryk.pl\/index.php?rest_route=%2Fwp%2Fv2%2Fproduct_cat&post=5688"},{"taxonomy":"product_tag","embeddable":true,"href":"https:\/\/izoteryk.pl\/index.php?rest_route=%2Fwp%2Fv2%2Fproduct_tag&post=5688"}],"curies":[{"name":"wp","href":"https:\/\/api.w.org\/{rel}","templated":true}]}}