{"id":5652,"date":"2024-07-06T13:01:47","date_gmt":"2024-07-06T11:01:47","guid":{"rendered":"https:\/\/izoteryk.pl\/?post_type=product&#038;p=5652"},"modified":"2026-01-28T17:24:40","modified_gmt":"2026-01-28T16:24:40","slug":"bransoletka-z-kamienia-meska-srednica-kulek-8mm","status":"publish","type":"product","link":"https:\/\/izoteryk.pl\/?product=bransoletka-z-kamienia-meska-srednica-kulek-8mm","title":{"rendered":"Bransoletka z kamienia &#8211; m\u0119ska &#8211; \u015brednica kulek 8mm"},"content":{"rendered":"<p>Bransoletka z kamienia &#8211; unakit, jaspis afryka\u0144ski, lawa i hematyt<\/p>\n<p>Unakit jest uznawany za kamie\u0144 wzmacniaj\u0105cy odporno\u015b\u0107, dodaj\u0105cy energii a tak\u017ce pomagaj\u0105cy osi\u0105gn\u0105\u0107 stabilizacj\u0119 materialn\u0105<\/p>\n<p>Jaspis afryka\u0144ski &#8211; oczyszcza i chroni, wzmacnia cierpliwo\u015b\u0107 i bezinteresowno\u015b\u0107, pomaga rozwija\u0107 si\u0119 duchowo<\/p>\n<p>Lawa wulkaniczna to kamie\u0144 r\u00f3wnowagi \u2013 zawiera w sobie wszystkie cztery \u017cywio\u0142y, dodatkowo zamienia negatywn\u0105 energi\u0119 w pozytywn\u0105<\/p>\n<p>Hematyt kojarzony jest z ochron\u0105 i walk\u0105, a tak\u017ce z krwi\u0105, dlatego mo\u017ce dobrze wp\u0142ywa\u0107 na uk\u0142ad krwiono\u015bny, poza tym jest kamieniem oczyszczaj\u0105cym. Dawniej wojownicy nosili go podczas bitew \u2013 wierzyli, \u017ce doda im odwagi, b\u0119dzie ich chroni\u0142 i wspomaga\u0142 podczas walki.<\/p>\n<p>&nbsp;<\/p>\n<p>&nbsp;<\/p>\n<p>&nbsp;<\/p>\n","protected":false},"excerpt":{"rendered":"<p>SPECYFIKACJA:<\/p>\n<ul>\n<li>Stan: nowe<\/li>\n<li>Materia\u0142: kamie\u0144<\/li>\n<li>\u015arednica kulek: 8mm<\/li>\n<li>Kamie\u0144: unakit, jaspis afryka\u0144ski, lawa i hematyt&nbsp;<\/li>\n<\/ul>\n","protected":false},"featured_media":5653,"comment_status":"open","ping_status":"closed","template":"","meta":[],"product_brand":[],"product_cat":[398,92,136,107,116,110,114,232,190,102,397,34,86,82,135,97,87,91,103,396,84,83],"product_tag":[399,400],"class_list":{"0":"post-5652","1":"product","2":"type-product","3":"status-publish","4":"has-post-thumbnail","6":"product_cat-bezinteresownosc","7":"product_cat-czarny-kolor","8":"product_cat-grafitowy","9":"product_cat-ochrona","10":"product_cat-oczyszczanie","11":"product_cat-pokoj","12":"product_cat-rownowaga","13":"product_cat-sila","14":"product_cat-spokoj","15":"product_cat-zielony","16":"product_cat-afrykanski","17":"product_cat-amulety-i-talizmany","18":"product_cat-bizuteria","19":"product_cat-bransoletki","20":"product_cat-hematyt","21":"product_cat-jaspis","22":"product_cat-kamien","23":"product_cat-kolor","24":"product_cat-lawa-wulkaniczna","25":"product_cat-meska","26":"product_cat-sklep-ezoteryczny","27":"product_cat-z-kamienia-amulety-i-talizmany","28":"product_tag-bizuteria-dla-panow","29":"product_tag-bransoletka-meska","31":"first","32":"instock","33":"shipping-taxable","34":"purchasable","35":"product-type-simple"},"_links":{"self":[{"href":"https:\/\/izoteryk.pl\/index.php?rest_route=\/wp\/v2\/product\/5652","targetHints":{"allow":["GET"]}}],"collection":[{"href":"https:\/\/izoteryk.pl\/index.php?rest_route=\/wp\/v2\/product"}],"about":[{"href":"https:\/\/izoteryk.pl\/index.php?rest_route=\/wp\/v2\/types\/product"}],"replies":[{"embeddable":true,"href":"https:\/\/izoteryk.pl\/index.php?rest_route=%2Fwp%2Fv2%2Fcomments&post=5652"}],"wp:featuredmedia":[{"embeddable":true,"href":"https:\/\/izoteryk.pl\/index.php?rest_route=\/wp\/v2\/media\/5653"}],"wp:attachment":[{"href":"https:\/\/izoteryk.pl\/index.php?rest_route=%2Fwp%2Fv2%2Fmedia&parent=5652"}],"wp:term":[{"taxonomy":"product_brand","embeddable":true,"href":"https:\/\/izoteryk.pl\/index.php?rest_route=%2Fwp%2Fv2%2Fproduct_brand&post=5652"},{"taxonomy":"product_cat","embeddable":true,"href":"https:\/\/izoteryk.pl\/index.php?rest_route=%2Fwp%2Fv2%2Fproduct_cat&post=5652"},{"taxonomy":"product_tag","embeddable":true,"href":"https:\/\/izoteryk.pl\/index.php?rest_route=%2Fwp%2Fv2%2Fproduct_tag&post=5652"}],"curies":[{"name":"wp","href":"https:\/\/api.w.org\/{rel}","templated":true}]}}