{"id":5650,"date":"2024-07-06T10:59:41","date_gmt":"2024-07-06T08:59:41","guid":{"rendered":"https:\/\/izoteryk.pl\/?post_type=product&#038;p=5650"},"modified":"2026-01-28T17:24:40","modified_gmt":"2026-01-28T16:24:40","slug":"bransoletka-z-kamienia-jaspis-czerwony-srednica-kulek-8-i-6mm","status":"publish","type":"product","link":"https:\/\/izoteryk.pl\/?product=bransoletka-z-kamienia-jaspis-czerwony-srednica-kulek-8-i-6mm","title":{"rendered":"Bransoletka z kamienia &#8211; jaspis czerwony &#8211; \u015brednica kulek 8 i 6mm"},"content":{"rendered":"<p>Bransoletka z kamienia &#8211; jaspis czerwony i przek\u0142adki z hematytu<\/p>\n<p>Jaspis czerwony pomaga uspokoi\u0107 emocje w sytuacjach stresowych &#8211; przywraca r\u00f3wnowag\u0119 i spok\u00f3j, \u0142agodzi konflikty<\/p>\n<p>&nbsp;<\/p>\n<p>&nbsp;<\/p>\n<p>&nbsp;<\/p>\n","protected":false},"excerpt":{"rendered":"<p>SPECYFIKACJA:<\/p>\n<ul>\n<li>Stan: nowe<\/li>\n<li>Materia\u0142: kamie\u0144<\/li>\n<li>\u015arednica kulek: 8 i 6mm<\/li>\n<li>Kamie\u0144: jaspis czerwony, hematyt<\/li>\n<\/ul>\n","protected":false},"featured_media":5651,"comment_status":"open","ping_status":"closed","template":"","meta":[],"product_brand":[],"product_cat":[176,136,124,114,190,210,34,208,86,82,392,135,97,87,91,84,83,209],"product_tag":[394],"class_list":{"0":"post-5650","1":"product","2":"type-product","3":"status-publish","4":"has-post-thumbnail","6":"product_cat-czerwony","7":"product_cat-grafitowy","8":"product_cat-harmonia","9":"product_cat-rownowaga","10":"product_cat-spokoj","11":"product_cat-01-baran","12":"product_cat-amulety-i-talizmany","13":"product_cat-astrologia","14":"product_cat-bizuteria","15":"product_cat-bransoletki","16":"product_cat-czerwony-jaspis","17":"product_cat-hematyt","18":"product_cat-jaspis","19":"product_cat-kamien","20":"product_cat-kolor","21":"product_cat-sklep-ezoteryczny","22":"product_cat-z-kamienia-amulety-i-talizmany","23":"product_cat-znaki-zodiaku","24":"product_tag-bransoletki-damskie-zodiakalne-z-kamienia","26":"first","27":"instock","28":"shipping-taxable","29":"purchasable","30":"product-type-simple"},"_links":{"self":[{"href":"https:\/\/izoteryk.pl\/index.php?rest_route=\/wp\/v2\/product\/5650","targetHints":{"allow":["GET"]}}],"collection":[{"href":"https:\/\/izoteryk.pl\/index.php?rest_route=\/wp\/v2\/product"}],"about":[{"href":"https:\/\/izoteryk.pl\/index.php?rest_route=\/wp\/v2\/types\/product"}],"replies":[{"embeddable":true,"href":"https:\/\/izoteryk.pl\/index.php?rest_route=%2Fwp%2Fv2%2Fcomments&post=5650"}],"wp:featuredmedia":[{"embeddable":true,"href":"https:\/\/izoteryk.pl\/index.php?rest_route=\/wp\/v2\/media\/5651"}],"wp:attachment":[{"href":"https:\/\/izoteryk.pl\/index.php?rest_route=%2Fwp%2Fv2%2Fmedia&parent=5650"}],"wp:term":[{"taxonomy":"product_brand","embeddable":true,"href":"https:\/\/izoteryk.pl\/index.php?rest_route=%2Fwp%2Fv2%2Fproduct_brand&post=5650"},{"taxonomy":"product_cat","embeddable":true,"href":"https:\/\/izoteryk.pl\/index.php?rest_route=%2Fwp%2Fv2%2Fproduct_cat&post=5650"},{"taxonomy":"product_tag","embeddable":true,"href":"https:\/\/izoteryk.pl\/index.php?rest_route=%2Fwp%2Fv2%2Fproduct_tag&post=5650"}],"curies":[{"name":"wp","href":"https:\/\/api.w.org\/{rel}","templated":true}]}}