{"id":5605,"date":"2024-06-29T00:42:40","date_gmt":"2024-06-28T22:42:40","guid":{"rendered":"https:\/\/izoteryk.pl\/?post_type=product&#038;p=5605"},"modified":"2026-01-28T17:24:40","modified_gmt":"2026-01-28T16:24:40","slug":"bransoletka-z-kamienia-unakit-kulki-8mm","status":"publish","type":"product","link":"https:\/\/izoteryk.pl\/?product=bransoletka-z-kamienia-unakit-kulki-8mm","title":{"rendered":"Bransoletka z kamienia &#8211; unakit &#8211; kulki 8mm"},"content":{"rendered":"<p>Bransoletka z unakitu\u00a0 &#8211; na gumce jubilerskiej w\u0142oskowej.<\/p>\n<p>Unakit jest uznawany za kamie\u0144 wzmacniaj\u0105cy odporno\u015b\u0107, dodaj\u0105cy energii a tak\u017ce pomagaj\u0105cy osi\u0105gn\u0105\u0107 stabilizacj\u0119 materialn\u0105<\/p>\n","protected":false},"excerpt":{"rendered":"<p>SPECYFIKACJA:<br \/>\nStan: nowe<br \/>\nKamie\u0144: unakit<br \/>\nWymiary kamienia: kulka ok. 8mm<br \/>\nKolory: przewaga zielonego<\/p>\n","protected":false},"featured_media":5648,"comment_status":"open","ping_status":"closed","template":"","meta":[],"product_brand":[],"product_cat":[204,232,112,102,34,86,82,87,91,84,395,83],"product_tag":[],"class_list":{"0":"post-5605","1":"product","2":"type-product","3":"status-publish","4":"has-post-thumbnail","6":"product_cat-obfitosc","7":"product_cat-sila","8":"product_cat-zdrowie","9":"product_cat-zielony","10":"product_cat-amulety-i-talizmany","11":"product_cat-bizuteria","12":"product_cat-bransoletki","13":"product_cat-kamien","14":"product_cat-kolor","15":"product_cat-sklep-ezoteryczny","16":"product_cat-unakit","17":"product_cat-z-kamienia-amulety-i-talizmany","19":"first","20":"instock","21":"featured","22":"shipping-taxable","23":"purchasable","24":"product-type-simple"},"_links":{"self":[{"href":"https:\/\/izoteryk.pl\/index.php?rest_route=\/wp\/v2\/product\/5605","targetHints":{"allow":["GET"]}}],"collection":[{"href":"https:\/\/izoteryk.pl\/index.php?rest_route=\/wp\/v2\/product"}],"about":[{"href":"https:\/\/izoteryk.pl\/index.php?rest_route=\/wp\/v2\/types\/product"}],"replies":[{"embeddable":true,"href":"https:\/\/izoteryk.pl\/index.php?rest_route=%2Fwp%2Fv2%2Fcomments&post=5605"}],"wp:featuredmedia":[{"embeddable":true,"href":"https:\/\/izoteryk.pl\/index.php?rest_route=\/wp\/v2\/media\/5648"}],"wp:attachment":[{"href":"https:\/\/izoteryk.pl\/index.php?rest_route=%2Fwp%2Fv2%2Fmedia&parent=5605"}],"wp:term":[{"taxonomy":"product_brand","embeddable":true,"href":"https:\/\/izoteryk.pl\/index.php?rest_route=%2Fwp%2Fv2%2Fproduct_brand&post=5605"},{"taxonomy":"product_cat","embeddable":true,"href":"https:\/\/izoteryk.pl\/index.php?rest_route=%2Fwp%2Fv2%2Fproduct_cat&post=5605"},{"taxonomy":"product_tag","embeddable":true,"href":"https:\/\/izoteryk.pl\/index.php?rest_route=%2Fwp%2Fv2%2Fproduct_tag&post=5605"}],"curies":[{"name":"wp","href":"https:\/\/api.w.org\/{rel}","templated":true}]}}