{"id":5589,"date":"2024-06-25T16:44:51","date_gmt":"2024-06-25T14:44:51","guid":{"rendered":"https:\/\/izoteryk.pl\/?post_type=product&#038;p=5589"},"modified":"2026-01-28T17:24:41","modified_gmt":"2026-01-28T16:24:41","slug":"bransoletka-z-kamienia-hematyt-znak-zodiaku-baran-srednica-kulek-8mm","status":"publish","type":"product","link":"https:\/\/izoteryk.pl\/?product=bransoletka-z-kamienia-hematyt-znak-zodiaku-baran-srednica-kulek-8mm","title":{"rendered":"Bransoletka z kamienia &#8211; hematyt &#8211; znak zodiaku: BARAN &#8211; \u015brednica kulek 8mm"},"content":{"rendered":"<p>Bransoletka z kamienia hematyt jako kamie\u0144 g\u0142\u00f3wny i lawa prasowana jako kamie\u0144 dodatkowy &#8211; kulki 8mm oraz zawieszka BARAN koloru srebrnego.<\/p>\n<p>Hematyt kojarzony jest z ochron\u0105 i walk\u0105, a tak\u017ce z krwi\u0105, dlatego mo\u017ce dobrze wp\u0142ywa\u0107 na uk\u0142ad krwiono\u015bny, poza tym jest kamieniem oczyszczaj\u0105cym. Dawniej wojownicy nosili go podczas bitew \u2013 wierzyli, \u017ce doda im odwagi, b\u0119dzie ich chroni\u0142 i wspomaga\u0142 podczas walki.<\/p>\n<p>&nbsp;<\/p>\n<p>&nbsp;<\/p>\n","protected":false},"excerpt":{"rendered":"<p>SPECYFIKACJA:<\/p>\n<ul>\n<li>Stan: nowe<\/li>\n<li>Produkcja: Iza Studio ART<\/li>\n<li>Materia\u0142: kamie\u0144, metal<\/li>\n<li>\u015arednica kulek: 8mm<\/li>\n<li>Kamie\u0144: hematyt, lawa prasowana<\/li>\n<\/ul>\n","protected":false},"featured_media":5590,"comment_status":"open","ping_status":"closed","template":"","meta":[],"product_brand":[],"product_cat":[92,136,107,116,233,232,106,210,34,208,86,82,135,87,91,103,84,83,42,209],"product_tag":[394],"class_list":{"0":"post-5589","1":"product","2":"type-product","3":"status-publish","4":"has-post-thumbnail","6":"product_cat-czarny-kolor","7":"product_cat-grafitowy","8":"product_cat-ochrona","9":"product_cat-oczyszczanie","10":"product_cat-odwaga","11":"product_cat-sila","12":"product_cat-srebrny","13":"product_cat-01-baran","14":"product_cat-amulety-i-talizmany","15":"product_cat-astrologia","16":"product_cat-bizuteria","17":"product_cat-bransoletki","18":"product_cat-hematyt","19":"product_cat-kamien","20":"product_cat-kolor","21":"product_cat-lawa-wulkaniczna","22":"product_cat-sklep-ezoteryczny","23":"product_cat-z-kamienia-amulety-i-talizmany","24":"product_cat-z-metalu","25":"product_cat-znaki-zodiaku","26":"product_tag-bransoletki-damskie-zodiakalne-z-kamienia","28":"first","29":"instock","30":"shipping-taxable","31":"purchasable","32":"product-type-simple"},"_links":{"self":[{"href":"https:\/\/izoteryk.pl\/index.php?rest_route=\/wp\/v2\/product\/5589","targetHints":{"allow":["GET"]}}],"collection":[{"href":"https:\/\/izoteryk.pl\/index.php?rest_route=\/wp\/v2\/product"}],"about":[{"href":"https:\/\/izoteryk.pl\/index.php?rest_route=\/wp\/v2\/types\/product"}],"replies":[{"embeddable":true,"href":"https:\/\/izoteryk.pl\/index.php?rest_route=%2Fwp%2Fv2%2Fcomments&post=5589"}],"wp:featuredmedia":[{"embeddable":true,"href":"https:\/\/izoteryk.pl\/index.php?rest_route=\/wp\/v2\/media\/5590"}],"wp:attachment":[{"href":"https:\/\/izoteryk.pl\/index.php?rest_route=%2Fwp%2Fv2%2Fmedia&parent=5589"}],"wp:term":[{"taxonomy":"product_brand","embeddable":true,"href":"https:\/\/izoteryk.pl\/index.php?rest_route=%2Fwp%2Fv2%2Fproduct_brand&post=5589"},{"taxonomy":"product_cat","embeddable":true,"href":"https:\/\/izoteryk.pl\/index.php?rest_route=%2Fwp%2Fv2%2Fproduct_cat&post=5589"},{"taxonomy":"product_tag","embeddable":true,"href":"https:\/\/izoteryk.pl\/index.php?rest_route=%2Fwp%2Fv2%2Fproduct_tag&post=5589"}],"curies":[{"name":"wp","href":"https:\/\/api.w.org\/{rel}","templated":true}]}}