{"id":5581,"date":"2024-06-25T13:51:20","date_gmt":"2024-06-25T11:51:20","guid":{"rendered":"https:\/\/izoteryk.pl\/?post_type=product&#038;p=5581"},"modified":"2026-01-28T17:24:42","modified_gmt":"2026-01-28T16:24:42","slug":"bransoletka-z-kamienia-hematyt-srednica-4-i-3mm","status":"publish","type":"product","link":"https:\/\/izoteryk.pl\/?product=bransoletka-z-kamienia-hematyt-srednica-4-i-3mm","title":{"rendered":"Bransoletka z kamienia &#8211; hematyt &#8211; \u015brednica 4 i 3mm"},"content":{"rendered":"<p>Bransoletka z kamienia hematytu &#8211; Koraliki 4x6mm i kulki fasetowane z\u0142oty mat 3mm.<\/p>\n<p>Hematyt kojarzony jest z ochron\u0105 i walk\u0105, a tak\u017ce z krwi\u0105, dlatego mo\u017ce dobrze wp\u0142ywa\u0107 na uk\u0142ad krwiono\u015bny, poza tym jest kamieniem oczyszczaj\u0105cym. Dawniej wojownicy nosili go podczas bitew \u2013 wierzyli, \u017ce doda im odwagi, b\u0119dzie ich chroni\u0142 i wspomaga\u0142 podczas walki.<\/p>\n<p>Kamie\u0144 ten jest odpowiedni dla os\u00f3b spod znaku Barana i Strzelca.<\/p>\n<p>&nbsp;<\/p>\n","protected":false},"excerpt":{"rendered":"<p>SPECYFIKACJA:<\/p>\n<ul>\n<li>Stan: nowe<\/li>\n<li>Produkcja: Iza Studio ART<\/li>\n<li>Materia\u0142: kamie\u0144<\/li>\n<li>\u015arednica koralik\u00f3w: 4 i 3mm<\/li>\n<li>D\u0142ugo\u015b\u0107 koralik\u00f3w: 6 i 3mm<\/li>\n<li>Kamie\u0144: hematyt<\/li>\n<\/ul>\n","protected":false},"featured_media":5582,"comment_status":"open","ping_status":"closed","template":"","meta":[],"product_brand":[],"product_cat":[136,107,116,233,232,210,218,34,208,86,82,135,87,91,84,108,83,209],"product_tag":[],"class_list":{"0":"post-5581","1":"product","2":"type-product","3":"status-publish","4":"has-post-thumbnail","6":"product_cat-grafitowy","7":"product_cat-ochrona","8":"product_cat-oczyszczanie","9":"product_cat-odwaga","10":"product_cat-sila","11":"product_cat-01-baran","12":"product_cat-09-strzelec","13":"product_cat-amulety-i-talizmany","14":"product_cat-astrologia","15":"product_cat-bizuteria","16":"product_cat-bransoletki","17":"product_cat-hematyt","18":"product_cat-kamien","19":"product_cat-kolor","20":"product_cat-sklep-ezoteryczny","21":"product_cat-symbole","22":"product_cat-z-kamienia-amulety-i-talizmany","23":"product_cat-znaki-zodiaku","25":"first","26":"instock","27":"shipping-taxable","28":"purchasable","29":"product-type-simple"},"_links":{"self":[{"href":"https:\/\/izoteryk.pl\/index.php?rest_route=\/wp\/v2\/product\/5581","targetHints":{"allow":["GET"]}}],"collection":[{"href":"https:\/\/izoteryk.pl\/index.php?rest_route=\/wp\/v2\/product"}],"about":[{"href":"https:\/\/izoteryk.pl\/index.php?rest_route=\/wp\/v2\/types\/product"}],"replies":[{"embeddable":true,"href":"https:\/\/izoteryk.pl\/index.php?rest_route=%2Fwp%2Fv2%2Fcomments&post=5581"}],"wp:featuredmedia":[{"embeddable":true,"href":"https:\/\/izoteryk.pl\/index.php?rest_route=\/wp\/v2\/media\/5582"}],"wp:attachment":[{"href":"https:\/\/izoteryk.pl\/index.php?rest_route=%2Fwp%2Fv2%2Fmedia&parent=5581"}],"wp:term":[{"taxonomy":"product_brand","embeddable":true,"href":"https:\/\/izoteryk.pl\/index.php?rest_route=%2Fwp%2Fv2%2Fproduct_brand&post=5581"},{"taxonomy":"product_cat","embeddable":true,"href":"https:\/\/izoteryk.pl\/index.php?rest_route=%2Fwp%2Fv2%2Fproduct_cat&post=5581"},{"taxonomy":"product_tag","embeddable":true,"href":"https:\/\/izoteryk.pl\/index.php?rest_route=%2Fwp%2Fv2%2Fproduct_tag&post=5581"}],"curies":[{"name":"wp","href":"https:\/\/api.w.org\/{rel}","templated":true}]}}