{"id":5406,"date":"2024-04-27T18:47:51","date_gmt":"2024-04-27T16:47:51","guid":{"rendered":"https:\/\/izoteryk.pl\/?post_type=product&#038;p=5406"},"modified":"2026-01-28T17:38:47","modified_gmt":"2026-01-28T16:38:47","slug":"mozdzierz-kamienny","status":"publish","type":"product","link":"https:\/\/izoteryk.pl\/?product=mozdzierz-kamienny","title":{"rendered":"Mo\u017adzierz kamienny &#8211; jasny"},"content":{"rendered":"","protected":false},"excerpt":{"rendered":"<p>SPECYFIKACJA:<\/p>\n<ul>\n<li>Materia\u0142: kamie\u0144<\/li>\n<li>Wysoko\u015b\u0107: 10,5cm<\/li>\n<li>\u015arednica zewn\u0119trzna: 10 cm<\/li>\n<li>\u015arednica wewn\u0119trzna: 7 cm<\/li>\n<li>D\u0142ugo\u015b\u0107 t\u0142uczka: 12 cm<\/li>\n<\/ul>\n","protected":false},"featured_media":5408,"comment_status":"open","ping_status":"closed","template":"","meta":[],"product_brand":[],"product_cat":[148,366,84],"product_tag":[],"class_list":{"0":"post-5406","1":"product","2":"type-product","3":"status-publish","4":"has-post-thumbnail","6":"product_cat-akcesoria-magiczne","7":"product_cat-mozdzierze","8":"product_cat-sklep-ezoteryczny","9":"product_shipping_class-rozmiar-xl","11":"first","12":"instock","13":"shipping-taxable","14":"purchasable","15":"product-type-simple"},"_links":{"self":[{"href":"https:\/\/izoteryk.pl\/index.php?rest_route=\/wp\/v2\/product\/5406","targetHints":{"allow":["GET"]}}],"collection":[{"href":"https:\/\/izoteryk.pl\/index.php?rest_route=\/wp\/v2\/product"}],"about":[{"href":"https:\/\/izoteryk.pl\/index.php?rest_route=\/wp\/v2\/types\/product"}],"replies":[{"embeddable":true,"href":"https:\/\/izoteryk.pl\/index.php?rest_route=%2Fwp%2Fv2%2Fcomments&post=5406"}],"wp:featuredmedia":[{"embeddable":true,"href":"https:\/\/izoteryk.pl\/index.php?rest_route=\/wp\/v2\/media\/5408"}],"wp:attachment":[{"href":"https:\/\/izoteryk.pl\/index.php?rest_route=%2Fwp%2Fv2%2Fmedia&parent=5406"}],"wp:term":[{"taxonomy":"product_brand","embeddable":true,"href":"https:\/\/izoteryk.pl\/index.php?rest_route=%2Fwp%2Fv2%2Fproduct_brand&post=5406"},{"taxonomy":"product_cat","embeddable":true,"href":"https:\/\/izoteryk.pl\/index.php?rest_route=%2Fwp%2Fv2%2Fproduct_cat&post=5406"},{"taxonomy":"product_tag","embeddable":true,"href":"https:\/\/izoteryk.pl\/index.php?rest_route=%2Fwp%2Fv2%2Fproduct_tag&post=5406"}],"curies":[{"name":"wp","href":"https:\/\/api.w.org\/{rel}","templated":true}]}}