{"id":5394,"date":"2024-04-27T12:04:19","date_gmt":"2024-04-27T10:04:19","guid":{"rendered":"https:\/\/izoteryk.pl\/?post_type=product&#038;p=5394"},"modified":"2026-01-28T17:38:47","modified_gmt":"2026-01-28T16:38:47","slug":"karty-lenormand-blue-owl","status":"publish","type":"product","link":"https:\/\/izoteryk.pl\/?product=karty-lenormand-blue-owl","title":{"rendered":"Karty Lenormand &#8211; Blue Owl"},"content":{"rendered":"<p>Niebieska Sowa<\/p>\n<p>Lenormand s\u0105 bardzo popularnymi kartami do wr\u00f3\u017cenia &#8211; ich nazwa wywodzi si\u0119 od Marie Anne Adelaide Lenormand, kt\u00f3ra \u017cy\u0142a na prze\u0142omie XVIII i XIX wieku i by\u0142a bardzo popularn\u0105 francusk\u0105 wr\u00f3\u017cbitk\u0105 s\u0142yn\u0105c\u0105 ze swych przepowiedni.<\/p>\n","protected":false},"excerpt":{"rendered":"<p>SPECYFIKACJA:<\/p>\n<ul>\n<li>Stan: nowe<\/li>\n<li>Wymiary opakowania: 65x95mm<\/li>\n<li>Ilo\u015b\u0107: 36 kart<\/li>\n<\/ul>\n","protected":false},"featured_media":5395,"comment_status":"open","ping_status":"closed","template":"","meta":[],"product_brand":[],"product_cat":[148,197,200,84],"product_tag":[],"class_list":{"0":"post-5394","1":"product","2":"type-product","3":"status-publish","4":"has-post-thumbnail","6":"product_cat-akcesoria-magiczne","7":"product_cat-karty-do-wrozenia","8":"product_cat-lenormand","9":"product_cat-sklep-ezoteryczny","11":"first","12":"instock","13":"shipping-taxable","14":"purchasable","15":"product-type-simple"},"_links":{"self":[{"href":"https:\/\/izoteryk.pl\/index.php?rest_route=\/wp\/v2\/product\/5394","targetHints":{"allow":["GET"]}}],"collection":[{"href":"https:\/\/izoteryk.pl\/index.php?rest_route=\/wp\/v2\/product"}],"about":[{"href":"https:\/\/izoteryk.pl\/index.php?rest_route=\/wp\/v2\/types\/product"}],"replies":[{"embeddable":true,"href":"https:\/\/izoteryk.pl\/index.php?rest_route=%2Fwp%2Fv2%2Fcomments&post=5394"}],"wp:featuredmedia":[{"embeddable":true,"href":"https:\/\/izoteryk.pl\/index.php?rest_route=\/wp\/v2\/media\/5395"}],"wp:attachment":[{"href":"https:\/\/izoteryk.pl\/index.php?rest_route=%2Fwp%2Fv2%2Fmedia&parent=5394"}],"wp:term":[{"taxonomy":"product_brand","embeddable":true,"href":"https:\/\/izoteryk.pl\/index.php?rest_route=%2Fwp%2Fv2%2Fproduct_brand&post=5394"},{"taxonomy":"product_cat","embeddable":true,"href":"https:\/\/izoteryk.pl\/index.php?rest_route=%2Fwp%2Fv2%2Fproduct_cat&post=5394"},{"taxonomy":"product_tag","embeddable":true,"href":"https:\/\/izoteryk.pl\/index.php?rest_route=%2Fwp%2Fv2%2Fproduct_tag&post=5394"}],"curies":[{"name":"wp","href":"https:\/\/api.w.org\/{rel}","templated":true}]}}