{"id":5383,"date":"2024-04-27T10:18:13","date_gmt":"2024-04-27T08:18:13","guid":{"rendered":"https:\/\/izoteryk.pl\/?post_type=product&#038;p=5383"},"modified":"2026-01-28T17:38:47","modified_gmt":"2026-01-28T16:38:47","slug":"bransoletka-z-kamienia-kwarc-rozowy-kulki-8mm","status":"publish","type":"product","link":"https:\/\/izoteryk.pl\/?product=bransoletka-z-kamienia-kwarc-rozowy-kulki-8mm","title":{"rendered":"Bransoletka z kamienia &#8211; kwarc r\u00f3\u017cowy &#8211; kulki 8mm"},"content":{"rendered":"<p>Bransoletka z kwarcu r\u00f3\u017cowego &#8211; na gumce jubilerskiej w\u0142oskowej.<\/p>\n<p>Gumka w\u0142oskowa sk\u0142ada si\u0119 z wielu cienkich gumeczek &#8211; jest elastyczna i trwa\u0142a, jednak jej trwa\u0142o\u015b\u0107 jak ka\u017cdej gumki jubilerskiej ma swoje granice &#8211; jej zalet\u0105 jest to, \u017ce nie p\u0119ka znienacka &#8211; kiedy bransoletka zrobi si\u0119 lu\u017ana lub wida\u0107 b\u0119dzie p\u0119kni\u0119cia pojedynczych cienkich gumeczek, to znak, \u017ce nale\u017cy wymieni\u0107 gumk\u0119 na now\u0105.<\/p>\n<p>Kwarc r\u00f3\u017cowy jest uwa\u017cany za kamie\u0144 przyci\u0105gaj\u0105cy mi\u0142o\u015b\u0107 &#8211; wspiera w okazywaniu i przyjmowaniu uczu\u0107<\/p>\n","protected":false},"excerpt":{"rendered":"<p>SPECYFIKACJA:<br \/>\nStan: nowe<br \/>\nKamie\u0144: kwarc r\u00f3\u017cowy<br \/>\nWymiary kamienia: kulka 8mm<br \/>\nKolory: r\u00f3\u017cowy<\/p>\n","protected":false},"featured_media":5384,"comment_status":"open","ping_status":"closed","template":"","meta":[],"product_brand":[],"product_cat":[85,120,34,82,87,91,119,84,83],"product_tag":[],"class_list":{"0":"post-5383","1":"product","2":"type-product","3":"status-publish","4":"has-post-thumbnail","6":"product_cat-milosc","7":"product_cat-rozowy","8":"product_cat-amulety-i-talizmany","9":"product_cat-bransoletki","10":"product_cat-kamien","11":"product_cat-kolor","12":"product_cat-kwarc-rozowy-kamien","13":"product_cat-sklep-ezoteryczny","14":"product_cat-z-kamienia-amulety-i-talizmany","16":"first","17":"instock","18":"featured","19":"shipping-taxable","20":"purchasable","21":"product-type-simple"},"_links":{"self":[{"href":"https:\/\/izoteryk.pl\/index.php?rest_route=\/wp\/v2\/product\/5383","targetHints":{"allow":["GET"]}}],"collection":[{"href":"https:\/\/izoteryk.pl\/index.php?rest_route=\/wp\/v2\/product"}],"about":[{"href":"https:\/\/izoteryk.pl\/index.php?rest_route=\/wp\/v2\/types\/product"}],"replies":[{"embeddable":true,"href":"https:\/\/izoteryk.pl\/index.php?rest_route=%2Fwp%2Fv2%2Fcomments&post=5383"}],"wp:featuredmedia":[{"embeddable":true,"href":"https:\/\/izoteryk.pl\/index.php?rest_route=\/wp\/v2\/media\/5384"}],"wp:attachment":[{"href":"https:\/\/izoteryk.pl\/index.php?rest_route=%2Fwp%2Fv2%2Fmedia&parent=5383"}],"wp:term":[{"taxonomy":"product_brand","embeddable":true,"href":"https:\/\/izoteryk.pl\/index.php?rest_route=%2Fwp%2Fv2%2Fproduct_brand&post=5383"},{"taxonomy":"product_cat","embeddable":true,"href":"https:\/\/izoteryk.pl\/index.php?rest_route=%2Fwp%2Fv2%2Fproduct_cat&post=5383"},{"taxonomy":"product_tag","embeddable":true,"href":"https:\/\/izoteryk.pl\/index.php?rest_route=%2Fwp%2Fv2%2Fproduct_tag&post=5383"}],"curies":[{"name":"wp","href":"https:\/\/api.w.org\/{rel}","templated":true}]}}