{"id":5377,"date":"2024-04-18T01:54:41","date_gmt":"2024-04-17T23:54:41","guid":{"rendered":"https:\/\/izoteryk.pl\/?post_type=product&#038;p=5377"},"modified":"2026-01-28T17:38:47","modified_gmt":"2026-01-28T16:38:47","slug":"wahadelko-z-kamienia-ametyst","status":"publish","type":"product","link":"https:\/\/izoteryk.pl\/?product=wahadelko-z-kamienia-ametyst","title":{"rendered":"Wahade\u0142ko z kamienia &#8211; ametyst"},"content":{"rendered":"<p>Pi\u0119kne wahade\u0142ko wykonane z kamienia &#8211; ametyst, zawieszone na \u0142a\u0144cuszku koloru srebrnego zako\u0144czonym ozdobnym koralikiem.<\/p>\n<p>Jednym z popularnych zastosowa\u0144 wahade\u0142ka jest poznawanie swojej w\u0142asnej pod\u015bwiadomo\u015bci &#8211; uzyskuj\u0105c odpowied\u017a tak lub nie mo\u017cna du\u017co si\u0119 dowiedzie\u0107 o sobie samym. Aby ustali\u0107 w kt\u00f3r\u0105 stron\u0119 wahade\u0142ko kr\u0119ci si\u0119 daj\u0105c odpowied\u017a tak a w kt\u00f3r\u0105 nie nale\u017cy zada\u0107 pytanie na kt\u00f3re zna si\u0119 odpowied\u017a i zaobserwowa\u0107 reakcj\u0119 wahade\u0142ka.<\/p>\n","protected":false},"excerpt":{"rendered":"<p>SPECYFIKACJA:<\/p>\n<ul>\n<li>Stan: nowe<\/li>\n<li>Kamie\u0144: ametyst<\/li>\n<li>d\u0142ugo\u015b\u0107 kamienia: 35mm<\/li>\n<li>Kolor kamienia: ciemno fioletowy<\/li>\n<li>Materia\u0142: Kamie\u0144, metal<\/li>\n<li>Kolor \u0142a\u0144cuszka: srebrny<\/li>\n<\/ul>\n","protected":false},"featured_media":5378,"comment_status":"open","ping_status":"closed","template":"","meta":[],"product_brand":[],"product_cat":[139,133,106,148,138,87,91,84,157,83],"product_tag":[],"class_list":{"0":"post-5377","1":"product","2":"type-product","3":"status-publish","4":"has-post-thumbnail","6":"product_cat-fioletowy","7":"product_cat-intuicja","8":"product_cat-srebrny","9":"product_cat-akcesoria-magiczne","10":"product_cat-ametyst","11":"product_cat-kamien","12":"product_cat-kolor","13":"product_cat-sklep-ezoteryczny","14":"product_cat-wahadelka","15":"product_cat-z-kamienia-amulety-i-talizmany","17":"first","18":"instock","19":"shipping-taxable","20":"purchasable","21":"product-type-simple"},"_links":{"self":[{"href":"https:\/\/izoteryk.pl\/index.php?rest_route=\/wp\/v2\/product\/5377","targetHints":{"allow":["GET"]}}],"collection":[{"href":"https:\/\/izoteryk.pl\/index.php?rest_route=\/wp\/v2\/product"}],"about":[{"href":"https:\/\/izoteryk.pl\/index.php?rest_route=\/wp\/v2\/types\/product"}],"replies":[{"embeddable":true,"href":"https:\/\/izoteryk.pl\/index.php?rest_route=%2Fwp%2Fv2%2Fcomments&post=5377"}],"wp:featuredmedia":[{"embeddable":true,"href":"https:\/\/izoteryk.pl\/index.php?rest_route=\/wp\/v2\/media\/5378"}],"wp:attachment":[{"href":"https:\/\/izoteryk.pl\/index.php?rest_route=%2Fwp%2Fv2%2Fmedia&parent=5377"}],"wp:term":[{"taxonomy":"product_brand","embeddable":true,"href":"https:\/\/izoteryk.pl\/index.php?rest_route=%2Fwp%2Fv2%2Fproduct_brand&post=5377"},{"taxonomy":"product_cat","embeddable":true,"href":"https:\/\/izoteryk.pl\/index.php?rest_route=%2Fwp%2Fv2%2Fproduct_cat&post=5377"},{"taxonomy":"product_tag","embeddable":true,"href":"https:\/\/izoteryk.pl\/index.php?rest_route=%2Fwp%2Fv2%2Fproduct_tag&post=5377"}],"curies":[{"name":"wp","href":"https:\/\/api.w.org\/{rel}","templated":true}]}}