{"id":5373,"date":"2024-04-18T01:52:12","date_gmt":"2024-04-17T23:52:12","guid":{"rendered":"https:\/\/izoteryk.pl\/?post_type=product&#038;p=5373"},"modified":"2026-01-28T17:38:48","modified_gmt":"2026-01-28T16:38:48","slug":"obraczka-runy-duzy-rozmiar","status":"publish","type":"product","link":"https:\/\/izoteryk.pl\/?product=obraczka-runy-duzy-rozmiar","title":{"rendered":"Obr\u0105czka &#8211; runy &#8211; du\u017cy rozmiar"},"content":{"rendered":"<p>Stylowa metalowa obr\u0105czka z wygrawerowanymi runami klasycznymi &#8211; bi\u017cuteria m\u0119ska &#8211; \u015brednica wewn\u0119trzna 20mm<\/p>\n","protected":false},"excerpt":{"rendered":"<p>SPECYFIKACJA<\/p>\n<ul>\n<li>Materia\u0142: metal<\/li>\n<li>Kolor: grafitowy<\/li>\n<li>\u015arednica wewn\u0119trzna: 20mm<\/li>\n<\/ul>\n","protected":false},"featured_media":5374,"comment_status":"open","ping_status":"closed","template":"","meta":[],"product_brand":[],"product_cat":[136,34,86,35,346,91,37,84,42],"product_tag":[],"class_list":{"0":"post-5373","1":"product","2":"type-product","3":"status-publish","4":"has-post-thumbnail","6":"product_cat-grafitowy","7":"product_cat-amulety-i-talizmany","8":"product_cat-bizuteria","9":"product_cat-futhark","10":"product_cat-klasyczne-runy","11":"product_cat-kolor","12":"product_cat-runy","13":"product_cat-sklep-ezoteryczny","14":"product_cat-z-metalu","16":"first","17":"instock","18":"shipping-taxable","19":"purchasable","20":"product-type-simple"},"_links":{"self":[{"href":"https:\/\/izoteryk.pl\/index.php?rest_route=\/wp\/v2\/product\/5373","targetHints":{"allow":["GET"]}}],"collection":[{"href":"https:\/\/izoteryk.pl\/index.php?rest_route=\/wp\/v2\/product"}],"about":[{"href":"https:\/\/izoteryk.pl\/index.php?rest_route=\/wp\/v2\/types\/product"}],"replies":[{"embeddable":true,"href":"https:\/\/izoteryk.pl\/index.php?rest_route=%2Fwp%2Fv2%2Fcomments&post=5373"}],"wp:featuredmedia":[{"embeddable":true,"href":"https:\/\/izoteryk.pl\/index.php?rest_route=\/wp\/v2\/media\/5374"}],"wp:attachment":[{"href":"https:\/\/izoteryk.pl\/index.php?rest_route=%2Fwp%2Fv2%2Fmedia&parent=5373"}],"wp:term":[{"taxonomy":"product_brand","embeddable":true,"href":"https:\/\/izoteryk.pl\/index.php?rest_route=%2Fwp%2Fv2%2Fproduct_brand&post=5373"},{"taxonomy":"product_cat","embeddable":true,"href":"https:\/\/izoteryk.pl\/index.php?rest_route=%2Fwp%2Fv2%2Fproduct_cat&post=5373"},{"taxonomy":"product_tag","embeddable":true,"href":"https:\/\/izoteryk.pl\/index.php?rest_route=%2Fwp%2Fv2%2Fproduct_tag&post=5373"}],"curies":[{"name":"wp","href":"https:\/\/api.w.org\/{rel}","templated":true}]}}